{"id":157468,"date":"2025-02-10T13:22:52","date_gmt":"2025-02-10T13:22:52","guid":{"rendered":"https:\/\/nexgendecors.com\/en\/product\/jeaek-antique-wax-cowhide-bed-1-8-meters-edge-master-bedroom-soft-packed-bed-designer-new-double-wedding-bed\/"},"modified":"2025-04-06T09:51:47","modified_gmt":"2025-04-06T09:51:47","slug":"jeaek-lit-en-cuir-de-vache-cire-antique-1-8-metres-de-bord-chambre-principale-lit-emballe-moelleux-nouveau-lit-de-mariage-double-design","status":"publish","type":"product","link":"https:\/\/nexgendecors.com\/fr\/product\/jeaek-lit-en-cuir-de-vache-cire-antique-1-8-metres-de-bord-chambre-principale-lit-emballe-moelleux-nouveau-lit-de-mariage-double-design\/","title":{"rendered":"Lit double design Jeaek en cuir de vache cir\u00e9 antique"},"content":{"rendered":"<ul>\n<li><strong>marque<\/strong>:Meubles r\u00e9sidentiels JEAEK<\/li>\n<li><strong>mod\u00e8le<\/strong>:J358<\/li>\n<li><strong>Y a-t-il un espace de stockage ?<\/strong>:Non<\/li>\n<li><strong>Mati\u00e8re cuir<\/strong>:Cuir cir\u00e9 \u00e0 l&#039;huile<\/li>\n<li><strong>style<\/strong>:Style m\u00e9di\u00e9val<\/li>\n<li><strong>Fonctionnalit\u00e9s suppl\u00e9mentaires<\/strong>:Autre<\/li>\n<li><strong>Volume d&#039;emballage<\/strong>:1<\/li>\n<li><strong>Est-ce personnalisable ?<\/strong>:Oui<\/li>\n<li><strong>forme<\/strong>:rectangle<\/li>\n<li><strong>Faut-il apporter un support souple<\/strong>:Oui<\/li>\n<li><strong>Mat\u00e9riel<\/strong>:Couche sup\u00e9rieure de cuir de vache<\/li>\n<li><strong>Structure du meuble<\/strong>:Cadre<\/li>\n<li><strong>Nombre de personnes applicable<\/strong>:2 personnes<\/li>\n<li><strong>taille<\/strong>:1500mm*2000mm 1800mm*2000mm<\/li>\n<li><strong>Livraison\/installation disponible<\/strong>:Foshan Zhengzhou Guiyang Guangzhou Fuzhou Harbin Xiamen Chongqing Dezhou Changzhou Suzhou Xi&#039;an Shenzhen Nanjing P\u00e9kin Changsha Qingdao Wuxi Chengdu Shanghai Huainan Wuhan Nanning Shenyang Dalian Taizhou Dongguan Tianjin Jinhua Hangzhou Nanchang Ningbo Wenzhou<\/li>\n<li><strong>Artisanat du cuir<\/strong>:Cuir de vache cir\u00e9<\/li>\n<li><strong>trier par couleur<\/strong>:[Peau de vache cir\u00e9e import\u00e9e + bois de fr\u00eane] + 1 armoire + matelas double face Tencel import\u00e9 Seven Star [Peau de vache cir\u00e9e import\u00e9e + bois de fr\u00eane] + 2 armoires + matelas double face Tencel import\u00e9 Seven Star [prend en charge la s\u00e9lection des couleurs, la taille, la personnalisation du stockage de la pression d&#039;air] Pour plus de d\u00e9tails, veuillez consulter le consultant de Jeaek Home [Peau de vache cir\u00e9e import\u00e9e + bois de fr\u00eane] + 2 armoires [Peau de vache cir\u00e9e import\u00e9e + bois de fr\u00eane] + 2 armoires + matelas de protection de la colonne vert\u00e9brale en cocotier peut \u00eatre personnalis\u00e9 gratuitement [Planches de bois massif silencieuses 3D import\u00e9es] Pour plus de d\u00e9tails, veuillez consulter le consultant de Jeaek Home [Peau de vache cir\u00e9e import\u00e9e + bois de fr\u00eane] Lit simple [Peau de vache cir\u00e9e \u00e0 l&#039;huile import\u00e9e + bois de fr\u00eane] + matelas double face Tencel import\u00e9 Seven Star [Peau de vache cir\u00e9e \u00e0 l&#039;huile import\u00e9e + bois de fr\u00eane] + explorez un sommeil confortable matelas enti\u00e8rement d\u00e9mont\u00e9 en coton et lin [Peau de vache cir\u00e9e \u00e0 l&#039;huile import\u00e9e + bois de fr\u00eane] + 1 armoire + explorez un sommeil confortable Matelas enti\u00e8rement d\u00e9mont\u00e9 en coton et lin [Peau de vache huil\u00e9e import\u00e9e + bois de fr\u00eane] + 1 armoire [Peau de vache huil\u00e9e import\u00e9e + bois de fr\u00eane] + 2 armoires + explorez un sommeil confortable Matelas enti\u00e8rement d\u00e9mont\u00e9 en coton et lin [Peau de vache huil\u00e9e import\u00e9e + bois de fr\u00eane] + Matelas de protection de cr\u00eate de cocotier [Peau de vache huil\u00e9e import\u00e9e + bois de fr\u00eane] + 1 armoire + Matelas de protection de cr\u00eate de cocotier<\/li>\n<li><strong><\/strong>:<\/li>\n<\/ul>","protected":false},"excerpt":{"rendered":"<p>brand:JEAEK residential furniture model:J358 Is there storage space?:no Leather material:Oil wax leather style:Medieval style Additional Features:Other Packing volume:1 Is it<\/p>","protected":false},"featured_media":157510,"comment_status":"open","ping_status":"closed","template":"","meta":[],"product_brand":[],"product_cat":[30815,30858,30892,30862],"product_tag":[30891],"class_list":{"0":"post-157468","1":"product","2":"type-product","3":"status-publish","4":"has-post-thumbnail","6":"product_cat-beds","7":"product_cat-wholesale-bedroom","8":"product_cat-export","9":"product_cat-wholesales-hotels","10":"product_tag-title-adjust","12":"first","13":"instock","14":"taxable","15":"shipping-taxable","16":"purchasable","17":"product-type-variable"},"_links":{"self":[{"href":"https:\/\/nexgendecors.com\/fr\/wp-json\/wp\/v2\/product\/157468","targetHints":{"allow":["GET"]}}],"collection":[{"href":"https:\/\/nexgendecors.com\/fr\/wp-json\/wp\/v2\/product"}],"about":[{"href":"https:\/\/nexgendecors.com\/fr\/wp-json\/wp\/v2\/types\/product"}],"replies":[{"embeddable":true,"href":"https:\/\/nexgendecors.com\/fr\/wp-json\/wp\/v2\/comments?post=157468"}],"version-history":[{"count":0,"href":"https:\/\/nexgendecors.com\/fr\/wp-json\/wp\/v2\/product\/157468\/revisions"}],"wp:featuredmedia":[{"embeddable":true,"href":"https:\/\/nexgendecors.com\/fr\/wp-json\/wp\/v2\/media\/157510"}],"wp:attachment":[{"href":"https:\/\/nexgendecors.com\/fr\/wp-json\/wp\/v2\/media?parent=157468"}],"wp:term":[{"taxonomy":"product_brand","embeddable":true,"href":"https:\/\/nexgendecors.com\/fr\/wp-json\/wp\/v2\/product_brand?post=157468"},{"taxonomy":"product_cat","embeddable":true,"href":"https:\/\/nexgendecors.com\/fr\/wp-json\/wp\/v2\/product_cat?post=157468"},{"taxonomy":"product_tag","embeddable":true,"href":"https:\/\/nexgendecors.com\/fr\/wp-json\/wp\/v2\/product_tag?post=157468"}],"curies":[{"name":"wp","href":"https:\/\/api.w.org\/{rel}","templated":true}]}}