{"id":157564,"date":"2025-02-10T13:26:37","date_gmt":"2025-02-10T13:26:37","guid":{"rendered":"https:\/\/nexgendecors.com\/en\/product\/jeaek-italian-minimalist-leather-bed-modern-tofu-block-bed-simple-master-bedroom-bed-designer-soft-double-bed\/"},"modified":"2025-04-06T09:51:55","modified_gmt":"2025-04-06T09:51:55","slug":"jeaek-italian-minimalist-leather-bed-modern-tofu-block-bed-simple-master-bedroom-bed-designer-soft-double-bed","status":"publish","type":"product","link":"https:\/\/nexgendecors.com\/fr\/product\/jeaek-italian-minimalist-leather-bed-modern-tofu-block-bed-simple-master-bedroom-bed-designer-soft-double-bed\/","title":{"rendered":"Lit bloc en cuir minimaliste italien Jeaek"},"content":{"rendered":"<ul>\n<li><strong>marque<\/strong>:Meubles r\u00e9sidentiels JEAEK<\/li>\n<li><strong>mod\u00e8le<\/strong>:J092<\/li>\n<li><strong>Mat\u00e9riel<\/strong>:Bois<\/li>\n<li><strong>style<\/strong>:Minimalisme italien<\/li>\n<li><strong>forme<\/strong>:Carr\u00e9<\/li>\n<li><strong>taille<\/strong>:1500mm*2000mm 1800mm*2000mm<\/li>\n<li><strong>Nombre de personnes applicable<\/strong>:2 personnes<\/li>\n<li><strong>trier par couleur<\/strong>:Imported top-layer cowhide bed Sprinkle series Imported top-layer cowhide bed + 1 cabinet Imported top-layer cowhide bed + two cabinets Imported top-layer cowhide bed + cashmere coconut palm spine protection mattress Imported top-layer cowhide bed + five-star silver ion latex mattress Imported top-layer cowhide bed + seven-star imported Tencel double-sided mattress Imported top-layer cowhide bed + 1 cabinet + cashmere coconut palm spine protection mattress Imported top-layer cowhide bed + two cabinets + cashmere coconut palm spine protection mattress Imported top-layer cowhide bed + 1 cabinet + five-star silver ion latex mattress Imported top-layer cowhide bed + two cabinets + five-star silver ion latex mattress Imported top-layer cowhide bed + 1 cabinet + seven-star imported Tencel double-sided mattress Imported top-layer cowhide bed + two cabinets + seven-star imported Tencel double-sided mattress [Supports color, size, air pressure storage customization] For details, please consult jeaek home consultant for customization [Imported 3D silent solid wood bed board] For details, please consult jeaek home consultant<\/li>\n<li><strong>Est-ce personnalisable ?<\/strong>:Oui<\/li>\n<li><strong>Faut-il apporter un support souple<\/strong>:Oui<\/li>\n<li><strong>Fonctionnalit\u00e9s suppl\u00e9mentaires<\/strong>:Autre<\/li>\n<li><strong>Y a-t-il un espace de stockage ?<\/strong>:Non<\/li>\n<li><strong>Structure du meuble<\/strong>:Cadre<\/li>\n<li><strong>Artisanat du cuir<\/strong>:Gaufrage<\/li>\n<li><strong>Mati\u00e8re cuir<\/strong>:Cuir v\u00e9ritable<\/li>\n<li><strong>Type de cuir<\/strong>:Surface de contact en cuir<\/li>\n<li><strong>Livraison\/installation disponible<\/strong>:P\u00e9kin Nanchang Harbin Dalian Shenyang Xi&#039;an Guiyang Zhengzhou Jinhua Changsha Changzhou Chengdu Dongguan Foshan Fuzhou Guangzhou Hangzhou Nanjing Nanning Ningbo Qingdao Shanghai Shenzhen Suzhou Taizhou Tianjin Wenzhou Wuxi Wuhan Xiamen Chongqing<\/li>\n<li><strong>Volume d&#039;emballage<\/strong>:1<\/li>\n<\/ul>","protected":false},"excerpt":{"rendered":"<p>Marque : JEAEK meubles r\u00e9sidentiels mod\u00e8le : J092 Mat\u00e9riau : bois style : minimalisme italien forme : carr\u00e9 taille : 1500 mm * 2000 mm 1800 mm * 2000 mm Nombre de personnes applicable : 2 personnes trier par couleur : cuir de vachette import\u00e9 couche sup\u00e9rieure<\/p>","protected":false},"featured_media":157598,"comment_status":"open","ping_status":"closed","template":"","meta":[],"product_brand":[],"product_cat":[30815,30858,30892,30862,30904],"product_tag":[30891],"class_list":{"0":"post-157564","1":"product","2":"type-product","3":"status-publish","4":"has-post-thumbnail","6":"product_cat-beds","7":"product_cat-wholesale-bedroom","8":"product_cat-export","9":"product_cat-wholesales-hotels","10":"product_cat-trending-furniture","11":"product_tag-title-adjust","13":"first","14":"instock","15":"taxable","16":"shipping-taxable","17":"purchasable","18":"product-type-variable"},"_links":{"self":[{"href":"https:\/\/nexgendecors.com\/fr\/wp-json\/wp\/v2\/product\/157564","targetHints":{"allow":["GET"]}}],"collection":[{"href":"https:\/\/nexgendecors.com\/fr\/wp-json\/wp\/v2\/product"}],"about":[{"href":"https:\/\/nexgendecors.com\/fr\/wp-json\/wp\/v2\/types\/product"}],"replies":[{"embeddable":true,"href":"https:\/\/nexgendecors.com\/fr\/wp-json\/wp\/v2\/comments?post=157564"}],"version-history":[{"count":0,"href":"https:\/\/nexgendecors.com\/fr\/wp-json\/wp\/v2\/product\/157564\/revisions"}],"wp:featuredmedia":[{"embeddable":true,"href":"https:\/\/nexgendecors.com\/fr\/wp-json\/wp\/v2\/media\/157598"}],"wp:attachment":[{"href":"https:\/\/nexgendecors.com\/fr\/wp-json\/wp\/v2\/media?parent=157564"}],"wp:term":[{"taxonomy":"product_brand","embeddable":true,"href":"https:\/\/nexgendecors.com\/fr\/wp-json\/wp\/v2\/product_brand?post=157564"},{"taxonomy":"product_cat","embeddable":true,"href":"https:\/\/nexgendecors.com\/fr\/wp-json\/wp\/v2\/product_cat?post=157564"},{"taxonomy":"product_tag","embeddable":true,"href":"https:\/\/nexgendecors.com\/fr\/wp-json\/wp\/v2\/product_tag?post=157564"}],"curies":[{"name":"wp","href":"https:\/\/api.w.org\/{rel}","templated":true}]}}