{"id":157609,"date":"2025-02-10T13:28:19","date_gmt":"2025-02-10T13:28:19","guid":{"rendered":"https:\/\/nexgendecors.com\/en\/product\/jeaek-medieval-style-fabric-bed-retro-cream-soft-bed-simple-small-size-bed-1-8m-double-bed\/"},"modified":"2025-04-06T09:51:58","modified_gmt":"2025-04-06T09:51:58","slug":"jeaek-lit-en-tissu-de-style-medieval-retro-creme-lit-doux-lit-simple-petite-taille-lit-double-1-8m","status":"publish","type":"product","link":"https:\/\/nexgendecors.com\/fr\/product\/jeaek-lit-en-tissu-de-style-medieval-retro-creme-lit-doux-lit-simple-petite-taille-lit-double-1-8m\/","title":{"rendered":"Lit double Jeaek Retro Cream en tissu m\u00e9di\u00e9val 1,8 m"},"content":{"rendered":"<ul>\n<li><strong>marque<\/strong>:Meubles r\u00e9sidentiels JEAEK<\/li>\n<li><strong>mod\u00e8le<\/strong>:J408<\/li>\n<li><strong>Y a-t-il un espace de stockage ?<\/strong>:Non<\/li>\n<li><strong>style<\/strong>:Style m\u00e9di\u00e9val<\/li>\n<li><strong>Tissu<\/strong>:flanelle<\/li>\n<li><strong>Fonctionnalit\u00e9s suppl\u00e9mentaires<\/strong>:Autre<\/li>\n<li><strong>Volume d&#039;emballage<\/strong>:1<\/li>\n<li><strong>Est-ce personnalisable ?<\/strong>:Oui<\/li>\n<li><strong>forme<\/strong>:rectangle<\/li>\n<li><strong>Faut-il avoir un cadre de lit ?<\/strong>:Oui<\/li>\n<li><strong>Faut-il apporter un support souple<\/strong>:Oui<\/li>\n<li><strong>Mat\u00e9riel<\/strong>:Cendre<\/li>\n<li><strong>Structure du meuble<\/strong>:Cadre<\/li>\n<li><strong>Nombre de personnes applicable<\/strong>:2 personnes<\/li>\n<li><strong>taille<\/strong>:1350mm*2000mm 1500mm*2000mm 1800mm*2000mm<\/li>\n<li><strong>Technologie des tissus<\/strong>:autre<\/li>\n<li><strong>D\u00e9tails de style<\/strong>:autre<\/li>\n<li><strong>Livraison\/installation disponible<\/strong>:Foshan Zhengzhou Guiyang Guangzhou Fuzhou Harbin Xiamen Chongqing Changzhou Suzhou Xi&#039;an Shenzhen Nanjing P\u00e9kin Changsha Qingdao Wuxi Chengdu Shanghai Wuhan Nanning Shenyang Dalian Taizhou Dongguan Tianjin Jinhua Hangzhou Nanchang Ningbo Wenzhou<\/li>\n<li><strong>trier par couleur<\/strong>:[Velours cinq \u00e9toiles import\u00e9s + bois de fr\u00eane] + 1 armoire + matelas double face Tencel import\u00e9 sept \u00e9toiles [Velours cinq \u00e9toiles import\u00e9s + bois de fr\u00eane] + 2 armoires + matelas double face Tencel import\u00e9 sept \u00e9toiles [prend en charge la s\u00e9lection des couleurs, la taille, la personnalisation du stockage de la pression d&#039;air] Pour plus de d\u00e9tails, veuillez consulter le consultant de Jeaek Home [Velours cinq \u00e9toiles import\u00e9s + bois de fr\u00eane] + 2 armoires [Velours cinq \u00e9toiles import\u00e9s + bois de fr\u00eane] + 2 armoires + matelas de protection de la colonne vert\u00e9brale en cocotier peut \u00eatre personnalis\u00e9 gratuitement [Planches de bois massif silencieuses 3D import\u00e9es] Pour plus de d\u00e9tails, veuillez consulter le consultant de Jeaek Home [Velours cinq \u00e9toiles import\u00e9s + bois de fr\u00eane] Lit simple [Velours cinq \u00e9toiles import\u00e9s + bois de fr\u00eane] + matelas double face Tencel import\u00e9 sept \u00e9toiles [Velours cinq \u00e9toiles import\u00e9s + bois de fr\u00eane] + explorez le coton et le lin de sommeil confortable matelas enti\u00e8rement d\u00e9mont\u00e9 [Velours cinq \u00e9toiles import\u00e9s + bois de fr\u00eane] + 1 armoire + explorez le coton et le lin de sommeil confortable enti\u00e8rement Matelas d\u00e9mont\u00e9 [Velours cinq \u00e9toiles import\u00e9 + bois de fr\u00eane] + 1 armoire [Velours cinq \u00e9toiles import\u00e9 + bois de fr\u00eane] + 2 armoires + explorez le coton et le lin de couchage confortable Matelas enti\u00e8rement d\u00e9mont\u00e9 [Velours cinq \u00e9toiles import\u00e9 + bois de fr\u00eane] + Matelas de protection de la colonne vert\u00e9brale en cocotier [Velours cinq \u00e9toiles import\u00e9 + bois de fr\u00eane] + 1 armoire + Matelas de protection de la colonne vert\u00e9brale en cocotier<\/li>\n<li><strong><\/strong>:<\/li>\n<\/ul>","protected":false},"excerpt":{"rendered":"<p>brand:JEAEK residential furniture model:J408 Is there storage space?:no style:Medieval style Fabric:flannel Additional Features:Other Packing volume:1 Is it customizable?:yes shape:rectangle Whether<\/p>","protected":false},"featured_media":157666,"comment_status":"open","ping_status":"closed","template":"","meta":[],"product_brand":[],"product_cat":[30815,30858,30892,30862],"product_tag":[30891],"class_list":{"0":"post-157609","1":"product","2":"type-product","3":"status-publish","4":"has-post-thumbnail","6":"product_cat-beds","7":"product_cat-wholesale-bedroom","8":"product_cat-export","9":"product_cat-wholesales-hotels","10":"product_tag-title-adjust","12":"first","13":"instock","14":"taxable","15":"shipping-taxable","16":"purchasable","17":"product-type-variable"},"_links":{"self":[{"href":"https:\/\/nexgendecors.com\/fr\/wp-json\/wp\/v2\/product\/157609","targetHints":{"allow":["GET"]}}],"collection":[{"href":"https:\/\/nexgendecors.com\/fr\/wp-json\/wp\/v2\/product"}],"about":[{"href":"https:\/\/nexgendecors.com\/fr\/wp-json\/wp\/v2\/types\/product"}],"replies":[{"embeddable":true,"href":"https:\/\/nexgendecors.com\/fr\/wp-json\/wp\/v2\/comments?post=157609"}],"version-history":[{"count":0,"href":"https:\/\/nexgendecors.com\/fr\/wp-json\/wp\/v2\/product\/157609\/revisions"}],"wp:featuredmedia":[{"embeddable":true,"href":"https:\/\/nexgendecors.com\/fr\/wp-json\/wp\/v2\/media\/157666"}],"wp:attachment":[{"href":"https:\/\/nexgendecors.com\/fr\/wp-json\/wp\/v2\/media?parent=157609"}],"wp:term":[{"taxonomy":"product_brand","embeddable":true,"href":"https:\/\/nexgendecors.com\/fr\/wp-json\/wp\/v2\/product_brand?post=157609"},{"taxonomy":"product_cat","embeddable":true,"href":"https:\/\/nexgendecors.com\/fr\/wp-json\/wp\/v2\/product_cat?post=157609"},{"taxonomy":"product_tag","embeddable":true,"href":"https:\/\/nexgendecors.com\/fr\/wp-json\/wp\/v2\/product_tag?post=157609"}],"curies":[{"name":"wp","href":"https:\/\/api.w.org\/{rel}","templated":true}]}}