{"id":157670,"date":"2025-02-10T13:29:25","date_gmt":"2025-02-10T13:29:25","guid":{"rendered":"https:\/\/nexgendecors.com\/en\/product\/jeaek-italian-minimalist-stainless-steel-frame-suspended-bed-black-master-bedroom-soft-bag-bed-high-end-atmosphere-double-wedding-bed\/"},"modified":"2025-04-06T09:52:02","modified_gmt":"2025-04-06T09:52:02","slug":"jeaek-lit-suspendu-minimaliste-italien-avec-cadre-en-acier-inoxydable-noir-pour-chambre-principale-lit-souple-atmosphere-haut-de-gamme-lit-double-de-mariage","status":"publish","type":"product","link":"https:\/\/nexgendecors.com\/fr\/product\/jeaek-lit-suspendu-minimaliste-italien-avec-cadre-en-acier-inoxydable-noir-pour-chambre-principale-lit-souple-atmosphere-haut-de-gamme-lit-double-de-mariage\/","title":{"rendered":"Jeaek Lit italien minimaliste en acier inoxydable - Noir"},"content":{"rendered":"<ul>\n<li><strong>marque<\/strong>:Meubles r\u00e9sidentiels JEAEK<\/li>\n<li><strong>mod\u00e8le<\/strong>:J265<\/li>\n<li><strong>Y a-t-il un espace de stockage ?<\/strong>:Non<\/li>\n<li><strong>Mati\u00e8re cuir<\/strong>:Couche sup\u00e9rieure de cuir de vache<\/li>\n<li><strong>style<\/strong>:Minimalisme italien<\/li>\n<li><strong>Fonctionnalit\u00e9s suppl\u00e9mentaires<\/strong>:Autre<\/li>\n<li><strong>Volume d&#039;emballage<\/strong>:1<\/li>\n<li><strong>Est-ce personnalisable ?<\/strong>:Oui<\/li>\n<li><strong>forme<\/strong>:rectangle<\/li>\n<li><strong>Faut-il apporter un support souple<\/strong>:Oui<\/li>\n<li><strong>Mat\u00e9riel<\/strong>:Peau de vache<\/li>\n<li><strong>Structure du meuble<\/strong>:Structure suspendue<\/li>\n<li><strong>Nombre de personnes applicable<\/strong>:2 personnes<\/li>\n<li><strong>taille<\/strong>:1500mm*2000mm 1800mm*2000mm<\/li>\n<li><strong>Livraison\/installation disponible<\/strong>:Foshan Zhengzhou Guiyang Guangzhou Fuzhou Harbin Xiamen Chongqing Dezhou Changzhou Suzhou Xi&#039;an Shenzhen Nanjing P\u00e9kin Changsha Qingdao Wuxi Chengdu Shanghai Huainan Wuhan Nanning Shenyang Dalian Taizhou Dongguan Tianjin Jinhua Hangzhou Nanchang Ningbo Wenzhou<\/li>\n<li><strong>Artisanat du cuir<\/strong>:Gaufrage<\/li>\n<li><strong>trier par couleur<\/strong>: [Peau de vache fine de qualit\u00e9 S + base en acier inoxydable] lit + 1 armoire + matelas double face Tencel import\u00e9 sept \u00e9toiles [Peau de vache fine de qualit\u00e9 S + base en acier inoxydable] lit + 2 armoires + matelas double face Tencel import\u00e9 sept \u00e9toiles peut \u00eatre personnalis\u00e9 [couleur, taille, tissu] Consultez le service client pour une livraison d&#039;\u00e9chantillons gratuite [Peau de vache fine de qualit\u00e9 S + base en acier inoxydable] lit + 2 armoires [Peau de vache fine de qualit\u00e9 S + base en acier inoxydable] lit + 2 armoires + matelas de protection de cr\u00eate de cocotier [Peau de vache fine de qualit\u00e9 S + base en acier inoxydable] Lit simple Wales [Peau de vache fine de qualit\u00e9 S + base en acier inoxydable] lit + matelas de lit double face Tencel import\u00e9 sept \u00e9toiles [Peau de vache fine de qualit\u00e9 S + base en acier inoxydable] lit + matelas premium sweetnight deep sleep [Peau de vache fine de qualit\u00e9 S + base en acier inoxydable] lit + 1 armoire + matelas premium sweetnight deep sleep [Peau de vache fine de qualit\u00e9 S + base en acier inoxydable] lit + 1 armoire [peau de vache + base en acier inoxydable] lit + 1 armoire [peau de vache finement polie de qualit\u00e9 S + base en acier inoxydable] lit + 2 armoires + matelas premium Sweetnight Deep Sleep [peau de vache finement polie de qualit\u00e9 S + base en acier inoxydable] lit + matelas de protection en fa\u00eetage de cocotier [peau de vache finement polie de qualit\u00e9 S + base en acier inoxydable] lit + 1 armoire + matelas de protection en fa\u00eetage de cocotier<\/li>\n<li><strong><\/strong>:<\/li>\n<\/ul>","protected":false},"excerpt":{"rendered":"<p>marque:JEAEK mobilier r\u00e9sidentiel mod\u00e8le:J265 Y a-t-il un espace de rangement?:non Mat\u00e9riau du cuir:Couche sup\u00e9rieure de cuir de vache Style:Minimalisme italien Caract\u00e9ristiques suppl\u00e9mentaires:Autres Volume de l'emballage:1 pi\u00e8ce<\/p>","protected":false},"featured_media":157718,"comment_status":"open","ping_status":"closed","template":"","meta":[],"product_brand":[],"product_cat":[30815,30858,30898,30892,30862,30904],"product_tag":[30891],"class_list":{"0":"post-157670","1":"product","2":"type-product","3":"status-publish","4":"has-post-thumbnail","6":"product_cat-beds","7":"product_cat-wholesale-bedroom","8":"product_cat-bs-hotel","9":"product_cat-export","10":"product_cat-wholesales-hotels","11":"product_cat-trending-furniture","12":"product_tag-title-adjust","14":"first","15":"instock","16":"taxable","17":"shipping-taxable","18":"purchasable","19":"product-type-variable"},"_links":{"self":[{"href":"https:\/\/nexgendecors.com\/fr\/wp-json\/wp\/v2\/product\/157670","targetHints":{"allow":["GET"]}}],"collection":[{"href":"https:\/\/nexgendecors.com\/fr\/wp-json\/wp\/v2\/product"}],"about":[{"href":"https:\/\/nexgendecors.com\/fr\/wp-json\/wp\/v2\/types\/product"}],"replies":[{"embeddable":true,"href":"https:\/\/nexgendecors.com\/fr\/wp-json\/wp\/v2\/comments?post=157670"}],"version-history":[{"count":0,"href":"https:\/\/nexgendecors.com\/fr\/wp-json\/wp\/v2\/product\/157670\/revisions"}],"wp:featuredmedia":[{"embeddable":true,"href":"https:\/\/nexgendecors.com\/fr\/wp-json\/wp\/v2\/media\/157718"}],"wp:attachment":[{"href":"https:\/\/nexgendecors.com\/fr\/wp-json\/wp\/v2\/media?parent=157670"}],"wp:term":[{"taxonomy":"product_brand","embeddable":true,"href":"https:\/\/nexgendecors.com\/fr\/wp-json\/wp\/v2\/product_brand?post=157670"},{"taxonomy":"product_cat","embeddable":true,"href":"https:\/\/nexgendecors.com\/fr\/wp-json\/wp\/v2\/product_cat?post=157670"},{"taxonomy":"product_tag","embeddable":true,"href":"https:\/\/nexgendecors.com\/fr\/wp-json\/wp\/v2\/product_tag?post=157670"}],"curies":[{"name":"wp","href":"https:\/\/api.w.org\/{rel}","templated":true}]}}