{"id":157721,"date":"2025-02-10T13:30:32","date_gmt":"2025-02-10T13:30:32","guid":{"rendered":"https:\/\/nexgendecors.com\/en\/product\/jeaek-italian-minimalist-frosted-flannel-bed-master-bedroom-1-8m-suspended-bed-simple-large-bed-modern-designer-soft-bed\/"},"modified":"2025-04-06T09:52:05","modified_gmt":"2025-04-06T09:52:05","slug":"jeaek-lit-italien-minimaliste-en-flanelle-givree-chambre-principale-lit-suspendu-de-18-m-lit-simple-grand-lit-design-moderne-lit-moelleux","status":"publish","type":"product","link":"https:\/\/nexgendecors.com\/fr\/product\/jeaek-lit-italien-minimaliste-en-flanelle-givree-chambre-principale-lit-suspendu-de-18-m-lit-simple-grand-lit-design-moderne-lit-moelleux\/","title":{"rendered":"Jeaek Italian Minimalist Frosted Flannel Bed"},"content":{"rendered":"<ul>\n<li><strong>marque<\/strong>:Meubles r\u00e9sidentiels JEAEK<\/li>\n<li><strong>mod\u00e8le<\/strong>:J121<\/li>\n<li><strong>Mat\u00e9riel<\/strong>:Bois<\/li>\n<li><strong>Tissu<\/strong>:flanelle<\/li>\n<li><strong>style<\/strong>:Minimalisme italien<\/li>\n<li><strong>forme<\/strong>:Carr\u00e9<\/li>\n<li><strong>taille<\/strong>:1500mm*2000mm 1800mm*2000mm<\/li>\n<li><strong>Nombre de personnes applicable<\/strong>:2 personnes<\/li>\n<li><strong>trier par couleur<\/strong>:Lit suspendu design s\u00e9rie Bristol Lit suspendu design + 1 armoire Lit suspendu design + deux armoires Lit suspendu design + matelas de protection de la colonne vert\u00e9brale en cocotier cachemire Lit suspendu design + matelas en latex ionique argent cinq \u00e9toiles Lit suspendu design + matelas double face Tencel import\u00e9 sept \u00e9toiles Lit suspendu design + 1 armoire + matelas de protection de la colonne vert\u00e9brale en cocotier cachemire Lit suspendu design + deux armoires + matelas de protection de la colonne vert\u00e9brale en cocotier cachemire Lit suspendu design + 1 armoire + matelas en latex ionique argent cinq \u00e9toiles Lit suspendu design + deux armoires + matelas en latex ionique argent cinq \u00e9toiles Lit suspendu design + 1 armoire + matelas double face Tencel import\u00e9 sept \u00e9toiles Lit suspendu design + deux armoires + matelas double face Tencel import\u00e9 sept \u00e9toiles Soutien personnalisation des couleurs et des tailles contacter le conseiller \u00e0 domicile meubles jeaek promet solennellement : insister sur l&#039;utilisation de mat\u00e9riaux de qualit\u00e9 sup\u00e9rieure<\/li>\n<li><strong>Est-ce personnalisable ?<\/strong>:Oui<\/li>\n<li><strong>Faut-il avoir un cadre de lit ?<\/strong>:Oui<\/li>\n<li><strong>Faut-il apporter un support souple<\/strong>:Oui<\/li>\n<li><strong>D\u00e9tails de style<\/strong>:autre<\/li>\n<li><strong>Y a-t-il un espace de stockage ?<\/strong>:Non<\/li>\n<li><strong>Structure du meuble<\/strong>:Lit superpos\u00e9 assembl\u00e9<\/li>\n<li><strong>Technologie des tissus<\/strong>:autre<\/li>\n<li><strong>Livraison\/installation disponible<\/strong>:P\u00e9kin Nanchang Harbin Dalian Shenyang Xi&#039;an Guiyang Zhengzhou Jinhua Changsha Changzhou Chengdu Dongguan Foshan Fuzhou Guangzhou Hangzhou Nanjing Nanning Ningbo Qingdao Shanghai Shenzhen Suzhou Taizhou Tianjin Wenzhou Wuxi Wuhan Xiamen Chongqing<\/li>\n<li><strong>Volume d&#039;emballage<\/strong>:1<\/li>\n<\/ul>","protected":false},"excerpt":{"rendered":"<p>marque:JEAEK meubles r\u00e9sidentiels mod\u00e8le:J121 Mati\u00e8re:Bois Tissu:flanelle style:minimalisme italien forme:Carr\u00e9 taille:1500mm*2000mm 1800mm*2000mm Nombre de personnes concern\u00e9es:2 personnes trier par couleur:Designer suspendu<\/p>","protected":false},"featured_media":157765,"comment_status":"open","ping_status":"closed","template":"","meta":[],"product_brand":[],"product_cat":[30815,30858,30892,30862],"product_tag":[30891],"class_list":{"0":"post-157721","1":"product","2":"type-product","3":"status-publish","4":"has-post-thumbnail","6":"product_cat-beds","7":"product_cat-wholesale-bedroom","8":"product_cat-export","9":"product_cat-wholesales-hotels","10":"product_tag-title-adjust","12":"first","13":"instock","14":"taxable","15":"shipping-taxable","16":"purchasable","17":"product-type-variable"},"_links":{"self":[{"href":"https:\/\/nexgendecors.com\/fr\/wp-json\/wp\/v2\/product\/157721","targetHints":{"allow":["GET"]}}],"collection":[{"href":"https:\/\/nexgendecors.com\/fr\/wp-json\/wp\/v2\/product"}],"about":[{"href":"https:\/\/nexgendecors.com\/fr\/wp-json\/wp\/v2\/types\/product"}],"replies":[{"embeddable":true,"href":"https:\/\/nexgendecors.com\/fr\/wp-json\/wp\/v2\/comments?post=157721"}],"version-history":[{"count":0,"href":"https:\/\/nexgendecors.com\/fr\/wp-json\/wp\/v2\/product\/157721\/revisions"}],"wp:featuredmedia":[{"embeddable":true,"href":"https:\/\/nexgendecors.com\/fr\/wp-json\/wp\/v2\/media\/157765"}],"wp:attachment":[{"href":"https:\/\/nexgendecors.com\/fr\/wp-json\/wp\/v2\/media?parent=157721"}],"wp:term":[{"taxonomy":"product_brand","embeddable":true,"href":"https:\/\/nexgendecors.com\/fr\/wp-json\/wp\/v2\/product_brand?post=157721"},{"taxonomy":"product_cat","embeddable":true,"href":"https:\/\/nexgendecors.com\/fr\/wp-json\/wp\/v2\/product_cat?post=157721"},{"taxonomy":"product_tag","embeddable":true,"href":"https:\/\/nexgendecors.com\/fr\/wp-json\/wp\/v2\/product_tag?post=157721"}],"curies":[{"name":"wp","href":"https:\/\/api.w.org\/{rel}","templated":true}]}}