{"id":157818,"date":"2025-02-10T13:33:14","date_gmt":"2025-02-10T13:33:14","guid":{"rendered":"https:\/\/nexgendecors.com\/en\/product\/jeaek-italian-minimalist-leather-sofa-designer-new-connery-sofa-villa-large-flat-living-room-sofa\/"},"modified":"2025-03-09T14:56:35","modified_gmt":"2025-03-09T14:56:35","slug":"jeaek-italian-minimalist-leather-sofa-designer-new-connery-sofa-villa-large-flat-living-room-sofa","status":"publish","type":"product","link":"https:\/\/nexgendecors.com\/fr\/product\/jeaek-italian-minimalist-leather-sofa-designer-new-connery-sofa-villa-large-flat-living-room-sofa\/","title":{"rendered":"Jeaek Connery Large Italian Minimalist Leather Sofa"},"content":{"rendered":"<ul>\n<li><strong>marque<\/strong>:Meubles r\u00e9sidentiels JEAEK<\/li>\n<li><strong>mod\u00e8le<\/strong>:S028<\/li>\n<li><strong>Mati\u00e8re cuir<\/strong>:Couche sup\u00e9rieure de cuir de vache<\/li>\n<li><strong>style<\/strong>:Minimalisme italien<\/li>\n<li><strong>Assembler<\/strong>:Oui<\/li>\n<li><strong>Duret\u00e9 du remplissage<\/strong>:Duret\u00e9 et douceur mod\u00e9r\u00e9es<\/li>\n<li><strong>Client\u00e8le cible<\/strong>:G\u00e9n\u00e9ral<\/li>\n<li><strong>La pr\u00e9vente est-elle disponible ?<\/strong>:Oui<\/li>\n<li><strong>Technologie structurelle<\/strong>:Artisanat en bambou et rotin<\/li>\n<li><strong>Volume d&#039;emballage<\/strong>:1<\/li>\n<li><strong>Remplissage<\/strong>:\u00c9ponge \u00e0 haute r\u00e9silience<\/li>\n<li><strong>Est-ce personnalisable ?<\/strong>:Oui<\/li>\n<li><strong>Combinaison de canap\u00e9<\/strong>:Droit<\/li>\n<li><strong>Nombre de personnes applicable<\/strong>:combinaison<\/li>\n<li><strong>Un taxi est-il disponible pour le transport ?<\/strong>:Non<\/li>\n<li><strong>Positionnement de style<\/strong>:Style artistique<\/li>\n<li><strong>Gamme de finitions en cuir<\/strong>:Surface de contact en cuir<\/li>\n<li><strong>Livraison\/installation disponible<\/strong>:Foshan Zhengzhou Guiyang Guangzhou Fuzhou Harbin Xiamen Chongqing Changzhou Suzhou Xi&#8217;an Shenzhen Nanjing Changsha Beijing Qingdao Wuxi Chengdu Shanghai Wuhan Nanning Shenyang Dalian Taizhou Dongguan Tianjin Jinhua Hangzhou Nanchang Ningbo Wenzhou<\/li>\n<li><strong>trier par couleur<\/strong>:220cm for two persons [S-grade fine tumbled top layer cowhide] 300cm for four persons [S-grade fine tumbled top layer cowhide] 280cm for three persons [S-grade fine tumbled top layer cowhide] 260cm for three persons [S-grade fine tumbled top layer cowhide] 280cm for three persons [R-grade medium-thick tumbled top layer cowhide] 320cm for three persons [S-grade fine tumbled top layer cowhide] 220cm for two persons [R-grade medium-thick tumbled top layer cowhide] 260cm for three persons [R-grade medium-thick tumbled top layer cowhide] [VIP customized color\/size supported] Consult customer service for free sample delivery for four persons 300cm [R-grade medium-thick tumbled top layer cowhide] 320cm for four persons [R-grade medium-thick tumbled top layer cowhide]<\/li>\n<li><strong><\/strong>:<\/li>\n<\/ul>","protected":false},"excerpt":{"rendered":"<p>brand:JEAEK residential furniture model:S028 Leather material:Top layer of cowhide style:Italian minimalism Assemble:yes Filling hardness:Moderate hardness and softness Target customers:General Is<\/p>","protected":false},"featured_media":157832,"comment_status":"open","ping_status":"closed","template":"","meta":[],"product_brand":[],"product_cat":[30892,30862,30846,30873,30890],"product_tag":[30891],"class_list":{"0":"post-157818","1":"product","2":"type-product","3":"status-publish","4":"has-post-thumbnail","6":"product_cat-export","7":"product_cat-wholesales-hotels","8":"product_cat-living-room","9":"product_cat-sofa","10":"product_cat-sofas-fav","11":"product_tag-title-adjust","13":"first","14":"instock","15":"taxable","16":"shipping-taxable","17":"purchasable","18":"product-type-variable"},"_links":{"self":[{"href":"https:\/\/nexgendecors.com\/fr\/wp-json\/wp\/v2\/product\/157818","targetHints":{"allow":["GET"]}}],"collection":[{"href":"https:\/\/nexgendecors.com\/fr\/wp-json\/wp\/v2\/product"}],"about":[{"href":"https:\/\/nexgendecors.com\/fr\/wp-json\/wp\/v2\/types\/product"}],"replies":[{"embeddable":true,"href":"https:\/\/nexgendecors.com\/fr\/wp-json\/wp\/v2\/comments?post=157818"}],"version-history":[{"count":0,"href":"https:\/\/nexgendecors.com\/fr\/wp-json\/wp\/v2\/product\/157818\/revisions"}],"wp:featuredmedia":[{"embeddable":true,"href":"https:\/\/nexgendecors.com\/fr\/wp-json\/wp\/v2\/media\/157832"}],"wp:attachment":[{"href":"https:\/\/nexgendecors.com\/fr\/wp-json\/wp\/v2\/media?parent=157818"}],"wp:term":[{"taxonomy":"product_brand","embeddable":true,"href":"https:\/\/nexgendecors.com\/fr\/wp-json\/wp\/v2\/product_brand?post=157818"},{"taxonomy":"product_cat","embeddable":true,"href":"https:\/\/nexgendecors.com\/fr\/wp-json\/wp\/v2\/product_cat?post=157818"},{"taxonomy":"product_tag","embeddable":true,"href":"https:\/\/nexgendecors.com\/fr\/wp-json\/wp\/v2\/product_tag?post=157818"}],"curies":[{"name":"wp","href":"https:\/\/api.w.org\/{rel}","templated":true}]}}