{"id":157903,"date":"2025-02-10T13:56:45","date_gmt":"2025-02-10T13:56:45","guid":{"rendered":"https:\/\/nexgendecors.com\/en\/product\/montenegro-design-nordic-minimalist-lines-rope-leisure-chair-stainless-steel-metal-simple-modern-indoor-balcony-lounge-chair\/"},"modified":"2025-04-06T09:52:19","modified_gmt":"2025-04-06T09:52:19","slug":"montenegro-design-nordic-minimalist-lines-rope-leisure-chair-stainless-steel-metal-simple-modern-indoor-balcony-lounge-chair","status":"publish","type":"product","link":"https:\/\/nexgendecors.com\/fr\/product\/montenegro-design-nordic-minimalist-lines-rope-leisure-chair-stainless-steel-metal-simple-modern-indoor-balcony-lounge-chair\/","title":{"rendered":"Chaise longue minimaliste en corde style nordique Montenegro"},"content":{"rendered":"<ul>\n<li><strong>marque<\/strong>:Vigne noire<\/li>\n<li><strong>mod\u00e8le<\/strong>:SYSS2<\/li>\n<li><strong>style<\/strong>:Europe du Nord<\/li>\n<li><strong>Fonctionnalit\u00e9s suppl\u00e9mentaires<\/strong>:Amovible<\/li>\n<li><strong>Mat\u00e9riau m\u00e9tallique<\/strong>:Acier inoxydable<\/li>\n<li><strong>Est-ce personnalisable ?<\/strong>:Non<\/li>\n<li><strong>Assembler<\/strong>:Non<\/li>\n<li><strong>Mat\u00e9riel<\/strong>:M\u00e9tal<\/li>\n<li><strong>Structure du meuble<\/strong>:Structure de soutien<\/li>\n<li><strong>Client\u00e8le cible<\/strong>:Adultes<\/li>\n<li><strong>mod\u00e8le<\/strong>:Art<\/li>\n<li><strong>Livraison\/installation disponible<\/strong>:Chengdu, Shanghai, Foshan, Wuhan, Guangzhou, Nanning, Fuzhou, Xiamen, Chongqing, Taizhou, Changzhou, Suzhou, Dongguan, Tianjin, Xi&#8217;an, Shenzhen, Nanjing, Hangzhou, Beijing, Ningbo, Qingdao, Wuxi, Wenzhou<\/li>\n<li><strong>trier par couleur<\/strong>:Black rope, dark beige rope, cushioned backrest, black rope for footstool, dark beige rope for footstool<\/li>\n<li><strong><\/strong>:<\/li>\n<\/ul>","protected":false},"excerpt":{"rendered":"<p>Marque : Black vine Mod\u00e8le : SYSS2 Style : Europe du Nord Caract\u00e9ristiques suppl\u00e9mentaires : Amovible Mat\u00e9riau m\u00e9tallique : Acier inoxydable Est-il personnalisable ? : Non Assemblage : Non Mat\u00e9riau : M\u00e9tal Structure du meuble : Structure de support Client\u00e8le cible : Adultes<\/p>","protected":false},"featured_media":157909,"comment_status":"open","ping_status":"closed","template":"","meta":[],"product_brand":[],"product_cat":[30811,30892,30862,30846],"product_tag":[30891],"class_list":{"0":"post-157903","1":"product","2":"type-product","3":"status-publish","4":"has-post-thumbnail","6":"product_cat-armchairs","7":"product_cat-export","8":"product_cat-wholesales-hotels","9":"product_cat-living-room","10":"product_tag-title-adjust","12":"first","13":"instock","14":"taxable","15":"shipping-taxable","16":"purchasable","17":"product-type-variable"},"_links":{"self":[{"href":"https:\/\/nexgendecors.com\/fr\/wp-json\/wp\/v2\/product\/157903","targetHints":{"allow":["GET"]}}],"collection":[{"href":"https:\/\/nexgendecors.com\/fr\/wp-json\/wp\/v2\/product"}],"about":[{"href":"https:\/\/nexgendecors.com\/fr\/wp-json\/wp\/v2\/types\/product"}],"replies":[{"embeddable":true,"href":"https:\/\/nexgendecors.com\/fr\/wp-json\/wp\/v2\/comments?post=157903"}],"version-history":[{"count":0,"href":"https:\/\/nexgendecors.com\/fr\/wp-json\/wp\/v2\/product\/157903\/revisions"}],"wp:featuredmedia":[{"embeddable":true,"href":"https:\/\/nexgendecors.com\/fr\/wp-json\/wp\/v2\/media\/157909"}],"wp:attachment":[{"href":"https:\/\/nexgendecors.com\/fr\/wp-json\/wp\/v2\/media?parent=157903"}],"wp:term":[{"taxonomy":"product_brand","embeddable":true,"href":"https:\/\/nexgendecors.com\/fr\/wp-json\/wp\/v2\/product_brand?post=157903"},{"taxonomy":"product_cat","embeddable":true,"href":"https:\/\/nexgendecors.com\/fr\/wp-json\/wp\/v2\/product_cat?post=157903"},{"taxonomy":"product_tag","embeddable":true,"href":"https:\/\/nexgendecors.com\/fr\/wp-json\/wp\/v2\/product_tag?post=157903"}],"curies":[{"name":"wp","href":"https:\/\/api.w.org\/{rel}","templated":true}]}}