{"id":157937,"date":"2025-02-10T14:00:41","date_gmt":"2025-02-10T14:00:41","guid":{"rendered":"https:\/\/nexgendecors.com\/en\/product\/italian-minimalist-ds142-barcelona-designer-creative-single-leather-sofa-chair-lazy-leisure-recliner\/"},"modified":"2025-04-06T09:52:24","modified_gmt":"2025-04-06T09:52:24","slug":"canape-en-cuir-italien-minimaliste-ds142-de-barcelone-fauteuil-inclinable-de-loisirs-et-de-detente","status":"publish","type":"product","link":"https:\/\/nexgendecors.com\/fr\/product\/canape-en-cuir-italien-minimaliste-ds142-de-barcelone-fauteuil-inclinable-de-loisirs-et-de-detente\/","title":{"rendered":"Fauteuil inclinable en cuir Barcelona DS142 \u2013 Style minimaliste"},"content":{"rendered":"<ul>\n<li><strong>marque<\/strong>:Autres maisons<\/li>\n<li><strong>mod\u00e8le<\/strong>:sfy-100<\/li>\n<li><strong>\u00c9l\u00e9ments populaires<\/strong>:Vieux<\/li>\n<li><strong>style<\/strong>:Style Bauhaus<\/li>\n<li><strong>Assembler<\/strong>:Non<\/li>\n<li><strong>Client\u00e8le cible<\/strong>:G\u00e9n\u00e9ral<\/li>\n<li><strong>Est-ce rempla\u00e7able ?<\/strong>:Non<\/li>\n<li><strong>Remplissage<\/strong>:\u00c9ponge en mousse hautement \u00e9lastique<\/li>\n<li><strong>Mat\u00e9riau m\u00e9tallique<\/strong>:fer<\/li>\n<li><strong>Est-ce personnalisable ?<\/strong>:Oui<\/li>\n<li><strong>Mat\u00e9riel<\/strong>:M\u00e9tal<\/li>\n<li><strong>Instructions d&#039;installation d\u00e9taill\u00e9es<\/strong>:Aucune instruction d&#039;installation<\/li>\n<li><strong>mod\u00e8le<\/strong>:Art<\/li>\n<li><strong>Un taxi est-il disponible pour le transport ?<\/strong>:Non<\/li>\n<li><strong>Positionnement de style<\/strong>:Qualit\u00e9 Luxe<\/li>\n<li><strong>trier par couleur<\/strong>:Version standard\/cuir microfibre, Version am\u00e9lior\u00e9e\/surface de contact cuir grain\u00e9 moyennement \u00e9pais, Version Premium\/surface de contact cuir nappa au toucher peau, Version Premium\/surface de contact cuir vert chair<\/li>\n<\/ul>","protected":false},"excerpt":{"rendered":"<p>Marque : Other Homes Mod\u00e8le : sfy-100 \u00c9l\u00e9ments populaires : Style ancien : Style Bauhaus Assemblage : non Clients cibles : G\u00e9n\u00e9ral Est-il rempla\u00e7able ? : non Remplissage : \u00c9ponge en mousse hautement \u00e9lastique Mat\u00e9riau m\u00e9tallique : fer Est<\/p>","protected":false},"featured_media":157936,"comment_status":"open","ping_status":"closed","template":"","meta":[],"product_brand":[],"product_cat":[30892,30862,30846,30873,30890],"product_tag":[30891],"class_list":{"0":"post-157937","1":"product","2":"type-product","3":"status-publish","4":"has-post-thumbnail","6":"product_cat-export","7":"product_cat-wholesales-hotels","8":"product_cat-living-room","9":"product_cat-sofa","10":"product_cat-sofas-fav","11":"product_tag-title-adjust","13":"first","14":"instock","15":"taxable","16":"shipping-taxable","17":"purchasable","18":"product-type-variable"},"_links":{"self":[{"href":"https:\/\/nexgendecors.com\/fr\/wp-json\/wp\/v2\/product\/157937","targetHints":{"allow":["GET"]}}],"collection":[{"href":"https:\/\/nexgendecors.com\/fr\/wp-json\/wp\/v2\/product"}],"about":[{"href":"https:\/\/nexgendecors.com\/fr\/wp-json\/wp\/v2\/types\/product"}],"replies":[{"embeddable":true,"href":"https:\/\/nexgendecors.com\/fr\/wp-json\/wp\/v2\/comments?post=157937"}],"version-history":[{"count":0,"href":"https:\/\/nexgendecors.com\/fr\/wp-json\/wp\/v2\/product\/157937\/revisions"}],"wp:featuredmedia":[{"embeddable":true,"href":"https:\/\/nexgendecors.com\/fr\/wp-json\/wp\/v2\/media\/157936"}],"wp:attachment":[{"href":"https:\/\/nexgendecors.com\/fr\/wp-json\/wp\/v2\/media?parent=157937"}],"wp:term":[{"taxonomy":"product_brand","embeddable":true,"href":"https:\/\/nexgendecors.com\/fr\/wp-json\/wp\/v2\/product_brand?post=157937"},{"taxonomy":"product_cat","embeddable":true,"href":"https:\/\/nexgendecors.com\/fr\/wp-json\/wp\/v2\/product_cat?post=157937"},{"taxonomy":"product_tag","embeddable":true,"href":"https:\/\/nexgendecors.com\/fr\/wp-json\/wp\/v2\/product_tag?post=157937"}],"curies":[{"name":"wp","href":"https:\/\/api.w.org\/{rel}","templated":true}]}}