{"id":158006,"date":"2025-02-10T14:04:10","date_gmt":"2025-02-10T14:04:10","guid":{"rendered":"https:\/\/nexgendecors.com\/en\/product\/living-divani-furniture-italian-style-metal-solid-wood-entrance-end-table-designer-creative-alvea-side-table\/"},"modified":"2025-03-11T07:02:11","modified_gmt":"2025-03-11T07:02:11","slug":"meubles-de-salon-de-style-italien-en-metal-et-bois-massif-table-dappoint-dentree-design-creative-alvea","status":"publish","type":"product","link":"https:\/\/nexgendecors.com\/fr\/product\/meubles-de-salon-de-style-italien-en-metal-et-bois-massif-table-dappoint-dentree-design-creative-alvea\/","title":{"rendered":"LIVING DIVANI Table d&#039;appoint Alvea en m\u00e9tal et bois"},"content":{"rendered":"<ul>\n<li><strong>marque<\/strong>:autre\/autre<\/li>\n<li><strong>mod\u00e8le<\/strong>:AH024<\/li>\n<li><strong>style<\/strong>:Simple et moderne<\/li>\n<li><strong>Est-ce personnalisable ?<\/strong>:Non<\/li>\n<li><strong>Composants inclus<\/strong>:autre<\/li>\n<li><strong>Assembler<\/strong>:Non<\/li>\n<li><strong>Mat\u00e9riel<\/strong>:Bois<\/li>\n<li><strong>Mat\u00e9riau en bois<\/strong>:ch\u00eane<\/li>\n<\/ul>","protected":false},"excerpt":{"rendered":"<p>Marque : autre\/autre Mod\u00e8le : AH024 Style : simple et moderne Est-il personnalisable ? : non Composants inclus : autre Assemblage : non Mat\u00e9riau : bois Mat\u00e9riau du bois : ch\u00eane<\/p>","protected":false},"featured_media":158005,"comment_status":"open","ping_status":"closed","template":"","meta":[],"product_brand":[],"product_cat":[30821,30826,30892,30862],"product_tag":[30891],"class_list":{"0":"post-158006","1":"product","2":"type-product","3":"status-publish","4":"has-post-thumbnail","6":"product_cat-console-table","7":"product_cat-dining-room","8":"product_cat-export","9":"product_cat-wholesales-hotels","10":"product_tag-title-adjust","12":"first","13":"instock","14":"sale","15":"taxable","16":"shipping-taxable","17":"purchasable","18":"product-type-simple"},"_links":{"self":[{"href":"https:\/\/nexgendecors.com\/fr\/wp-json\/wp\/v2\/product\/158006","targetHints":{"allow":["GET"]}}],"collection":[{"href":"https:\/\/nexgendecors.com\/fr\/wp-json\/wp\/v2\/product"}],"about":[{"href":"https:\/\/nexgendecors.com\/fr\/wp-json\/wp\/v2\/types\/product"}],"replies":[{"embeddable":true,"href":"https:\/\/nexgendecors.com\/fr\/wp-json\/wp\/v2\/comments?post=158006"}],"version-history":[{"count":0,"href":"https:\/\/nexgendecors.com\/fr\/wp-json\/wp\/v2\/product\/158006\/revisions"}],"wp:featuredmedia":[{"embeddable":true,"href":"https:\/\/nexgendecors.com\/fr\/wp-json\/wp\/v2\/media\/158005"}],"wp:attachment":[{"href":"https:\/\/nexgendecors.com\/fr\/wp-json\/wp\/v2\/media?parent=158006"}],"wp:term":[{"taxonomy":"product_brand","embeddable":true,"href":"https:\/\/nexgendecors.com\/fr\/wp-json\/wp\/v2\/product_brand?post=158006"},{"taxonomy":"product_cat","embeddable":true,"href":"https:\/\/nexgendecors.com\/fr\/wp-json\/wp\/v2\/product_cat?post=158006"},{"taxonomy":"product_tag","embeddable":true,"href":"https:\/\/nexgendecors.com\/fr\/wp-json\/wp\/v2\/product_tag?post=158006"}],"curies":[{"name":"wp","href":"https:\/\/api.w.org\/{rel}","templated":true}]}}