{"id":158081,"date":"2025-02-10T16:14:51","date_gmt":"2025-02-10T16:14:51","guid":{"rendered":"https:\/\/nexgendecors.com\/en\/product\/light-luxury-high-end-wine-cabinet-glass-display-cabinet-living-room-2024-new-wall-mounted-household-stainless-steel-custom-floor-standing-wine-cabinet\/"},"modified":"2025-04-06T09:52:44","modified_gmt":"2025-04-06T09:52:44","slug":"light-luxury-high-end-wine-cabinet-glass-display-cabinet-living-room-2024-new-wall-mounted-household-stainless-steel-custom-floor-standing-wine-cabinet","status":"publish","type":"product","link":"https:\/\/nexgendecors.com\/fr\/product\/light-luxury-high-end-wine-cabinet-glass-display-cabinet-living-room-2024-new-wall-mounted-household-stainless-steel-custom-floor-standing-wine-cabinet\/","title":{"rendered":"Armoire \u00e0 vin murale de luxe en acier inoxydable 2024"},"content":{"rendered":"<ul>\n<li><strong>marque<\/strong>:autre\/autre<\/li>\n<li><strong>mod\u00e8le<\/strong>:ZECY-20210513<\/li>\n<li><strong>\u00c9l\u00e9ments populaires<\/strong>:Master design, special shape, log, mirror, metal<\/li>\n<li><strong>style<\/strong>:Italien<\/li>\n<li><strong>Assembler<\/strong>:Non<\/li>\n<li><strong>Districts et comt\u00e9s<\/strong>:District de la ville de Dongguan<\/li>\n<li><strong>Ville<\/strong>:Dongguan City<\/li>\n<li><strong>Mat\u00e9riau de finition<\/strong>:Bois<\/li>\n<li><strong>Fonctionnalit\u00e9s suppl\u00e9mentaires<\/strong>:Amovible<\/li>\n<li><strong>Mat\u00e9riau m\u00e9tallique<\/strong>:Acier inoxydable<\/li>\n<li><strong>Est-ce personnalisable ?<\/strong>:Oui<\/li>\n<li><strong>Mat\u00e9riel<\/strong>:M\u00e9tal<\/li>\n<li><strong>Instructions d&#039;installation d\u00e9taill\u00e9es<\/strong>:No installation instructions, simple installation tools and installation instruction videos are provided<\/li>\n<li><strong>Structure du meuble<\/strong>:Structure de soutien<\/li>\n<li><strong>Origine<\/strong>:Province du Guangdong<\/li>\n<li><strong>mod\u00e8le<\/strong>:Art<\/li>\n<li><strong>Un taxi est-il disponible pour le transport ?<\/strong>:Non<\/li>\n<li><strong>Positionnement de style<\/strong>:Style artistique<\/li>\n<li><strong>Livraison\/installation disponible<\/strong>:Foshan, Zhengzhou, Guiyang, Guangzhou, Fuzhou, Harbin, Xiamen, Chongqing, Changzhou, Suzhou, Xi&#8217;an, Shenzhen, Nanjing, Beijing, Wuxi, Qingdao, Changsha, Chengdu, Shanghai, Wuhan, Nanning, Shenyang, Dalian, Taizhou, Dongguan, Tianjin, all cities, Jinhua, Hangzhou, Ningbo, Nanchang, Wenzhou<\/li>\n<li><strong>trier par couleur<\/strong>:Dark gray, dark purple, wine red, please contact customer service for customization<\/li>\n<\/ul>","protected":false},"excerpt":{"rendered":"<p>marque:autre\/autre mod\u00e8le:ZECY-20210513 El\u00e9ments populaires:Master design, forme sp\u00e9ciale, rondin, miroir, m\u00e9tal style:italien Assembler:non Districts et comt\u00e9s:Dongguan City District City:Dongguan City Finishing<\/p>","protected":false},"featured_media":158086,"comment_status":"open","ping_status":"closed","template":"","meta":[],"product_brand":[],"product_cat":[30892,30862,30846,30904,30851],"product_tag":[30891],"class_list":{"0":"post-158081","1":"product","2":"type-product","3":"status-publish","4":"has-post-thumbnail","6":"product_cat-export","7":"product_cat-wholesales-hotels","8":"product_cat-living-room","9":"product_cat-trending-furniture","10":"product_cat-wholesale-cabinets","11":"product_tag-title-adjust","13":"first","14":"instock","15":"taxable","16":"shipping-taxable","17":"purchasable","18":"product-type-variable"},"_links":{"self":[{"href":"https:\/\/nexgendecors.com\/fr\/wp-json\/wp\/v2\/product\/158081","targetHints":{"allow":["GET"]}}],"collection":[{"href":"https:\/\/nexgendecors.com\/fr\/wp-json\/wp\/v2\/product"}],"about":[{"href":"https:\/\/nexgendecors.com\/fr\/wp-json\/wp\/v2\/types\/product"}],"replies":[{"embeddable":true,"href":"https:\/\/nexgendecors.com\/fr\/wp-json\/wp\/v2\/comments?post=158081"}],"version-history":[{"count":0,"href":"https:\/\/nexgendecors.com\/fr\/wp-json\/wp\/v2\/product\/158081\/revisions"}],"wp:featuredmedia":[{"embeddable":true,"href":"https:\/\/nexgendecors.com\/fr\/wp-json\/wp\/v2\/media\/158086"}],"wp:attachment":[{"href":"https:\/\/nexgendecors.com\/fr\/wp-json\/wp\/v2\/media?parent=158081"}],"wp:term":[{"taxonomy":"product_brand","embeddable":true,"href":"https:\/\/nexgendecors.com\/fr\/wp-json\/wp\/v2\/product_brand?post=158081"},{"taxonomy":"product_cat","embeddable":true,"href":"https:\/\/nexgendecors.com\/fr\/wp-json\/wp\/v2\/product_cat?post=158081"},{"taxonomy":"product_tag","embeddable":true,"href":"https:\/\/nexgendecors.com\/fr\/wp-json\/wp\/v2\/product_tag?post=158081"}],"curies":[{"name":"wp","href":"https:\/\/api.w.org\/{rel}","templated":true}]}}