{"id":158100,"date":"2025-02-10T16:15:52","date_gmt":"2025-02-10T16:15:52","guid":{"rendered":"https:\/\/nexgendecors.com\/en\/product\/new-chinese-style-rack-designer-villa-living-room-round-revolving-door-storage-cabinet-personality-creative-solid-wood-antique-shelf\/"},"modified":"2025-04-06T09:52:46","modified_gmt":"2025-04-06T09:52:46","slug":"new-chinese-style-rack-designer-villa-living-room-round-revolving-door-storage-cabinet-personality-creative-solid-wood-antique-shelf","status":"publish","type":"product","link":"https:\/\/nexgendecors.com\/fr\/product\/new-chinese-style-rack-designer-villa-living-room-round-revolving-door-storage-cabinet-personality-creative-solid-wood-antique-shelf\/","title":{"rendered":"Meuble de rangement tournant rond en bois massif ancien"},"content":{"rendered":"<ul>\n<li><strong>marque<\/strong>:Excellence Innovation<\/li>\n<li><strong>mod\u00e8le<\/strong>:J-125<\/li>\n<li><strong>style<\/strong>:Nouveau chinois<\/li>\n<li><strong>Fonctionnalit\u00e9s suppl\u00e9mentaires<\/strong>:Stockage<\/li>\n<li><strong>Est-ce personnalisable ?<\/strong>:Oui<\/li>\n<li><strong>Assembler<\/strong>:Oui<\/li>\n<li><strong>Mat\u00e9riel<\/strong>:Bois massif<\/li>\n<li><strong>Nombre de tiroirs<\/strong>:3<\/li>\n<li><strong>Mat\u00e9riau de finition<\/strong>:cuir<\/li>\n<li><strong>Nombre de portes<\/strong>:Single door<\/li>\n<li><strong>trier par couleur<\/strong>:Style 1, Style 2, Style 3<\/li>\n<li><strong><\/strong>:<\/li>\n<\/ul>","protected":false},"excerpt":{"rendered":"<p>marque:Excellence Innovation mod\u00e8le:J-125 style:Nouveau Chinois Caract\u00e9ristiques suppl\u00e9mentaires:Rangement Est-il personnalisable?:oui Assembler:oui Mat\u00e9riau:Bois massif Nombre de tiroirs:3 Mat\u00e9riau de finition:Cuir Nombre de tiroirs:2<\/p>","protected":false},"featured_media":158099,"comment_status":"open","ping_status":"closed","template":"","meta":[],"product_brand":[],"product_cat":[30892,30862,30846,30904,30851],"product_tag":[30891],"class_list":{"0":"post-158100","1":"product","2":"type-product","3":"status-publish","4":"has-post-thumbnail","6":"product_cat-export","7":"product_cat-wholesales-hotels","8":"product_cat-living-room","9":"product_cat-trending-furniture","10":"product_cat-wholesale-cabinets","11":"product_tag-title-adjust","13":"first","14":"instock","15":"taxable","16":"shipping-taxable","17":"purchasable","18":"product-type-variable"},"_links":{"self":[{"href":"https:\/\/nexgendecors.com\/fr\/wp-json\/wp\/v2\/product\/158100","targetHints":{"allow":["GET"]}}],"collection":[{"href":"https:\/\/nexgendecors.com\/fr\/wp-json\/wp\/v2\/product"}],"about":[{"href":"https:\/\/nexgendecors.com\/fr\/wp-json\/wp\/v2\/types\/product"}],"replies":[{"embeddable":true,"href":"https:\/\/nexgendecors.com\/fr\/wp-json\/wp\/v2\/comments?post=158100"}],"version-history":[{"count":0,"href":"https:\/\/nexgendecors.com\/fr\/wp-json\/wp\/v2\/product\/158100\/revisions"}],"wp:featuredmedia":[{"embeddable":true,"href":"https:\/\/nexgendecors.com\/fr\/wp-json\/wp\/v2\/media\/158099"}],"wp:attachment":[{"href":"https:\/\/nexgendecors.com\/fr\/wp-json\/wp\/v2\/media?parent=158100"}],"wp:term":[{"taxonomy":"product_brand","embeddable":true,"href":"https:\/\/nexgendecors.com\/fr\/wp-json\/wp\/v2\/product_brand?post=158100"},{"taxonomy":"product_cat","embeddable":true,"href":"https:\/\/nexgendecors.com\/fr\/wp-json\/wp\/v2\/product_cat?post=158100"},{"taxonomy":"product_tag","embeddable":true,"href":"https:\/\/nexgendecors.com\/fr\/wp-json\/wp\/v2\/product_tag?post=158100"}],"curies":[{"name":"wp","href":"https:\/\/api.w.org\/{rel}","templated":true}]}}