{"id":158114,"date":"2025-02-11T03:09:25","date_gmt":"2025-02-11T03:09:25","guid":{"rendered":"https:\/\/nexgendecors.com\/en\/product\/american-light-luxury-porch-cabinet-entrance-shoe-cabinet-modern-simple-living-room-partition-cabinet-bedroom-storage-cabinet-dining-side-cabinet-solid-wood\/"},"modified":"2025-04-06T09:52:49","modified_gmt":"2025-04-06T09:52:49","slug":"armoire-de-porche-de-luxe-americaine-legere-armoire-a-chaussures-dentree-armoire-de-separation-de-salon-simple-et-moderne-armoire-de-rangement-de-chambre-a-coucher-armoire-dappoint-de-sa","status":"publish","type":"product","link":"https:\/\/nexgendecors.com\/fr\/product\/armoire-de-porche-de-luxe-americaine-legere-armoire-a-chaussures-dentree-armoire-de-separation-de-salon-simple-et-moderne-armoire-de-rangement-de-chambre-a-coucher-armoire-dappoint-de-sa\/","title":{"rendered":"Meuble \u00e0 chaussures et solution de rangement moderne en bois massif"},"content":{"rendered":"<ul>\n<li><strong>marque<\/strong>:Source d&#039;accueil<\/li>\n<li><strong>mod\u00e8le<\/strong>:JYM039<\/li>\n<li><strong>Mat\u00e9riel<\/strong>:Panneaux \u00e0 base de bois<\/li>\n<li><strong>Types de planches artificielles<\/strong>:Contre-plaqu\u00e9<\/li>\n<li><strong>mod\u00e8le<\/strong>:Art<\/li>\n<li><strong>style<\/strong>:Simple et moderne<\/li>\n<li><strong>Installation<\/strong>:Paquet<\/li>\n<li><strong>trier par couleur<\/strong>:[Noir] Armoire \u00e0 deux portes Sunflower, [Noir] Armoire \u00e0 quatre portes Sunflower, [Argent] Armoire \u00e0 deux portes Sunflower, [Argent] Armoire \u00e0 quatre portes Sunflower<\/li>\n<li><strong>Mat\u00e9riau de finition<\/strong>:Placage en bois massif<\/li>\n<li><strong>Proc\u00e9d\u00e9 de finition du placage en bois massif<\/strong>:Autre<\/li>\n<li><strong>Est-ce personnalisable ?<\/strong>:Non<\/li>\n<li><strong>Fonctionnalit\u00e9s suppl\u00e9mentaires<\/strong>:Polyvalent<\/li>\n<li><strong>Nombre de tiroirs<\/strong>:0<\/li>\n<li><strong>Structure du meuble<\/strong>:Cadre<\/li>\n<li><strong>Livraison\/installation disponible<\/strong>:P\u00e9kin, Nanchang, Xi&#039;an, Guiyang, Zhengzhou, Jinhua, Changsha, Changzhou, Chengdu, Dongguan, Foshan, Fuzhou, Guangzhou, Hangzhou, Nanjing, Nanning, Ningbo, Qingdao, Shanghai, Shenzhen, Suzhou, Taizhou, Tianjin, Wenzhou, Wuxi, Wuhan, Xiamen, Chongqing<\/li>\n<li><strong>Origine<\/strong>:Province du Guangdong<\/li>\n<li><strong>Ville<\/strong>:Ville de Zhongshan<\/li>\n<li><strong>Districts et comt\u00e9s<\/strong>:District portuaire de Zhongshan<\/li>\n<li><strong>Assembler<\/strong>:Non<\/li>\n<li><strong>Composants inclus<\/strong>:Armoire de couloir<\/li>\n<li><strong>Instructions d&#039;installation d\u00e9taill\u00e9es<\/strong>:Aucune instruction d&#039;installation<\/li>\n<li><strong><\/strong>:<\/li>\n<\/ul>","protected":false},"excerpt":{"rendered":"<p>Marque : Home Source Mod\u00e8le : JYM039 Mat\u00e9riau : Panneaux \u00e0 base de bois Types de panneaux artificiels : Contreplaqu\u00e9 Motif : Art Style : Simple et moderne Installation : Pack Trier par couleur : [Noir] Armoire \u00e0 deux portes Sunflower,<\/p>","protected":false},"featured_media":158124,"comment_status":"open","ping_status":"closed","template":"","meta":[],"product_brand":[],"product_cat":[30895,30892,30862,30846,30851],"product_tag":[30891],"class_list":{"0":"post-158114","1":"product","2":"type-product","3":"status-publish","4":"has-post-thumbnail","6":"product_cat-bs-bedroom","7":"product_cat-export","8":"product_cat-wholesales-hotels","9":"product_cat-living-room","10":"product_cat-wholesale-cabinets","11":"product_tag-title-adjust","13":"first","14":"instock","15":"taxable","16":"shipping-taxable","17":"purchasable","18":"product-type-variable"},"_links":{"self":[{"href":"https:\/\/nexgendecors.com\/fr\/wp-json\/wp\/v2\/product\/158114","targetHints":{"allow":["GET"]}}],"collection":[{"href":"https:\/\/nexgendecors.com\/fr\/wp-json\/wp\/v2\/product"}],"about":[{"href":"https:\/\/nexgendecors.com\/fr\/wp-json\/wp\/v2\/types\/product"}],"replies":[{"embeddable":true,"href":"https:\/\/nexgendecors.com\/fr\/wp-json\/wp\/v2\/comments?post=158114"}],"version-history":[{"count":0,"href":"https:\/\/nexgendecors.com\/fr\/wp-json\/wp\/v2\/product\/158114\/revisions"}],"wp:featuredmedia":[{"embeddable":true,"href":"https:\/\/nexgendecors.com\/fr\/wp-json\/wp\/v2\/media\/158124"}],"wp:attachment":[{"href":"https:\/\/nexgendecors.com\/fr\/wp-json\/wp\/v2\/media?parent=158114"}],"wp:term":[{"taxonomy":"product_brand","embeddable":true,"href":"https:\/\/nexgendecors.com\/fr\/wp-json\/wp\/v2\/product_brand?post=158114"},{"taxonomy":"product_cat","embeddable":true,"href":"https:\/\/nexgendecors.com\/fr\/wp-json\/wp\/v2\/product_cat?post=158114"},{"taxonomy":"product_tag","embeddable":true,"href":"https:\/\/nexgendecors.com\/fr\/wp-json\/wp\/v2\/product_tag?post=158114"}],"curies":[{"name":"wp","href":"https:\/\/api.w.org\/{rel}","templated":true}]}}