{"id":158231,"date":"2025-02-11T03:16:44","date_gmt":"2025-02-11T03:16:44","guid":{"rendered":"https:\/\/nexgendecors.com\/en\/product\/wood-grain-rock-slab-seamless-splicing-integrated-basin-bathroom-hotel-villa-wash-basin-wall-mounted-under-counter-basin\/"},"modified":"2025-04-06T09:53:03","modified_gmt":"2025-04-06T09:53:03","slug":"wood-grain-rock-slab-seamless-splicing-integrated-basin-bathroom-hotel-villa-wash-basin-wall-mounted-under-counter-basin","status":"publish","type":"product","link":"https:\/\/nexgendecors.com\/fr\/product\/wood-grain-rock-slab-seamless-splicing-integrated-basin-bathroom-hotel-villa-wash-basin-wall-mounted-under-counter-basin\/","title":{"rendered":"Lavabo mural en pierre \u00e0 grain de bois pour h\u00f4tels"},"content":{"rendered":"<ul>\n<li><strong>marque<\/strong>:Roderick<\/li>\n<li><strong>mod\u00e8le<\/strong>:RYB055<\/li>\n<li><strong>Ouverture du robinet<\/strong>:Pas de trous<\/li>\n<li><strong>Mat\u00e9riel<\/strong>:Autre<\/li>\n<li><strong>Service en ville<\/strong>:Mesure, livraison et installation porte-\u00e0-porte dans la m\u00eame ville<\/li>\n<li><strong>trier par couleur<\/strong>:80cm rock slab integrated basin, 90cm rock slab integrated basin, 100cm rock slab integrated basin, 110cm rock slab integrated basin, 120cm rock slab integrated basin, 130cm rock slab integrated basin, 140cm rock slab integrated basin, 150cm rock slab integrated basin, color can be customized<\/li>\n<\/ul>","protected":false},"excerpt":{"rendered":"<p>Marque : Roderick Mod\u00e8le : RYB055 Ouverture du robinet : Sans trous Mat\u00e9riau : Autre Service en ville : Mesure, livraison et installation porte-\u00e0-porte dans la m\u00eame ville Trier par couleur : 80 cm rock<\/p>","protected":false},"featured_media":158230,"comment_status":"open","ping_status":"closed","template":"","meta":[],"product_brand":[],"product_cat":[30892,30880],"product_tag":[30891],"class_list":{"0":"post-158231","1":"product","2":"type-product","3":"status-publish","4":"has-post-thumbnail","6":"product_cat-export","7":"product_cat-wholesales-bathroom-sink","8":"product_tag-title-adjust","10":"first","11":"instock","12":"taxable","13":"shipping-taxable","14":"purchasable","15":"product-type-variable"},"_links":{"self":[{"href":"https:\/\/nexgendecors.com\/fr\/wp-json\/wp\/v2\/product\/158231","targetHints":{"allow":["GET"]}}],"collection":[{"href":"https:\/\/nexgendecors.com\/fr\/wp-json\/wp\/v2\/product"}],"about":[{"href":"https:\/\/nexgendecors.com\/fr\/wp-json\/wp\/v2\/types\/product"}],"replies":[{"embeddable":true,"href":"https:\/\/nexgendecors.com\/fr\/wp-json\/wp\/v2\/comments?post=158231"}],"version-history":[{"count":0,"href":"https:\/\/nexgendecors.com\/fr\/wp-json\/wp\/v2\/product\/158231\/revisions"}],"wp:featuredmedia":[{"embeddable":true,"href":"https:\/\/nexgendecors.com\/fr\/wp-json\/wp\/v2\/media\/158230"}],"wp:attachment":[{"href":"https:\/\/nexgendecors.com\/fr\/wp-json\/wp\/v2\/media?parent=158231"}],"wp:term":[{"taxonomy":"product_brand","embeddable":true,"href":"https:\/\/nexgendecors.com\/fr\/wp-json\/wp\/v2\/product_brand?post=158231"},{"taxonomy":"product_cat","embeddable":true,"href":"https:\/\/nexgendecors.com\/fr\/wp-json\/wp\/v2\/product_cat?post=158231"},{"taxonomy":"product_tag","embeddable":true,"href":"https:\/\/nexgendecors.com\/fr\/wp-json\/wp\/v2\/product_tag?post=158231"}],"curies":[{"name":"wp","href":"https:\/\/api.w.org\/{rel}","templated":true}]}}