{"id":158246,"date":"2025-02-11T03:17:39","date_gmt":"2025-02-11T03:17:39","guid":{"rendered":"https:\/\/nexgendecors.com\/en\/product\/three-lamps-in-one-house-retro-and-simple-wood-grain-industrial-style-bedroom-bedside-restaurant-bar-living-room-personalized-creative-chandelier-2\/"},"modified":"2025-04-06T09:53:05","modified_gmt":"2025-04-06T09:53:05","slug":"three-lamps-in-one-house-retro-and-simple-wood-grain-industrial-style-bedroom-bedside-restaurant-bar-living-room-personalized-creative-chandelier-2","status":"publish","type":"product","link":"https:\/\/nexgendecors.com\/fr\/product\/three-lamps-in-one-house-retro-and-simple-wood-grain-industrial-style-bedroom-bedside-restaurant-bar-living-room-personalized-creative-chandelier-2\/","title":{"rendered":"Lampe de style industriel r\u00e9tro en bois \u2013 Lustre cr\u00e9atif"},"content":{"rendered":"<ul>\n<li><strong>marque<\/strong>:Granman<\/li>\n<li><strong>mod\u00e8le<\/strong>:GLM-DD-158\/LED<\/li>\n<li><strong>style<\/strong>:Europe du Nord<\/li>\n<li><strong>Type de contr\u00f4le<\/strong>:Contr\u00f4le non intelligent<\/li>\n<li><strong>Type de lustre<\/strong>:Lustre en verre<\/li>\n<li><strong>Mat\u00e9riau principal du corps de la lampe<\/strong>:Verre<\/li>\n<li><strong>Mat\u00e9riau principal de l&#039;abat-jour<\/strong>:Verre<\/li>\n<li><strong>Tension<\/strong>:111V~240V inclusive<\/li>\n<li><strong>Type intelligent<\/strong>:Autres renseignements<\/li>\n<li><strong>Nombre d&#039;accessoires<\/strong>:3<\/li>\n<li><strong>Forme de la lampe<\/strong>:Lustre \u00e0 double usage \u00e0 ventouse et \u00e0 suspension<\/li>\n<li><strong>Que ce soit un contr\u00f4le intelligent<\/strong>:Non<\/li>\n<li><strong>Mat\u00e9riau auxiliaire pour abat-jour<\/strong>:Verre<\/li>\n<li><strong>Nombre de t\u00eates de lampe<\/strong>:1<\/li>\n<li><strong>Mat\u00e9riau auxiliaire du corps de la lampe<\/strong>:fer<\/li>\n<li><strong>Origine<\/strong>:Chine continentale<\/li>\n<li><strong>P\u00e9riode de garantie<\/strong>:2 years<\/li>\n<li><strong>Zone d&#039;irradiation<\/strong>:5\u33a1-10\u33a1<\/li>\n<li><strong>La lampe a-t-elle une source lumineuse ?<\/strong>:Oui<\/li>\n<li><strong>Light source type<\/strong>:Halogen lamp, LED lamp<\/li>\n<li><strong>Nombre de sources lumineuses<\/strong>:1<\/li>\n<li><strong>Technologie<\/strong>:Gla\u00e7age \u00e0 la peinture en a\u00e9rosol<\/li>\n<li><strong>trier par couleur<\/strong>:Large cognac glass + wood grain cover, wood grain straight strip three-head package style message, wood grain disc three-head package style message, wood grain disc four-head package style message, long cognac glass + wood grain cover, round ball cognac glass + wood grain cover, long clear glass + white cover, medium cognac glass + wood grain cover, wood grain straight strip four-head package style message<\/li>\n<li><strong>Num\u00e9ro de certificat 3C<\/strong>:2020181001018046<\/li>\n<\/ul>","protected":false},"excerpt":{"rendered":"<p>Marque : Granman Mod\u00e8le : GLM-DD-158\/LED Style : Europe du Nord Type de contr\u00f4le : Contr\u00f4le non intelligent Type de lustre : Lustre en verre Mat\u00e9riau principal du corps de la lampe : Verre Mat\u00e9riau principal de l&#039;abat-jour : Verre Tension : 111 V ~ 240 V inclus<\/p>","protected":false},"featured_media":158245,"comment_status":"open","ping_status":"closed","template":"","meta":[],"product_brand":[],"product_cat":[30892,30864],"product_tag":[30891],"class_list":{"0":"post-158246","1":"product","2":"type-product","3":"status-publish","4":"has-post-thumbnail","6":"product_cat-export","7":"product_cat-new-wholesales-lights","8":"product_tag-title-adjust","10":"first","11":"instock","12":"taxable","13":"shipping-taxable","14":"purchasable","15":"product-type-variable"},"_links":{"self":[{"href":"https:\/\/nexgendecors.com\/fr\/wp-json\/wp\/v2\/product\/158246","targetHints":{"allow":["GET"]}}],"collection":[{"href":"https:\/\/nexgendecors.com\/fr\/wp-json\/wp\/v2\/product"}],"about":[{"href":"https:\/\/nexgendecors.com\/fr\/wp-json\/wp\/v2\/types\/product"}],"replies":[{"embeddable":true,"href":"https:\/\/nexgendecors.com\/fr\/wp-json\/wp\/v2\/comments?post=158246"}],"version-history":[{"count":0,"href":"https:\/\/nexgendecors.com\/fr\/wp-json\/wp\/v2\/product\/158246\/revisions"}],"wp:featuredmedia":[{"embeddable":true,"href":"https:\/\/nexgendecors.com\/fr\/wp-json\/wp\/v2\/media\/158245"}],"wp:attachment":[{"href":"https:\/\/nexgendecors.com\/fr\/wp-json\/wp\/v2\/media?parent=158246"}],"wp:term":[{"taxonomy":"product_brand","embeddable":true,"href":"https:\/\/nexgendecors.com\/fr\/wp-json\/wp\/v2\/product_brand?post=158246"},{"taxonomy":"product_cat","embeddable":true,"href":"https:\/\/nexgendecors.com\/fr\/wp-json\/wp\/v2\/product_cat?post=158246"},{"taxonomy":"product_tag","embeddable":true,"href":"https:\/\/nexgendecors.com\/fr\/wp-json\/wp\/v2\/product_tag?post=158246"}],"curies":[{"name":"wp","href":"https:\/\/api.w.org\/{rel}","templated":true}]}}