{"id":158282,"date":"2025-02-11T03:21:33","date_gmt":"2025-02-11T03:21:33","guid":{"rendered":"https:\/\/nexgendecors.com\/en\/product\/nuoye-furniture-italian-minimalist-two-way-special-shaped-large-flat-model-room-big-bear-internet-celebrity-polar-bear-shape-sofa\/"},"modified":"2025-03-09T14:47:59","modified_gmt":"2025-03-09T14:47:59","slug":"nuoye-furniture-italian-minimalist-two-way-special-shaped-large-flat-model-room-big-bear-internet-celebrity-polar-bear-shape-sofa","status":"publish","type":"product","link":"https:\/\/nexgendecors.com\/fr\/product\/nuoye-furniture-italian-minimalist-two-way-special-shaped-large-flat-model-room-big-bear-internet-celebrity-polar-bear-shape-sofa\/","title":{"rendered":"Canap\u00e9 en forme d&#039;ours polaire Nuoye Furniture \u2013 Minimaliste italien"},"content":{"rendered":"<ul>\n<li><strong>marque<\/strong>:Nuoye Furniture<\/li>\n<li><strong>mod\u00e8le<\/strong>:Polar Bear Sofa<\/li>\n<li><strong>Mat\u00e9riel<\/strong>:Bois<\/li>\n<li><strong>Mat\u00e9riau en bois<\/strong>:autre<\/li>\n<li><strong>Tissu<\/strong>:Tissus composites<\/li>\n<li><strong>mod\u00e8le<\/strong>:animal<\/li>\n<li><strong>style<\/strong>:Minimalisme italien<\/li>\n<li><strong>Combien de personnes sont assises<\/strong>:combinaison<\/li>\n<li><strong>\u00c9l\u00e9ments populaires<\/strong>:Special shape, splicing<\/li>\n<li><strong>trier par couleur<\/strong>:3.0 meters long white detachable and washable,3.0 meters long black detachable and washable,3.2 meters long white detachable and washable,3.2 meters long black detachable and washable,3.7 meters long white detachable and washable,3.7 meters long black detachable and washable,4.2 meters long white detachable and washable,4.2 meters long black detachable and washable,3.0 meters long white sofa,3.0 meters long black sofa,3.2 meters long white sofa,3.2 meters long black sofa,3.7 meters long white sofa,3.7 meters long black sofa,4.2 meters long white sofa,4.2 meters long black sofa<\/li>\n<li><strong>Remplissage<\/strong>:Independent spring bag<\/li>\n<li><strong>Technologie structurelle<\/strong>:Artisanat du bois<\/li>\n<li><strong>Est-ce personnalisable ?<\/strong>:Oui<\/li>\n<li><strong>Combinaison de canap\u00e9<\/strong>:En forme de U<\/li>\n<li><strong>Est-il amovible et lavable ?<\/strong>:Oui<\/li>\n<li><strong>Fonctionnalit\u00e9s suppl\u00e9mentaires<\/strong>:Amovible<\/li>\n<li><strong>Client\u00e8le cible<\/strong>:Adultes<\/li>\n<li><strong>Y a-t-il un espace de stockage ?<\/strong>:Non<\/li>\n<li><strong>Processus de finition du tissu<\/strong>:Flocking<\/li>\n<li><strong>Livraison\/installation disponible<\/strong>:Autres, P\u00e9kin, Chongqing, Shanghai, Tianjin, Shenzhen, Chengdu, Shenyang, Dalian, Harbin, Nanjing, Wuxi, Changzhou, Suzhou, Hangzhou, Ningbo, Wenzhou, Jinhua, Taizhou, Fuzhou, Xiamen, Nanchang, Qingdao, Zhengzhou, Wuhan, Changsha, Guangzhou, Foshan, Dongguan, Nanning, Guiyang, Xi&#039;an<\/li>\n<li><strong>Origine<\/strong>:Province du Guangdong<\/li>\n<li><strong>Ville<\/strong>:Foshan<\/li>\n<li><strong>Districts et comt\u00e9s<\/strong>:Autres domaines<\/li>\n<li><strong>Assembler<\/strong>:Non<\/li>\n<li><strong>Volume d&#039;emballage<\/strong>:twenty two<\/li>\n<li><strong>Un taxi est-il disponible pour le transport ?<\/strong>:Non<\/li>\n<li><strong>Duret\u00e9 du remplissage<\/strong>:doux<\/li>\n<li><strong>Positionnement de style<\/strong>:\u00c9conomique<\/li>\n<li><strong>Instructions d&#039;installation d\u00e9taill\u00e9es<\/strong>:Aucune instruction d&#039;installation<\/li>\n<li><strong><\/strong>:<\/li>\n<\/ul>","protected":false},"excerpt":{"rendered":"<p>Marque : Nuoye Furniture Mod\u00e8le : Canap\u00e9 ours polaire Mat\u00e9riau : Bois Mat\u00e9riau du bois : autre Tissu : Tissus composites Motif : animal Style : Minimalisme italien Nombre de personnes assises : Combinaison \u00c9l\u00e9ments populaires : Forme sp\u00e9ciale,<\/p>","protected":false},"featured_media":158299,"comment_status":"open","ping_status":"closed","template":"","meta":[],"product_brand":[],"product_cat":[30892,30862,30846,30873,30890],"product_tag":[30891],"class_list":{"0":"post-158282","1":"product","2":"type-product","3":"status-publish","4":"has-post-thumbnail","6":"product_cat-export","7":"product_cat-wholesales-hotels","8":"product_cat-living-room","9":"product_cat-sofa","10":"product_cat-sofas-fav","11":"product_tag-title-adjust","13":"first","14":"instock","15":"taxable","16":"shipping-taxable","17":"purchasable","18":"product-type-variable"},"_links":{"self":[{"href":"https:\/\/nexgendecors.com\/fr\/wp-json\/wp\/v2\/product\/158282","targetHints":{"allow":["GET"]}}],"collection":[{"href":"https:\/\/nexgendecors.com\/fr\/wp-json\/wp\/v2\/product"}],"about":[{"href":"https:\/\/nexgendecors.com\/fr\/wp-json\/wp\/v2\/types\/product"}],"replies":[{"embeddable":true,"href":"https:\/\/nexgendecors.com\/fr\/wp-json\/wp\/v2\/comments?post=158282"}],"version-history":[{"count":0,"href":"https:\/\/nexgendecors.com\/fr\/wp-json\/wp\/v2\/product\/158282\/revisions"}],"wp:featuredmedia":[{"embeddable":true,"href":"https:\/\/nexgendecors.com\/fr\/wp-json\/wp\/v2\/media\/158299"}],"wp:attachment":[{"href":"https:\/\/nexgendecors.com\/fr\/wp-json\/wp\/v2\/media?parent=158282"}],"wp:term":[{"taxonomy":"product_brand","embeddable":true,"href":"https:\/\/nexgendecors.com\/fr\/wp-json\/wp\/v2\/product_brand?post=158282"},{"taxonomy":"product_cat","embeddable":true,"href":"https:\/\/nexgendecors.com\/fr\/wp-json\/wp\/v2\/product_cat?post=158282"},{"taxonomy":"product_tag","embeddable":true,"href":"https:\/\/nexgendecors.com\/fr\/wp-json\/wp\/v2\/product_tag?post=158282"}],"curies":[{"name":"wp","href":"https:\/\/api.w.org\/{rel}","templated":true}]}}