{"id":158322,"date":"2025-02-11T03:25:32","date_gmt":"2025-02-11T03:25:32","guid":{"rendered":"https:\/\/nexgendecors.com\/en\/product\/fish-belly-white-hot-bending-hot-pressing-rock-plate-integrated-basin-wall-mounted-seamless-wash-basin-wash-basin-wash-basin-under-the-table-custom\/"},"modified":"2025-04-06T09:53:14","modified_gmt":"2025-04-06T09:53:14","slug":"ventre-de-poisson-blanc-pliage-a-chaud-pressage-a-chaud-plaque-de-roche-lavabo-integre-montage-mural-lavabo-sans-soudure-lavabo-lavabo-sous-la-table-personnalise","status":"publish","type":"product","link":"https:\/\/nexgendecors.com\/fr\/product\/ventre-de-poisson-blanc-pliage-a-chaud-pressage-a-chaud-plaque-de-roche-lavabo-integre-montage-mural-lavabo-sans-soudure-lavabo-lavabo-sous-la-table-personnalise\/","title":{"rendered":"Vasque murale blanche sans joint Fish Belly"},"content":{"rendered":"<ul>\n<li><strong>marque<\/strong>:Roderick<\/li>\n<li><strong>mod\u00e8le<\/strong>:RYB20<\/li>\n<li><strong>Ouverture du robinet<\/strong>:Pas de trous<\/li>\n<li><strong>Mat\u00e9riel<\/strong>:Autre<\/li>\n<li><strong>Service en ville<\/strong>:Mesure, livraison et installation porte-\u00e0-porte dans la m\u00eame ville<\/li>\n<li><strong>trier par couleur<\/strong>:Bassin int\u00e9gr\u00e9 de cintrage \u00e0 chaud de dalle de roche de 80 cm, bassin int\u00e9gr\u00e9 de cintrage \u00e0 chaud de dalle de roche de 90 cm, bassin int\u00e9gr\u00e9 de cintrage \u00e0 chaud de dalle de roche de 100 cm, bassin int\u00e9gr\u00e9 de cintrage \u00e0 chaud de dalle de roche de 110 cm, bassin int\u00e9gr\u00e9 de cintrage \u00e0 chaud de dalle de roche de 120 cm, bassin int\u00e9gr\u00e9 de cintrage \u00e0 chaud de dalle de roche de 130 cm, bassin int\u00e9gr\u00e9 de cintrage \u00e0 chaud de dalle de roche de 140 cm, bassin int\u00e9gr\u00e9 de cintrage \u00e0 chaud de dalle de roche de 150 cm, la couleur peut \u00eatre personnalis\u00e9e<\/li>\n<\/ul>","protected":false},"excerpt":{"rendered":"<p>Marque : Roderick Mod\u00e8le : RYB20 Ouverture du robinet : Sans trous Mat\u00e9riau : Autre Service en ville : Mesure, livraison et installation porte-\u00e0-porte dans la m\u00eame ville Trier par couleur : 80 cm rock<\/p>","protected":false},"featured_media":158321,"comment_status":"open","ping_status":"closed","template":"","meta":[],"product_brand":[],"product_cat":[30892,30880],"product_tag":[30891],"class_list":{"0":"post-158322","1":"product","2":"type-product","3":"status-publish","4":"has-post-thumbnail","6":"product_cat-export","7":"product_cat-wholesales-bathroom-sink","8":"product_tag-title-adjust","10":"first","11":"instock","12":"taxable","13":"shipping-taxable","14":"purchasable","15":"product-type-variable"},"_links":{"self":[{"href":"https:\/\/nexgendecors.com\/fr\/wp-json\/wp\/v2\/product\/158322","targetHints":{"allow":["GET"]}}],"collection":[{"href":"https:\/\/nexgendecors.com\/fr\/wp-json\/wp\/v2\/product"}],"about":[{"href":"https:\/\/nexgendecors.com\/fr\/wp-json\/wp\/v2\/types\/product"}],"replies":[{"embeddable":true,"href":"https:\/\/nexgendecors.com\/fr\/wp-json\/wp\/v2\/comments?post=158322"}],"version-history":[{"count":0,"href":"https:\/\/nexgendecors.com\/fr\/wp-json\/wp\/v2\/product\/158322\/revisions"}],"wp:featuredmedia":[{"embeddable":true,"href":"https:\/\/nexgendecors.com\/fr\/wp-json\/wp\/v2\/media\/158321"}],"wp:attachment":[{"href":"https:\/\/nexgendecors.com\/fr\/wp-json\/wp\/v2\/media?parent=158322"}],"wp:term":[{"taxonomy":"product_brand","embeddable":true,"href":"https:\/\/nexgendecors.com\/fr\/wp-json\/wp\/v2\/product_brand?post=158322"},{"taxonomy":"product_cat","embeddable":true,"href":"https:\/\/nexgendecors.com\/fr\/wp-json\/wp\/v2\/product_cat?post=158322"},{"taxonomy":"product_tag","embeddable":true,"href":"https:\/\/nexgendecors.com\/fr\/wp-json\/wp\/v2\/product_tag?post=158322"}],"curies":[{"name":"wp","href":"https:\/\/api.w.org\/{rel}","templated":true}]}}