{"id":158356,"date":"2025-02-11T03:26:57","date_gmt":"2025-02-11T03:26:57","guid":{"rendered":"https:\/\/nexgendecors.com\/en\/product\/nordic-dining-table-lamp-restaurant-lamp-dining-room-simple-modern-one-line-long-study-chandelier-cream-style-light-luxury-bar-lamp\/"},"modified":"2025-04-06T09:53:17","modified_gmt":"2025-04-06T09:53:17","slug":"nordic-dining-table-lamp-restaurant-lamp-dining-room-simple-modern-one-line-long-study-chandelier-cream-style-light-luxury-bar-lamp","status":"publish","type":"product","link":"https:\/\/nexgendecors.com\/fr\/product\/nordic-dining-table-lamp-restaurant-lamp-dining-room-simple-modern-one-line-long-study-chandelier-cream-style-light-luxury-bar-lamp\/","title":{"rendered":"Lampe de table \u00e0 manger moderne et nordique \u2013 Lustre de luxe"},"content":{"rendered":"<ul>\n<li><strong>marque<\/strong>:autre\/autre<\/li>\n<li><strong>mod\u00e8le<\/strong>:7068 Black<\/li>\n<li><strong>style<\/strong>:Europe du Nord<\/li>\n<li><strong>Origine<\/strong>:Chine continentale<\/li>\n<li><strong>Temp\u00e9rature de couleur de la source lumineuse Valeur K<\/strong>:3000K<\/li>\n<li><strong>trier par couleur<\/strong>:7068-4 black amber lampshade, 7068-4 black ash lampshade, 7068-5 black amber lampshade, 7068-5 black milky white lampshade, 7068-5 black transparent lampshade, 7068-5 black ash lampshade, 7068-6 black amber lampshade, 7068-6 black milky white lampshade, 7068-6 black transparent lampshade, 7068-6 black ash lampshade, 7068-9 black amber lampshade, 7068-9 black ash lampshade, 7068-4 black amber lampshade three-color light source, 7068-4 Black ash lampshade three-color light source, 7068-5 black amber lampshade three-color light source, 7068-5 black milky white lampshade three-color light source, 7068-5 black transparent lampshade three-color light source, 7068-5 black ash lampshade three-color light source, 7068-6 black amber lampshade three-color light source, 7068-6 black milky white lampshade three-color light source, 7068-6 black transparent lampshade three-color light source, 7068-6 black ash lampshade three-color light source, 7068-9 black amber lampshade three-color light source, 7068-9 black ash lampshade three-color light source<\/li>\n<li><strong>La lampe a-t-elle une source lumineuse ?<\/strong>:Non<\/li>\n<li><strong>Service en ville<\/strong>:Livraison porte-\u00e0-porte logistique intra-urbaine<\/li>\n<li><strong>Tension<\/strong>:111V~240V inclusive<\/li>\n<li><strong>Mat\u00e9riau principal du corps de la lampe<\/strong>:fer<\/li>\n<li><strong>Mat\u00e9riau principal de l&#039;abat-jour<\/strong>:Verre<\/li>\n<li><strong>Light source type<\/strong>:LED lamp, incandescent lamp<\/li>\n<li><strong>Nombre de sources lumineuses<\/strong>:6<\/li>\n<li><strong>Technologie<\/strong>:Gla\u00e7age \u00e0 la peinture en a\u00e9rosol<\/li>\n<li><strong>Zone d&#039;irradiation<\/strong>:15\u33a1-30\u33a1<\/li>\n<li><strong>Type de contr\u00f4le<\/strong>:Other, non-intelligent control<\/li>\n<li><strong>Mat\u00e9riau auxiliaire pour abat-jour<\/strong>:Verre<\/li>\n<li><strong>P\u00e9riode de garantie<\/strong>:3 ans<\/li>\n<li><strong>Mat\u00e9riau auxiliaire du corps de la lampe<\/strong>:fer<\/li>\n<li><strong>Type intelligent<\/strong>:Autres renseignements<\/li>\n<li><strong>Que ce soit un contr\u00f4le intelligent<\/strong>:Non<\/li>\n<li><strong>Forme de la lampe<\/strong>:Autres lustres de forme sp\u00e9ciale<\/li>\n<li><strong>Nombre de t\u00eates de lampe<\/strong>:6<\/li>\n<li><strong>Type de lustre<\/strong>:Lustre en fer forg\u00e9<\/li>\n<li><strong>Num\u00e9ro de certificat 3C<\/strong>:2016010702862801<\/li>\n<li><strong><\/strong>:<\/li>\n<\/ul>","protected":false},"excerpt":{"rendered":"<p>Marque : autre\/autre Mod\u00e8le : 7068 Noir Style : Europe du Nord Origine : Chine continentale Temp\u00e9rature de couleur de la source lumineuse Valeur K : 3000 K Trier par couleur : 7068-4 Abat-jour noir ambr\u00e9, 7068-4<\/p>","protected":false},"featured_media":158355,"comment_status":"open","ping_status":"closed","template":"","meta":[],"product_brand":[],"product_cat":[30892,30864],"product_tag":[30891],"class_list":{"0":"post-158356","1":"product","2":"type-product","3":"status-publish","4":"has-post-thumbnail","6":"product_cat-export","7":"product_cat-new-wholesales-lights","8":"product_tag-title-adjust","10":"first","11":"instock","12":"taxable","13":"shipping-taxable","14":"purchasable","15":"product-type-variable"},"_links":{"self":[{"href":"https:\/\/nexgendecors.com\/fr\/wp-json\/wp\/v2\/product\/158356","targetHints":{"allow":["GET"]}}],"collection":[{"href":"https:\/\/nexgendecors.com\/fr\/wp-json\/wp\/v2\/product"}],"about":[{"href":"https:\/\/nexgendecors.com\/fr\/wp-json\/wp\/v2\/types\/product"}],"replies":[{"embeddable":true,"href":"https:\/\/nexgendecors.com\/fr\/wp-json\/wp\/v2\/comments?post=158356"}],"version-history":[{"count":0,"href":"https:\/\/nexgendecors.com\/fr\/wp-json\/wp\/v2\/product\/158356\/revisions"}],"wp:featuredmedia":[{"embeddable":true,"href":"https:\/\/nexgendecors.com\/fr\/wp-json\/wp\/v2\/media\/158355"}],"wp:attachment":[{"href":"https:\/\/nexgendecors.com\/fr\/wp-json\/wp\/v2\/media?parent=158356"}],"wp:term":[{"taxonomy":"product_brand","embeddable":true,"href":"https:\/\/nexgendecors.com\/fr\/wp-json\/wp\/v2\/product_brand?post=158356"},{"taxonomy":"product_cat","embeddable":true,"href":"https:\/\/nexgendecors.com\/fr\/wp-json\/wp\/v2\/product_cat?post=158356"},{"taxonomy":"product_tag","embeddable":true,"href":"https:\/\/nexgendecors.com\/fr\/wp-json\/wp\/v2\/product_tag?post=158356"}],"curies":[{"name":"wp","href":"https:\/\/api.w.org\/{rel}","templated":true}]}}