{"id":15838,"date":"2025-01-13T06:53:42","date_gmt":"2025-01-13T06:53:42","guid":{"rendered":"https:\/\/nexgendecors.com\/product\/color-household-toilet-without-water-tank-siphon-small-size-pulse-non-intelligent-toilet-seat-without-water-pressure-limit\/"},"modified":"2025-04-06T07:39:09","modified_gmt":"2025-04-06T07:39:09","slug":"toilettes-domestiques-colorees-sans-reservoir-deau-siphon-petite-taille-siege-de-toilette-non-intelligent-a-impulsion-sans-limite-de-pression-deau","status":"publish","type":"product","link":"https:\/\/nexgendecors.com\/fr\/product\/toilettes-domestiques-colorees-sans-reservoir-deau-siphon-petite-taille-siege-de-toilette-non-intelligent-a-impulsion-sans-limite-de-pression-deau\/","title":{"rendered":"Si\u00e8ge de toilette compact et color\u00e9 \u00e0 siphon \u2013 \u00c9l\u00e9gant et sans pression"},"content":{"rendered":"<ul>\n<li>\n<strong>marque<\/strong>:Manglis<\/li>\n<li>\n<strong>mod\u00e8le<\/strong>:GC-668<\/li>\n<li>\n<strong>Distance minimale des stands<\/strong>:Autre\/autre,400 mm,305 mm,350 mm<\/li>\n<li>\n<strong>Niveau d&#039;efficacit\u00e9 de l&#039;eau<\/strong>:Niveau 1<\/li>\n<li>\n<strong>province<\/strong>:Province du Guangdong<\/li>\n<li>\n<strong>ville<\/strong>:Ville de Chaozhou<\/li>\n<li>\n<strong>Service en ville<\/strong>:Livraison porte-\u00e0-porte logistique intra-urbaine<\/li>\n<li>\n<strong>Volume de chasse d&#039;eau des toilettes<\/strong>:3\/4,5 L<\/li>\n<li>\n<strong>Type de bouton de chasse d&#039;eau<\/strong>:Autre<\/li>\n<li>\n<strong>Origine<\/strong>:Chine continentale<\/li>\n<li>\n<strong>La couverture est-elle tamponn\u00e9e ?<\/strong>:Oui<\/li>\n<li>\n<strong>Type de toilettes<\/strong>:Une pi\u00e8ce<\/li>\n<li>\n<strong>Mat\u00e9riel<\/strong>:c\u00e9ramique<\/li>\n<li>\n<strong>M\u00e9thode de chasse d&#039;eau des toilettes<\/strong>:Assistance \u00e9lectrique<\/li>\n<li>\n<strong>M\u00e9thode de drainage<\/strong>:Drainage du sol<\/li>\n<li>\n<strong>Porteur<\/strong>:70 kg et plus<\/li>\n<li>\n<strong>Installation<\/strong>:Point de rep\u00e8re<\/li>\n<li>\n<strong>trier par couleur<\/strong>:[Installation incluse] Mod\u00e8le \u00e0 panneau plat \u2013 Blanc flocon de neige, [Installation incluse] Mod\u00e8le \u00e0 panneau plat \u2013 Gris lin, [Installation incluse] Mod\u00e8le \u00e0 panneau plat \u2013 Noir \u00e9l\u00e9gant, [Installation incluse] Mod\u00e8le \u00e0 panneau plat \u2013 Mod\u00e8le am\u00e9lior\u00e9 : Blanc flocon de neige, [Installation incluse] Mod\u00e8le \u00e0 panneau plat \u2013 Mod\u00e8le am\u00e9lior\u00e9 : Gris lin, [Installation incluse] Mod\u00e8le \u00e0 panneau plat \u2013 Mod\u00e8le am\u00e9lior\u00e9 : Noir \u00e9l\u00e9gant, [Installation incluse] Mod\u00e8le rond \u00e0 pression centrale \u2013 Blanc flocon de neige, [Installation incluse] Mod\u00e8le rond \u00e0 pression centrale \u2013 Gris lin, [Installation incluse] Mod\u00e8le rond \u00e0 pression centrale \u2013 Noir \u00e9l\u00e9gant, Nouvelle recommandation de toilettes intelligentes<\/li>\n<\/ul>\n<p><img><\/p>","protected":false},"excerpt":{"rendered":"<p>Marque : Manglis Mod\u00e8le : GC-668 Distance minimale de la fosse : Autre\/autre, 400 mm, 305 mm, 350 mm Niveau d&#039;efficacit\u00e9 de l&#039;eau : Niveau 1 Province : Province du Guangdong Ville : Ville de Chaozhou Service en ville : Logistique intra-urbaine Livraison porte-\u00e0-porte Chasse d&#039;eau des toilettes<\/p>","protected":false},"featured_media":16580,"comment_status":"open","ping_status":"closed","template":"","meta":[],"product_brand":[],"product_cat":[30971,353],"product_tag":[],"class_list":{"0":"post-15838","1":"product","2":"type-product","3":"status-publish","4":"has-post-thumbnail","6":"product_cat-hp","7":"product_cat-wholesale-toilet","9":"first","10":"instock","11":"taxable","12":"shipping-taxable","13":"purchasable","14":"product-type-variable"},"_links":{"self":[{"href":"https:\/\/nexgendecors.com\/fr\/wp-json\/wp\/v2\/product\/15838","targetHints":{"allow":["GET"]}}],"collection":[{"href":"https:\/\/nexgendecors.com\/fr\/wp-json\/wp\/v2\/product"}],"about":[{"href":"https:\/\/nexgendecors.com\/fr\/wp-json\/wp\/v2\/types\/product"}],"replies":[{"embeddable":true,"href":"https:\/\/nexgendecors.com\/fr\/wp-json\/wp\/v2\/comments?post=15838"}],"version-history":[{"count":0,"href":"https:\/\/nexgendecors.com\/fr\/wp-json\/wp\/v2\/product\/15838\/revisions"}],"wp:featuredmedia":[{"embeddable":true,"href":"https:\/\/nexgendecors.com\/fr\/wp-json\/wp\/v2\/media\/16580"}],"wp:attachment":[{"href":"https:\/\/nexgendecors.com\/fr\/wp-json\/wp\/v2\/media?parent=15838"}],"wp:term":[{"taxonomy":"product_brand","embeddable":true,"href":"https:\/\/nexgendecors.com\/fr\/wp-json\/wp\/v2\/product_brand?post=15838"},{"taxonomy":"product_cat","embeddable":true,"href":"https:\/\/nexgendecors.com\/fr\/wp-json\/wp\/v2\/product_cat?post=15838"},{"taxonomy":"product_tag","embeddable":true,"href":"https:\/\/nexgendecors.com\/fr\/wp-json\/wp\/v2\/product_tag?post=15838"}],"curies":[{"name":"wp","href":"https:\/\/api.w.org\/{rel}","templated":true}]}}