{"id":158391,"date":"2025-02-11T03:28:30","date_gmt":"2025-02-11T03:28:30","guid":{"rendered":"https:\/\/nexgendecors.com\/en\/product\/customized-light-luxury-high-end-wine-cabinet-designer-villa-mansion-living-room-brass-hammer-pattern-base-dining-sideboard-high-cabinet\/"},"modified":"2025-04-06T09:53:20","modified_gmt":"2025-04-06T09:53:20","slug":"armoire-a-vin-de-luxe-haut-de-gamme-personnalisee-design-de-villa-manoir-salon-base-en-laiton-a-motif-de-marteau-buffet-de-salle-a-manger-armoire-haute","status":"publish","type":"product","link":"https:\/\/nexgendecors.com\/fr\/product\/armoire-a-vin-de-luxe-haut-de-gamme-personnalisee-design-de-villa-manoir-salon-base-en-laiton-a-motif-de-marteau-buffet-de-salle-a-manger-armoire-haute\/","title":{"rendered":"Armoire \u00e0 vin de luxe en laiton \u00e0 motif de marteau pour les villas"},"content":{"rendered":"<ul>\n<li><strong>marque<\/strong>:Excellence Innovation<\/li>\n<li><strong>mod\u00e8le<\/strong>:V-0603<\/li>\n<li><strong>style<\/strong>:Style de luxe l\u00e9ger<\/li>\n<li><strong>Fonctionnalit\u00e9s suppl\u00e9mentaires<\/strong>:Stockage<\/li>\n<li><strong>Est-ce personnalisable ?<\/strong>:Oui<\/li>\n<li><strong>Assembler<\/strong>:Oui<\/li>\n<li><strong>Mat\u00e9riel<\/strong>:Panneau multicouche en bois massif<\/li>\n<li><strong>Nombre de tiroirs<\/strong>:6<\/li>\n<li><strong>Mat\u00e9riau de finition<\/strong>:M\u00e9tal<\/li>\n<li><strong>Nombre de portes<\/strong>:Double porte<\/li>\n<li><strong>trier par couleur<\/strong>:Armoire lat\u00e9rale en laque piano noir, armoire lat\u00e9rale en bois de ronce, armoire lat\u00e9rale en miroir en acier inoxydable, veuillez contacter le service client pour plus de d\u00e9tails<\/li>\n<li><strong><\/strong>:<\/li>\n<\/ul>","protected":false},"excerpt":{"rendered":"<p>marque:Excellence Innovation mod\u00e8le:V-0603 style:Light luxury style Caract\u00e9ristiques suppl\u00e9mentaires:Rangement Est-il personnalisable?:oui Assembler:oui Mat\u00e9riau:Bois massif multicouche Nombre de tiroirs:6 Finition<\/p>","protected":false},"featured_media":158390,"comment_status":"open","ping_status":"closed","template":"","meta":[],"product_brand":[],"product_cat":[30892,30862,30846,30904,30851],"product_tag":[30891],"class_list":{"0":"post-158391","1":"product","2":"type-product","3":"status-publish","4":"has-post-thumbnail","6":"product_cat-export","7":"product_cat-wholesales-hotels","8":"product_cat-living-room","9":"product_cat-trending-furniture","10":"product_cat-wholesale-cabinets","11":"product_tag-title-adjust","13":"first","14":"instock","15":"taxable","16":"shipping-taxable","17":"purchasable","18":"product-type-variable"},"_links":{"self":[{"href":"https:\/\/nexgendecors.com\/fr\/wp-json\/wp\/v2\/product\/158391","targetHints":{"allow":["GET"]}}],"collection":[{"href":"https:\/\/nexgendecors.com\/fr\/wp-json\/wp\/v2\/product"}],"about":[{"href":"https:\/\/nexgendecors.com\/fr\/wp-json\/wp\/v2\/types\/product"}],"replies":[{"embeddable":true,"href":"https:\/\/nexgendecors.com\/fr\/wp-json\/wp\/v2\/comments?post=158391"}],"version-history":[{"count":0,"href":"https:\/\/nexgendecors.com\/fr\/wp-json\/wp\/v2\/product\/158391\/revisions"}],"wp:featuredmedia":[{"embeddable":true,"href":"https:\/\/nexgendecors.com\/fr\/wp-json\/wp\/v2\/media\/158390"}],"wp:attachment":[{"href":"https:\/\/nexgendecors.com\/fr\/wp-json\/wp\/v2\/media?parent=158391"}],"wp:term":[{"taxonomy":"product_brand","embeddable":true,"href":"https:\/\/nexgendecors.com\/fr\/wp-json\/wp\/v2\/product_brand?post=158391"},{"taxonomy":"product_cat","embeddable":true,"href":"https:\/\/nexgendecors.com\/fr\/wp-json\/wp\/v2\/product_cat?post=158391"},{"taxonomy":"product_tag","embeddable":true,"href":"https:\/\/nexgendecors.com\/fr\/wp-json\/wp\/v2\/product_tag?post=158391"}],"curies":[{"name":"wp","href":"https:\/\/api.w.org\/{rel}","templated":true}]}}