{"id":158507,"date":"2025-02-11T03:40:53","date_gmt":"2025-02-11T03:40:53","guid":{"rendered":"https:\/\/nexgendecors.com\/en\/product\/harmony-series-glass-bathroom-bathroom-above-counter-basin-round-basin-countertop-faucet\/"},"modified":"2025-04-06T09:53:36","modified_gmt":"2025-04-06T09:53:36","slug":"harmony-series-glass-bathroom-bathroom-above-counter-basin-round-basin-countertop-faucet","status":"publish","type":"product","link":"https:\/\/nexgendecors.com\/fr\/product\/harmony-series-glass-bathroom-bathroom-above-counter-basin-round-basin-countertop-faucet\/","title":{"rendered":"Lavabo et robinet ronds en verre Harmony"},"content":{"rendered":"<ul>\n<li><strong>marque<\/strong>:autre\/autre<\/li>\n<li><strong>mod\u00e8le<\/strong>:Harmony Series<\/li>\n<li><strong>Mat\u00e9riel<\/strong>:cristal<\/li>\n<li><strong>trier par couleur<\/strong>:GL36-transparent 40CM, GL36-A dark ash 40CM, GL36-A light ash 40CM, GL36-A gold 40CM, GL36-A water blue 40CM, GL36-A amber 40CM, GL36-A wine red 40CM, GL36-A colorful 40CM, large basin + faucet set<\/li>\n<li><strong>Service en ville<\/strong>:Livraison porte-\u00e0-porte logistique intra-urbaine<\/li>\n<li><strong>Ouverture du robinet<\/strong>:Three holes<\/li>\n<\/ul>","protected":false},"excerpt":{"rendered":"<p>Marque : autre\/autre Mod\u00e8le : S\u00e9rie Harmony Mat\u00e9riau : cristal Trier par couleur : GL36-transparent 40CM, GL36-A fr\u00eane fonc\u00e9 40CM, GL36-A fr\u00eane clair 40CM, GL36-A or 40CM, GL36-A<\/p>","protected":false},"featured_media":158506,"comment_status":"open","ping_status":"closed","template":"","meta":[],"product_brand":[],"product_cat":[30892,30880],"product_tag":[30891],"class_list":{"0":"post-158507","1":"product","2":"type-product","3":"status-publish","4":"has-post-thumbnail","6":"product_cat-export","7":"product_cat-wholesales-bathroom-sink","8":"product_tag-title-adjust","10":"first","11":"instock","12":"taxable","13":"shipping-taxable","14":"purchasable","15":"product-type-variable"},"_links":{"self":[{"href":"https:\/\/nexgendecors.com\/fr\/wp-json\/wp\/v2\/product\/158507","targetHints":{"allow":["GET"]}}],"collection":[{"href":"https:\/\/nexgendecors.com\/fr\/wp-json\/wp\/v2\/product"}],"about":[{"href":"https:\/\/nexgendecors.com\/fr\/wp-json\/wp\/v2\/types\/product"}],"replies":[{"embeddable":true,"href":"https:\/\/nexgendecors.com\/fr\/wp-json\/wp\/v2\/comments?post=158507"}],"version-history":[{"count":0,"href":"https:\/\/nexgendecors.com\/fr\/wp-json\/wp\/v2\/product\/158507\/revisions"}],"wp:featuredmedia":[{"embeddable":true,"href":"https:\/\/nexgendecors.com\/fr\/wp-json\/wp\/v2\/media\/158506"}],"wp:attachment":[{"href":"https:\/\/nexgendecors.com\/fr\/wp-json\/wp\/v2\/media?parent=158507"}],"wp:term":[{"taxonomy":"product_brand","embeddable":true,"href":"https:\/\/nexgendecors.com\/fr\/wp-json\/wp\/v2\/product_brand?post=158507"},{"taxonomy":"product_cat","embeddable":true,"href":"https:\/\/nexgendecors.com\/fr\/wp-json\/wp\/v2\/product_cat?post=158507"},{"taxonomy":"product_tag","embeddable":true,"href":"https:\/\/nexgendecors.com\/fr\/wp-json\/wp\/v2\/product_tag?post=158507"}],"curies":[{"name":"wp","href":"https:\/\/api.w.org\/{rel}","templated":true}]}}