{"id":158536,"date":"2025-02-11T03:42:01","date_gmt":"2025-02-11T03:42:01","guid":{"rendered":"https:\/\/nexgendecors.com\/en\/product\/simple-glazed-ceramic-above-counter-basin\/"},"modified":"2025-04-07T04:07:20","modified_gmt":"2025-04-07T04:07:20","slug":"simple-glazed-ceramic-above-counter-basin","status":"publish","type":"product","link":"https:\/\/nexgendecors.com\/fr\/product\/simple-glazed-ceramic-above-counter-basin\/","title":{"rendered":"Vasque en c\u00e9ramique \u00e9maill\u00e9e \u00e0 poser sur le comptoir"},"content":{"rendered":"<ul>\n<li><strong>marque<\/strong>:autre\/autre<\/li>\n<li><strong>mod\u00e8le<\/strong>:00888<\/li>\n<li><strong>Ouverture du robinet<\/strong>:Trou unique<\/li>\n<li><strong>Origine<\/strong>:Chine continentale<\/li>\n<li><strong>province<\/strong>:Province du Guangdong<\/li>\n<li><strong>Ville<\/strong>:Foshan<\/li>\n<li><strong>Mat\u00e9riel<\/strong>:c\u00e9ramique<\/li>\n<li><strong>taille<\/strong>:400\u00d7400\u00d7115mm<\/li>\n<li><strong>Service en ville<\/strong>:Door-to-door measurement and delivery in the same city<\/li>\n<li><strong>trier par couleur<\/strong>:Round khaki yellow, round blue green, round khaki gray, round khaki light gray, round matte white, round elegant white, round matte black, square blue green, square khaki gray, square matte black, square matte white, square elegant white, brushed gold, elegant black, gun gray, electroplated silver, round basin + faucet, square basin + faucet<\/li>\n<\/ul>","protected":false},"excerpt":{"rendered":"<p>marque:autre\/autre mod\u00e8le:00888 Ouverture du robinet:monotrou Origine:province chinoise continentale:province de Guangdong Ville:Foshan Mat\u00e9riau:c\u00e9ramique dimensions:400\u00d7400\u00d7115mm Service en ville:mesure et livraison en porte-\u00e0-porte dans la m\u00eame ville.<\/p>","protected":false},"featured_media":158535,"comment_status":"open","ping_status":"closed","template":"","meta":[],"product_brand":[],"product_cat":[30893,30892,30880],"product_tag":[30891],"class_list":{"0":"post-158536","1":"product","2":"type-product","3":"status-publish","4":"has-post-thumbnail","6":"product_cat-bs-sink","7":"product_cat-export","8":"product_cat-wholesales-bathroom-sink","9":"product_tag-title-adjust","11":"first","12":"instock","13":"taxable","14":"shipping-taxable","15":"purchasable","16":"product-type-variable"},"_links":{"self":[{"href":"https:\/\/nexgendecors.com\/fr\/wp-json\/wp\/v2\/product\/158536","targetHints":{"allow":["GET"]}}],"collection":[{"href":"https:\/\/nexgendecors.com\/fr\/wp-json\/wp\/v2\/product"}],"about":[{"href":"https:\/\/nexgendecors.com\/fr\/wp-json\/wp\/v2\/types\/product"}],"replies":[{"embeddable":true,"href":"https:\/\/nexgendecors.com\/fr\/wp-json\/wp\/v2\/comments?post=158536"}],"version-history":[{"count":0,"href":"https:\/\/nexgendecors.com\/fr\/wp-json\/wp\/v2\/product\/158536\/revisions"}],"wp:featuredmedia":[{"embeddable":true,"href":"https:\/\/nexgendecors.com\/fr\/wp-json\/wp\/v2\/media\/158535"}],"wp:attachment":[{"href":"https:\/\/nexgendecors.com\/fr\/wp-json\/wp\/v2\/media?parent=158536"}],"wp:term":[{"taxonomy":"product_brand","embeddable":true,"href":"https:\/\/nexgendecors.com\/fr\/wp-json\/wp\/v2\/product_brand?post=158536"},{"taxonomy":"product_cat","embeddable":true,"href":"https:\/\/nexgendecors.com\/fr\/wp-json\/wp\/v2\/product_cat?post=158536"},{"taxonomy":"product_tag","embeddable":true,"href":"https:\/\/nexgendecors.com\/fr\/wp-json\/wp\/v2\/product_tag?post=158536"}],"curies":[{"name":"wp","href":"https:\/\/api.w.org\/{rel}","templated":true}]}}