{"id":158665,"date":"2025-02-11T03:45:07","date_gmt":"2025-02-11T03:45:07","guid":{"rendered":"https:\/\/nexgendecors.com\/en\/product\/fashionable-and-simple-style-oval-crystal-wash-basin-brilliant-series-above-counter-basin\/"},"modified":"2025-04-06T09:53:51","modified_gmt":"2025-04-06T09:53:51","slug":"fashionable-and-simple-style-oval-crystal-wash-basin-brilliant-series-above-counter-basin","status":"publish","type":"product","link":"https:\/\/nexgendecors.com\/fr\/product\/fashionable-and-simple-style-oval-crystal-wash-basin-brilliant-series-above-counter-basin\/","title":{"rendered":"Vasque \u00e0 poser ovale en cristal brillant"},"content":{"rendered":"<ul>\n<li><strong>marque<\/strong>:autre\/autre<\/li>\n<li><strong>mod\u00e8le<\/strong>:SK-123<\/li>\n<li><strong>Mat\u00e9riel<\/strong>:cristal<\/li>\n<li><strong>trier par couleur<\/strong>:Brilliant Series Transparent Single Basin, Brilliant Series Gold Single Basin, Brilliant Series Water Orchid Single Basin, Brilliant Series Light Ash Single Basin, Brilliant Series Dark Ash Single Basin, Brilliant Series Colorful Single Basin, Brilliant Series Wine Red Single Basin, Brilliant Series Amber Single Basin, Brilliant Series Single Basin + Faucet Set, Countertop Faucet Four Colors Note Color<\/li>\n<li><strong>Service en ville<\/strong>:Livraison porte-\u00e0-porte logistique intra-urbaine<\/li>\n<li><strong>Ouverture du robinet<\/strong>:Three holes<\/li>\n<\/ul>","protected":false},"excerpt":{"rendered":"<p>Marque : autre\/autre Mod\u00e8le : SK-123 Mat\u00e9riau : cristal Trier par couleur : Vasque simple transparente s\u00e9rie Brilliant, Vasque simple dor\u00e9e s\u00e9rie Brilliant, Vasque simple orchid\u00e9e d&#039;eau s\u00e9rie Brilliant<\/p>","protected":false},"featured_media":158664,"comment_status":"open","ping_status":"closed","template":"","meta":[],"product_brand":[],"product_cat":[30892,30880],"product_tag":[30891],"class_list":{"0":"post-158665","1":"product","2":"type-product","3":"status-publish","4":"has-post-thumbnail","6":"product_cat-export","7":"product_cat-wholesales-bathroom-sink","8":"product_tag-title-adjust","10":"first","11":"instock","12":"taxable","13":"shipping-taxable","14":"purchasable","15":"product-type-variable"},"_links":{"self":[{"href":"https:\/\/nexgendecors.com\/fr\/wp-json\/wp\/v2\/product\/158665","targetHints":{"allow":["GET"]}}],"collection":[{"href":"https:\/\/nexgendecors.com\/fr\/wp-json\/wp\/v2\/product"}],"about":[{"href":"https:\/\/nexgendecors.com\/fr\/wp-json\/wp\/v2\/types\/product"}],"replies":[{"embeddable":true,"href":"https:\/\/nexgendecors.com\/fr\/wp-json\/wp\/v2\/comments?post=158665"}],"version-history":[{"count":0,"href":"https:\/\/nexgendecors.com\/fr\/wp-json\/wp\/v2\/product\/158665\/revisions"}],"wp:featuredmedia":[{"embeddable":true,"href":"https:\/\/nexgendecors.com\/fr\/wp-json\/wp\/v2\/media\/158664"}],"wp:attachment":[{"href":"https:\/\/nexgendecors.com\/fr\/wp-json\/wp\/v2\/media?parent=158665"}],"wp:term":[{"taxonomy":"product_brand","embeddable":true,"href":"https:\/\/nexgendecors.com\/fr\/wp-json\/wp\/v2\/product_brand?post=158665"},{"taxonomy":"product_cat","embeddable":true,"href":"https:\/\/nexgendecors.com\/fr\/wp-json\/wp\/v2\/product_cat?post=158665"},{"taxonomy":"product_tag","embeddable":true,"href":"https:\/\/nexgendecors.com\/fr\/wp-json\/wp\/v2\/product_tag?post=158665"}],"curies":[{"name":"wp","href":"https:\/\/api.w.org\/{rel}","templated":true}]}}