{"id":158739,"date":"2025-02-11T03:47:44","date_gmt":"2025-02-11T03:47:44","guid":{"rendered":"https:\/\/nexgendecors.com\/en\/product\/dupont-corian-integrated-basin-bathroom-cabinet-combination-simple-wash-basin-sink-bathroom-cream-style-wash-basin\/"},"modified":"2025-04-06T09:54:03","modified_gmt":"2025-04-06T09:54:03","slug":"dupont-corian-integrated-basin-bathroom-cabinet-combination-simple-wash-basin-sink-bathroom-cream-style-wash-basin","status":"publish","type":"product","link":"https:\/\/nexgendecors.com\/fr\/product\/dupont-corian-integrated-basin-bathroom-cabinet-combination-simple-wash-basin-sink-bathroom-cream-style-wash-basin\/","title":{"rendered":"Lavabo de salle de bain int\u00e9gr\u00e9 DuPont Corian Cream"},"content":{"rendered":"<ul>\n<li><strong>marque<\/strong>:COTTO<\/li>\n<li><strong>mod\u00e8le<\/strong>:544554<\/li>\n<li><strong>Ouverture du robinet<\/strong>:Trou unique<\/li>\n<li><strong>Origine<\/strong>:Chine continentale<\/li>\n<li><strong>Mat\u00e9riel<\/strong>:Bois massif<\/li>\n<li><strong>Service en ville<\/strong>:Mesure, livraison et installation porte-\u00e0-porte dans la m\u00eame ville<\/li>\n<li><strong>trier par couleur<\/strong>:National measurement, design and installation, 1 meter basin, more styles and colors, please consult customer service<\/li>\n<li><strong><\/strong>:<\/li>\n<\/ul>","protected":false},"excerpt":{"rendered":"<p>Marque : COTTO Mod\u00e8le : 544554 Ouverture du robinet : Trou unique Origine : Chine continentale Mat\u00e9riau : Bois massif Service en ville : Mesure, livraison et installation porte-\u00e0-porte dans la m\u00eame ville<\/p>","protected":false},"featured_media":158738,"comment_status":"open","ping_status":"closed","template":"","meta":[],"product_brand":[],"product_cat":[30892,30880],"product_tag":[30891],"class_list":{"0":"post-158739","1":"product","2":"type-product","3":"status-publish","4":"has-post-thumbnail","6":"product_cat-export","7":"product_cat-wholesales-bathroom-sink","8":"product_tag-title-adjust","10":"first","11":"instock","12":"taxable","13":"shipping-taxable","14":"purchasable","15":"product-type-variable"},"_links":{"self":[{"href":"https:\/\/nexgendecors.com\/fr\/wp-json\/wp\/v2\/product\/158739","targetHints":{"allow":["GET"]}}],"collection":[{"href":"https:\/\/nexgendecors.com\/fr\/wp-json\/wp\/v2\/product"}],"about":[{"href":"https:\/\/nexgendecors.com\/fr\/wp-json\/wp\/v2\/types\/product"}],"replies":[{"embeddable":true,"href":"https:\/\/nexgendecors.com\/fr\/wp-json\/wp\/v2\/comments?post=158739"}],"version-history":[{"count":0,"href":"https:\/\/nexgendecors.com\/fr\/wp-json\/wp\/v2\/product\/158739\/revisions"}],"wp:featuredmedia":[{"embeddable":true,"href":"https:\/\/nexgendecors.com\/fr\/wp-json\/wp\/v2\/media\/158738"}],"wp:attachment":[{"href":"https:\/\/nexgendecors.com\/fr\/wp-json\/wp\/v2\/media?parent=158739"}],"wp:term":[{"taxonomy":"product_brand","embeddable":true,"href":"https:\/\/nexgendecors.com\/fr\/wp-json\/wp\/v2\/product_brand?post=158739"},{"taxonomy":"product_cat","embeddable":true,"href":"https:\/\/nexgendecors.com\/fr\/wp-json\/wp\/v2\/product_cat?post=158739"},{"taxonomy":"product_tag","embeddable":true,"href":"https:\/\/nexgendecors.com\/fr\/wp-json\/wp\/v2\/product_tag?post=158739"}],"curies":[{"name":"wp","href":"https:\/\/api.w.org\/{rel}","templated":true}]}}