{"id":158855,"date":"2025-02-11T03:50:31","date_gmt":"2025-02-11T03:50:31","guid":{"rendered":"https:\/\/nexgendecors.com\/en\/product\/bovia-die-cast-glass-basin-round-above-counter-basin-wash-basin-light-luxury-hotel-bathroom-crystal-glass-wash-basin\/"},"modified":"2025-04-06T09:54:17","modified_gmt":"2025-04-06T09:54:17","slug":"bovia-die-cast-glass-basin-round-above-counter-basin-wash-basin-light-luxury-hotel-bathroom-crystal-glass-wash-basin","status":"publish","type":"product","link":"https:\/\/nexgendecors.com\/fr\/product\/bovia-die-cast-glass-basin-round-above-counter-basin-wash-basin-light-luxury-hotel-bathroom-crystal-glass-wash-basin\/","title":{"rendered":"Vasque ronde en cristal Bovia pour salles de bains de luxe"},"content":{"rendered":"<ul>\n<li><strong>marque<\/strong>:Bovia<\/li>\n<li><strong>mod\u00e8le<\/strong>:Crystal die-cast bowl basin<\/li>\n<li><strong>Mat\u00e9riel<\/strong>:Autre<\/li>\n<li><strong>trier par couleur<\/strong>:Transparent single basin + basin support, transparent single basin + basin support + drain, transparent single basin + basin support + drain + faucet, green single basin + basin support, green single basin + basin support + drain, green single basin + basin support + drain + faucet, yellow single basin + basin support, yellow single basin + basin support + drain, yellow single basin + basin support + drain + faucet, silver single basin + basin support, silver single basin + basin support + drain, silver single basin + basin support + drain + faucet<\/li>\n<li><strong>Service en ville<\/strong>:Livraison porte-\u00e0-porte logistique intra-urbaine<\/li>\n<li><strong>Ouverture du robinet<\/strong>:Trou unique<\/li>\n<\/ul>","protected":false},"excerpt":{"rendered":"<p>Marque : Bovia Mod\u00e8le : Vasque en cristal moul\u00e9 sous pression Mat\u00e9riau : Autre Trier par couleur : Vasque simple transparente + support de vasque, vasque simple transparente + support de vasque<\/p>","protected":false},"featured_media":158853,"comment_status":"open","ping_status":"closed","template":"","meta":[],"product_brand":[],"product_cat":[30892,30880],"product_tag":[30891],"class_list":{"0":"post-158855","1":"product","2":"type-product","3":"status-publish","4":"has-post-thumbnail","6":"product_cat-export","7":"product_cat-wholesales-bathroom-sink","8":"product_tag-title-adjust","10":"first","11":"instock","12":"taxable","13":"shipping-taxable","14":"purchasable","15":"product-type-variable"},"_links":{"self":[{"href":"https:\/\/nexgendecors.com\/fr\/wp-json\/wp\/v2\/product\/158855","targetHints":{"allow":["GET"]}}],"collection":[{"href":"https:\/\/nexgendecors.com\/fr\/wp-json\/wp\/v2\/product"}],"about":[{"href":"https:\/\/nexgendecors.com\/fr\/wp-json\/wp\/v2\/types\/product"}],"replies":[{"embeddable":true,"href":"https:\/\/nexgendecors.com\/fr\/wp-json\/wp\/v2\/comments?post=158855"}],"version-history":[{"count":0,"href":"https:\/\/nexgendecors.com\/fr\/wp-json\/wp\/v2\/product\/158855\/revisions"}],"wp:featuredmedia":[{"embeddable":true,"href":"https:\/\/nexgendecors.com\/fr\/wp-json\/wp\/v2\/media\/158853"}],"wp:attachment":[{"href":"https:\/\/nexgendecors.com\/fr\/wp-json\/wp\/v2\/media?parent=158855"}],"wp:term":[{"taxonomy":"product_brand","embeddable":true,"href":"https:\/\/nexgendecors.com\/fr\/wp-json\/wp\/v2\/product_brand?post=158855"},{"taxonomy":"product_cat","embeddable":true,"href":"https:\/\/nexgendecors.com\/fr\/wp-json\/wp\/v2\/product_cat?post=158855"},{"taxonomy":"product_tag","embeddable":true,"href":"https:\/\/nexgendecors.com\/fr\/wp-json\/wp\/v2\/product_tag?post=158855"}],"curies":[{"name":"wp","href":"https:\/\/api.w.org\/{rel}","templated":true}]}}