{"id":158891,"date":"2025-02-11T03:54:30","date_gmt":"2025-02-11T03:54:30","guid":{"rendered":"https:\/\/nexgendecors.com\/en\/product\/bovia-bathroom-crystal-glass-wash-basin-die-cast-diamond-gray-bathroom-wash-basin-basin-above-counter-basin\/"},"modified":"2025-04-06T09:54:21","modified_gmt":"2025-04-06T09:54:21","slug":"bovia-bathroom-crystal-glass-wash-basin-die-cast-diamond-gray-bathroom-wash-basin-basin-above-counter-basin","status":"publish","type":"product","link":"https:\/\/nexgendecors.com\/fr\/product\/bovia-bathroom-crystal-glass-wash-basin-die-cast-diamond-gray-bathroom-wash-basin-basin-above-counter-basin\/","title":{"rendered":"Vasque \u00e0 poser en cristal Bovia \u2013 Gris"},"content":{"rendered":"<ul>\n<li><strong>marque<\/strong>:Bovia<\/li>\n<li><strong>mod\u00e8le<\/strong>:cylinder<\/li>\n<li><strong>Mat\u00e9riel<\/strong>:Verre<\/li>\n<li><strong>capacit\u00e9<\/strong>:12L<\/li>\n<li><strong>Origine<\/strong>:Chine continentale<\/li>\n<li><strong>province<\/strong>:Province du Guangdong<\/li>\n<li><strong>Ville<\/strong>:Foshan<\/li>\n<li><strong>trier par couleur<\/strong>:Black single basin + basin support,black single basin + basin support + drain,black single basin + basin support + drain + faucet,transparent flat-bottom single basin + basin support,transparent flat-bottom single basin + basin support + drain,transparent flat-bottom single basin + basin support + drain + faucet,coral single basin + basin support,coral single basin + basin support + drain,coral single basin + basin support + drain + faucet,yellow single basin + basin support,yellow single basin + basin support + drain,yellow single basin + basin support + drain + faucet,light yellow single basin + basin support,light yellow single basin + basin support + drain,light yellow single basin + basin support + drain + faucet,black gradient single basin + basin support,black gradient single basin + basin support + drain,black gradient single basin + basin support + drain + faucet,transparent single Basin + basin support, transparent single basin + basin support + drain, transparent single basin + basin support + drain + faucet, blue gradient single basin + basin support, blue gradient single basin + basin support + drain, blue gradient single basin + basin support + drain + faucet, blue single basin + basin support, blue single basin + basin support + drain, blue single basin + basin support + drain + faucet, green single basin + basin support, green single basin + basin support + drain, green single basin + basin support + drain + faucet, red single basin + basin support, red single basin + basin support + drain, red single basin + basin support + drain + faucet, gold stroke single basin + basin support, gold stroke single basin + basin support + drain, gold stroke single basin + basin support + drain + faucet, faucet bracket wash basin set<\/li>\n<li><strong>Service en ville<\/strong>:Livraison porte-\u00e0-porte logistique intra-urbaine<\/li>\n<li><strong>Ouverture du robinet<\/strong>:Trou unique<\/li>\n<\/ul>","protected":false},"excerpt":{"rendered":"<p>Marque : Bovia Mod\u00e8le : Cylindre Mat\u00e9riau : Verre Capacit\u00e9 : 12 L Origine : Chine continentale Province : Province du Guangdong Ville : Foshan Trier par couleur : Vasque simple noire + support de vasque, vasque simple noire +<\/p>","protected":false},"featured_media":158890,"comment_status":"open","ping_status":"closed","template":"","meta":[],"product_brand":[],"product_cat":[30892,30880],"product_tag":[30891],"class_list":{"0":"post-158891","1":"product","2":"type-product","3":"status-publish","4":"has-post-thumbnail","6":"product_cat-export","7":"product_cat-wholesales-bathroom-sink","8":"product_tag-title-adjust","10":"first","11":"instock","12":"taxable","13":"shipping-taxable","14":"purchasable","15":"product-type-variable"},"_links":{"self":[{"href":"https:\/\/nexgendecors.com\/fr\/wp-json\/wp\/v2\/product\/158891","targetHints":{"allow":["GET"]}}],"collection":[{"href":"https:\/\/nexgendecors.com\/fr\/wp-json\/wp\/v2\/product"}],"about":[{"href":"https:\/\/nexgendecors.com\/fr\/wp-json\/wp\/v2\/types\/product"}],"replies":[{"embeddable":true,"href":"https:\/\/nexgendecors.com\/fr\/wp-json\/wp\/v2\/comments?post=158891"}],"version-history":[{"count":0,"href":"https:\/\/nexgendecors.com\/fr\/wp-json\/wp\/v2\/product\/158891\/revisions"}],"wp:featuredmedia":[{"embeddable":true,"href":"https:\/\/nexgendecors.com\/fr\/wp-json\/wp\/v2\/media\/158890"}],"wp:attachment":[{"href":"https:\/\/nexgendecors.com\/fr\/wp-json\/wp\/v2\/media?parent=158891"}],"wp:term":[{"taxonomy":"product_brand","embeddable":true,"href":"https:\/\/nexgendecors.com\/fr\/wp-json\/wp\/v2\/product_brand?post=158891"},{"taxonomy":"product_cat","embeddable":true,"href":"https:\/\/nexgendecors.com\/fr\/wp-json\/wp\/v2\/product_cat?post=158891"},{"taxonomy":"product_tag","embeddable":true,"href":"https:\/\/nexgendecors.com\/fr\/wp-json\/wp\/v2\/product_tag?post=158891"}],"curies":[{"name":"wp","href":"https:\/\/api.w.org\/{rel}","templated":true}]}}