{"id":159190,"date":"2025-02-11T04:12:49","date_gmt":"2025-02-11T04:12:49","guid":{"rendered":"https:\/\/nexgendecors.com\/en\/product\/ds600-vintage-minimalist-snake-shaped-sofa-large-flat-layer-bendable-arc-shaped-special-shaped-down-black-leather-sofa\/"},"modified":"2025-04-06T09:54:40","modified_gmt":"2025-04-06T09:54:40","slug":"ds600-vintage-minimalist-snake-shaped-sofa-large-flat-layer-bendable-arc-shaped-special-shaped-down-black-leather-sofa","status":"publish","type":"product","link":"https:\/\/nexgendecors.com\/fr\/product\/ds600-vintage-minimalist-snake-shaped-sofa-large-flat-layer-bendable-arc-shaped-special-shaped-down-black-leather-sofa\/","title":{"rendered":"Canap\u00e9 vintage en cuir noir en forme de serpent DS600"},"content":{"rendered":"<ul>\n<li><strong>marque<\/strong>:Fiddle<\/li>\n<li><strong>mod\u00e8le<\/strong>:DS600-1<\/li>\n<li><strong>Mati\u00e8re cuir<\/strong>:Microfiber leather<\/li>\n<li><strong>\u00c9l\u00e9ments populaires<\/strong>:Special shape, splicing, distressed, metal<\/li>\n<li><strong>Y a-t-il un espace de stockage ?<\/strong>:Non<\/li>\n<li><strong>style<\/strong>:Minimalisme italien<\/li>\n<li><strong>Assembler<\/strong>:Oui<\/li>\n<li><strong>Duret\u00e9 du remplissage<\/strong>:doux<\/li>\n<li><strong>Ville<\/strong>:Foshan<\/li>\n<li><strong>Districts et comt\u00e9s<\/strong>:District de Shunde<\/li>\n<li><strong>Client\u00e8le cible<\/strong>:Adultes<\/li>\n<li><strong>Technologie structurelle<\/strong>:Travail des m\u00e9taux<\/li>\n<li><strong>Fonctionnalit\u00e9s suppl\u00e9mentaires<\/strong>:Rotatif<\/li>\n<li><strong>Volume d&#039;emballage<\/strong>:2.5<\/li>\n<li><strong>Remplissage<\/strong>:Vers le bas<\/li>\n<li><strong>Est-ce personnalisable ?<\/strong>:Oui<\/li>\n<li><strong>Combinaison de canap\u00e9<\/strong>:arc<\/li>\n<li><strong>Mat\u00e9riel<\/strong>:Bois<\/li>\n<li><strong>Mat\u00e9riau en bois<\/strong>:autre<\/li>\n<li><strong>Origine<\/strong>:Province du Guangdong<\/li>\n<li><strong>mod\u00e8le<\/strong>:Art<\/li>\n<li><strong>Positionnement de style<\/strong>:Style artistique<\/li>\n<li><strong>Gamme de finitions en cuir<\/strong>:Tout cuir<\/li>\n<li><strong>Livraison\/installation disponible<\/strong>:Foshan, Zhengzhou, Guiyang, Guangzhou, Fuzhou, Harbin, Xiamen, Chongqing, Changzhou, Suzhou, Xi&#039;an, Shenzhen, Nanjing, P\u00e9kin, Wuxi, Qingdao, Changsha, Chengdu, Shanghai, Wuhan, Nanning, Shenyang, Dalian, Taizhou, Dongguan, Tianjin, Autres, Jinhua, Hangzhou, Ningbo, Nanchang, Wenzhou<\/li>\n<li><strong>trier par couleur<\/strong>:1:1 replica, small and medium-sized apartment recommendation: 1 left + 8 backrests + 1 right, small and medium-sized apartment recommendation: 1 left + 9 backrests + 1 right, blogger same style: 1 left + 10 backrests + 1 right, large apartment recommendation: 1 left + 11 backrests + 1 right, large apartment recommendation: 1 left + 12 backrests + 1 right, villa recommendation: 1 left + 13 backrests + 1 right, club recommendation: 1 left + 14 backrests + 1 right, hotel recommendation: 1 left + 15 backrests + 1 right, custom leather leather brand can be specified, default black microfiber leather<\/li>\n<li><strong><\/strong>:<\/li>\n<\/ul>","protected":false},"excerpt":{"rendered":"<p>Marque : Fiddle Mod\u00e8le : DS600-1 Mat\u00e9riau du cuir : Cuir microfibre \u00c9l\u00e9ments populaires : Forme sp\u00e9ciale, \u00e9pissure, vieilli, m\u00e9tal Y a-t-il un espace de rangement ? : Non Style : Minimalisme italien Assemblage : Oui Duret\u00e9 du remplissage : Doux<\/p>","protected":false},"featured_media":159214,"comment_status":"open","ping_status":"closed","template":"","meta":[],"product_brand":[],"product_cat":[30892,30846,30873,30890],"product_tag":[30891],"class_list":{"0":"post-159190","1":"product","2":"type-product","3":"status-publish","4":"has-post-thumbnail","6":"product_cat-export","7":"product_cat-living-room","8":"product_cat-sofa","9":"product_cat-sofas-fav","10":"product_tag-title-adjust","12":"first","13":"instock","14":"taxable","15":"shipping-taxable","16":"purchasable","17":"product-type-variable"},"_links":{"self":[{"href":"https:\/\/nexgendecors.com\/fr\/wp-json\/wp\/v2\/product\/159190","targetHints":{"allow":["GET"]}}],"collection":[{"href":"https:\/\/nexgendecors.com\/fr\/wp-json\/wp\/v2\/product"}],"about":[{"href":"https:\/\/nexgendecors.com\/fr\/wp-json\/wp\/v2\/types\/product"}],"replies":[{"embeddable":true,"href":"https:\/\/nexgendecors.com\/fr\/wp-json\/wp\/v2\/comments?post=159190"}],"version-history":[{"count":0,"href":"https:\/\/nexgendecors.com\/fr\/wp-json\/wp\/v2\/product\/159190\/revisions"}],"wp:featuredmedia":[{"embeddable":true,"href":"https:\/\/nexgendecors.com\/fr\/wp-json\/wp\/v2\/media\/159214"}],"wp:attachment":[{"href":"https:\/\/nexgendecors.com\/fr\/wp-json\/wp\/v2\/media?parent=159190"}],"wp:term":[{"taxonomy":"product_brand","embeddable":true,"href":"https:\/\/nexgendecors.com\/fr\/wp-json\/wp\/v2\/product_brand?post=159190"},{"taxonomy":"product_cat","embeddable":true,"href":"https:\/\/nexgendecors.com\/fr\/wp-json\/wp\/v2\/product_cat?post=159190"},{"taxonomy":"product_tag","embeddable":true,"href":"https:\/\/nexgendecors.com\/fr\/wp-json\/wp\/v2\/product_tag?post=159190"}],"curies":[{"name":"wp","href":"https:\/\/api.w.org\/{rel}","templated":true}]}}