{"id":15929,"date":"2025-01-13T06:53:46","date_gmt":"2025-01-13T06:53:46","guid":{"rendered":"https:\/\/nexgendecors.com\/product\/new-small-sized-toilet-creative-round-egg-shaped-siphon-toilet-large-pipe-large-diameter-silent-deodorizing-toilet\/"},"modified":"2025-03-08T04:56:27","modified_gmt":"2025-03-08T04:56:27","slug":"toilettes-neuves-de-petite-taille-toilettes-creatives-rondes-en-forme-doeuf-siphon-grand-tuyau-toilettes-silencieuses-et-desodorisantes-de-grand-diametre","status":"publish","type":"product","link":"https:\/\/nexgendecors.com\/fr\/product\/toilettes-neuves-de-petite-taille-toilettes-creatives-rondes-en-forme-doeuf-siphon-grand-tuyau-toilettes-silencieuses-et-desodorisantes-de-grand-diametre\/","title":{"rendered":"Toilettes \u00e0 siphon silencieuses en forme d&#039;\u0153uf avec d\u00e9sodorisant"},"content":{"rendered":"<ul>\n<li>\n<strong>marque<\/strong>:IJOWMUO<\/li>\n<li>\n<strong>mod\u00e8le<\/strong>:J988<\/li>\n<li>\n<strong>Mat\u00e9riel<\/strong>:c\u00e9ramique<\/li>\n<li>\n<strong>Installation<\/strong>:Point de rep\u00e8re<\/li>\n<li>\n<strong>trier par couleur<\/strong>:Mod\u00e8le maison (couverture blanche), Mod\u00e8le maison (couverture noire), Mod\u00e8le Deluxe (couverture blanche), Mod\u00e8le Deluxe (couverture noire), Mod\u00e8le Flagship (couverture blanche), Mod\u00e8le Flagship (couverture grise), Mod\u00e8le Flagship (couverture noire), Mod\u00e8le Flagship (couverture blanche avec bord dor\u00e9), Mod\u00e8le Flagship (couverture grise avec bord dor\u00e9), Mod\u00e8le Flagship (couverture noire avec bord dor\u00e9)<\/li>\n<li>\n<strong>Distance minimale des stands<\/strong>:305 mm, 350 mm, 400 mm, autre<\/li>\n<li>\n<strong>Service en ville<\/strong>:Livraison porte-\u00e0-porte logistique intra-urbaine<\/li>\n<li>\n<strong>Porteur<\/strong>:70 kg et plus<\/li>\n<li>\n<strong>Type de toilettes<\/strong>:Une pi\u00e8ce<\/li>\n<li>\n<strong>M\u00e9thode de chasse d&#039;eau des toilettes<\/strong>:Type de siphon \u00e0 jet<\/li>\n<li>\n<strong>M\u00e9thode de drainage<\/strong>:Drainage du sol<\/li>\n<li>\n<strong>Volume de chasse d&#039;eau des toilettes<\/strong>:3\/6L<\/li>\n<li>\n<strong>Type de bouton de chasse d&#039;eau<\/strong>:Appuyez sur les deux extr\u00e9mit\u00e9s<\/li>\n<li>\n<strong>La couverture est-elle tamponn\u00e9e ?<\/strong>:Oui<\/li>\n<li>\n<strong>Niveau d&#039;efficacit\u00e9 de l&#039;eau<\/strong>:Niveau 1<\/li>\n<li>\n<strong><\/strong>:<\/li>\n<\/ul>","protected":false},"excerpt":{"rendered":"<p>Marque : IJOWMUO Mod\u00e8le : J988 Mat\u00e9riau : c\u00e9ramique Installation : Landmark Trier par couleur : Mod\u00e8le Home (couvercle blanc), Mod\u00e8le Home (couvercle noir), Mod\u00e8le Deluxe (couvercle blanc), Mod\u00e8le Deluxe<\/p>","protected":false},"featured_media":16617,"comment_status":"open","ping_status":"closed","template":"","meta":[],"product_brand":[],"product_cat":[30971,353],"product_tag":[],"class_list":{"0":"post-15929","1":"product","2":"type-product","3":"status-publish","4":"has-post-thumbnail","6":"product_cat-hp","7":"product_cat-wholesale-toilet","9":"first","10":"instock","11":"taxable","12":"shipping-taxable","13":"purchasable","14":"product-type-variable"},"_links":{"self":[{"href":"https:\/\/nexgendecors.com\/fr\/wp-json\/wp\/v2\/product\/15929","targetHints":{"allow":["GET"]}}],"collection":[{"href":"https:\/\/nexgendecors.com\/fr\/wp-json\/wp\/v2\/product"}],"about":[{"href":"https:\/\/nexgendecors.com\/fr\/wp-json\/wp\/v2\/types\/product"}],"replies":[{"embeddable":true,"href":"https:\/\/nexgendecors.com\/fr\/wp-json\/wp\/v2\/comments?post=15929"}],"version-history":[{"count":0,"href":"https:\/\/nexgendecors.com\/fr\/wp-json\/wp\/v2\/product\/15929\/revisions"}],"wp:featuredmedia":[{"embeddable":true,"href":"https:\/\/nexgendecors.com\/fr\/wp-json\/wp\/v2\/media\/16617"}],"wp:attachment":[{"href":"https:\/\/nexgendecors.com\/fr\/wp-json\/wp\/v2\/media?parent=15929"}],"wp:term":[{"taxonomy":"product_brand","embeddable":true,"href":"https:\/\/nexgendecors.com\/fr\/wp-json\/wp\/v2\/product_brand?post=15929"},{"taxonomy":"product_cat","embeddable":true,"href":"https:\/\/nexgendecors.com\/fr\/wp-json\/wp\/v2\/product_cat?post=15929"},{"taxonomy":"product_tag","embeddable":true,"href":"https:\/\/nexgendecors.com\/fr\/wp-json\/wp\/v2\/product_tag?post=15929"}],"curies":[{"name":"wp","href":"https:\/\/api.w.org\/{rel}","templated":true}]}}