{"id":159579,"date":"2025-02-11T04:20:09","date_gmt":"2025-02-11T04:20:09","guid":{"rendered":"https:\/\/nexgendecors.com\/en\/product\/led-round-luminous-high-bar-table-clear-bar-square-scattered-table-colorful-cocktail-table-creative-high-table\/"},"modified":"2025-04-06T09:55:02","modified_gmt":"2025-04-06T09:55:02","slug":"led-round-luminous-high-bar-table-clear-bar-square-scattered-table-colorful-cocktail-table-creative-high-table","status":"publish","type":"product","link":"https:\/\/nexgendecors.com\/fr\/product\/led-round-luminous-high-bar-table-clear-bar-square-scattered-table-colorful-cocktail-table-creative-high-table\/","title":{"rendered":"Table haute de bar ronde \u00e0 LED \u2013 Design cocktail color\u00e9"},"content":{"rendered":"<ul>\n<li><strong>marque<\/strong>:Add Xuan<\/li>\n<li><strong>mod\u00e8le<\/strong>:54<\/li>\n<li><strong>Mat\u00e9riel<\/strong>:plastique<\/li>\n<li><strong>style<\/strong>:Simple et moderne<\/li>\n<li><strong>trier par couleur<\/strong>:Square table factory direct delivery from SF Express, 60 pot cover table factory direct delivery from SF Express, 80 pot cover table factory direct delivery from SF Express, bread table factory direct delivery from SF Express, round table factory direct delivery from SF Express, round table 1 factory direct delivery from SF Express, double hole bar chair factory direct delivery from SF Express, foot bar chair factory direct delivery from SF Express, hardware bar chair factory direct delivery from SF Express<\/li>\n<li><strong>Normes environnementales<\/strong>:Autre<\/li>\n<li><strong>Est-ce personnalisable ?<\/strong>:Oui<\/li>\n<li><strong>Fonctionnalit\u00e9s suppl\u00e9mentaires<\/strong>:Amovible<\/li>\n<li><strong>Applicable scenarios<\/strong>:bar<\/li>\n<li><strong>Assembler<\/strong>:Oui<\/li>\n<li><strong>Instructions d&#039;installation d\u00e9taill\u00e9es<\/strong>:Aucune instruction d&#039;installation<\/li>\n<li><strong>poids<\/strong>:5 kg<\/li>\n<\/ul>","protected":false},"excerpt":{"rendered":"<p>Marque : Add Xuan Mod\u00e8le : 54 Mat\u00e9riau : plastique Style : simple et moderne Trier par couleur : table carr\u00e9e Livraison directe d&#039;usine depuis SF Express, 60 cache-pots<\/p>","protected":false},"featured_media":159578,"comment_status":"open","ping_status":"closed","template":"","meta":[],"product_brand":[],"product_cat":[30892,30860],"product_tag":[30891],"class_list":{"0":"post-159579","1":"product","2":"type-product","3":"status-publish","4":"has-post-thumbnail","6":"product_cat-export","7":"product_cat-wholesale-restaurant","8":"product_tag-title-adjust","10":"first","11":"instock","12":"taxable","13":"shipping-taxable","14":"purchasable","15":"product-type-variable"},"_links":{"self":[{"href":"https:\/\/nexgendecors.com\/fr\/wp-json\/wp\/v2\/product\/159579","targetHints":{"allow":["GET"]}}],"collection":[{"href":"https:\/\/nexgendecors.com\/fr\/wp-json\/wp\/v2\/product"}],"about":[{"href":"https:\/\/nexgendecors.com\/fr\/wp-json\/wp\/v2\/types\/product"}],"replies":[{"embeddable":true,"href":"https:\/\/nexgendecors.com\/fr\/wp-json\/wp\/v2\/comments?post=159579"}],"version-history":[{"count":0,"href":"https:\/\/nexgendecors.com\/fr\/wp-json\/wp\/v2\/product\/159579\/revisions"}],"wp:featuredmedia":[{"embeddable":true,"href":"https:\/\/nexgendecors.com\/fr\/wp-json\/wp\/v2\/media\/159578"}],"wp:attachment":[{"href":"https:\/\/nexgendecors.com\/fr\/wp-json\/wp\/v2\/media?parent=159579"}],"wp:term":[{"taxonomy":"product_brand","embeddable":true,"href":"https:\/\/nexgendecors.com\/fr\/wp-json\/wp\/v2\/product_brand?post=159579"},{"taxonomy":"product_cat","embeddable":true,"href":"https:\/\/nexgendecors.com\/fr\/wp-json\/wp\/v2\/product_cat?post=159579"},{"taxonomy":"product_tag","embeddable":true,"href":"https:\/\/nexgendecors.com\/fr\/wp-json\/wp\/v2\/product_tag?post=159579"}],"curies":[{"name":"wp","href":"https:\/\/api.w.org\/{rel}","templated":true}]}}