{"id":159630,"date":"2025-02-11T04:22:15","date_gmt":"2025-02-11T04:22:15","guid":{"rendered":"https:\/\/nexgendecors.com\/en\/product\/fiberglass-seat-outdoor-leisure-chair-negotiation-reception-rest-table-and-chair-waterproof-creative-sofa-coffee-table-combination\/"},"modified":"2025-04-06T09:55:10","modified_gmt":"2025-04-06T09:55:10","slug":"fiberglass-seat-outdoor-leisure-chair-negotiation-reception-rest-table-and-chair-waterproof-creative-sofa-coffee-table-combination","status":"publish","type":"product","link":"https:\/\/nexgendecors.com\/fr\/product\/fiberglass-seat-outdoor-leisure-chair-negotiation-reception-rest-table-and-chair-waterproof-creative-sofa-coffee-table-combination\/","title":{"rendered":"Ensemble de chaises et de table basse de loisirs d&#039;ext\u00e9rieur en fibre de verre"},"content":{"rendered":"<ul>\n<li><strong>marque<\/strong>:Old Futou<\/li>\n<li><strong>mod\u00e8le<\/strong>:LFT-61<\/li>\n<li><strong>Mat\u00e9riel<\/strong>:autre<\/li>\n<li><strong>Origine<\/strong>:Shanghai<\/li>\n<li><strong>trier par couleur<\/strong>:A-type chair small coffee table<\/li>\n<li><strong>Service en ville<\/strong>:Livraison \u00e0 domicile par des vendeurs locaux<\/li>\n<\/ul>","protected":false},"excerpt":{"rendered":"<p>Marque : Old Futou Mod\u00e8le : LFT-61 Mat\u00e9riau : autre Origine : Shanghai Trier par couleur : Chaise de type A Petite table basse Service en ville : Livraison \u00e0 domicile par des vendeurs locaux<\/p>","protected":false},"featured_media":159629,"comment_status":"open","ping_status":"closed","template":"","meta":[],"product_brand":[],"product_cat":[30892,30862,30859,30860],"product_tag":[30891],"class_list":{"0":"post-159630","1":"product","2":"type-product","3":"status-publish","4":"has-post-thumbnail","6":"product_cat-export","7":"product_cat-wholesales-hotels","8":"product_cat-wholesale-office","9":"product_cat-wholesale-restaurant","10":"product_tag-title-adjust","12":"first","13":"instock","14":"sale","15":"taxable","16":"shipping-taxable","17":"purchasable","18":"product-type-variable"},"_links":{"self":[{"href":"https:\/\/nexgendecors.com\/fr\/wp-json\/wp\/v2\/product\/159630","targetHints":{"allow":["GET"]}}],"collection":[{"href":"https:\/\/nexgendecors.com\/fr\/wp-json\/wp\/v2\/product"}],"about":[{"href":"https:\/\/nexgendecors.com\/fr\/wp-json\/wp\/v2\/types\/product"}],"replies":[{"embeddable":true,"href":"https:\/\/nexgendecors.com\/fr\/wp-json\/wp\/v2\/comments?post=159630"}],"version-history":[{"count":0,"href":"https:\/\/nexgendecors.com\/fr\/wp-json\/wp\/v2\/product\/159630\/revisions"}],"wp:featuredmedia":[{"embeddable":true,"href":"https:\/\/nexgendecors.com\/fr\/wp-json\/wp\/v2\/media\/159629"}],"wp:attachment":[{"href":"https:\/\/nexgendecors.com\/fr\/wp-json\/wp\/v2\/media?parent=159630"}],"wp:term":[{"taxonomy":"product_brand","embeddable":true,"href":"https:\/\/nexgendecors.com\/fr\/wp-json\/wp\/v2\/product_brand?post=159630"},{"taxonomy":"product_cat","embeddable":true,"href":"https:\/\/nexgendecors.com\/fr\/wp-json\/wp\/v2\/product_cat?post=159630"},{"taxonomy":"product_tag","embeddable":true,"href":"https:\/\/nexgendecors.com\/fr\/wp-json\/wp\/v2\/product_tag?post=159630"}],"curies":[{"name":"wp","href":"https:\/\/api.w.org\/{rel}","templated":true}]}}