{"id":159639,"date":"2025-02-11T04:22:58","date_gmt":"2025-02-11T04:22:58","guid":{"rendered":"https:\/\/nexgendecors.com\/en\/product\/fiberglass-shopping-mall-leisure-seat-creative-display-circular-waiting-chair-outdoor-public-rest-flower-pot-bench-combination\/"},"modified":"2025-04-06T09:55:14","modified_gmt":"2025-04-06T09:55:14","slug":"fiberglass-shopping-mall-leisure-seat-creative-display-circular-waiting-chair-outdoor-public-rest-flower-pot-bench-combination","status":"publish","type":"product","link":"https:\/\/nexgendecors.com\/fr\/product\/fiberglass-shopping-mall-leisure-seat-creative-display-circular-waiting-chair-outdoor-public-rest-flower-pot-bench-combination\/","title":{"rendered":"Si\u00e8ge de loisirs et jardini\u00e8re circulaires cr\u00e9atifs en fibre de verre"},"content":{"rendered":"<ul>\n<li><strong>marque<\/strong>:Old Futou<\/li>\n<li><strong>mod\u00e8le<\/strong>:LFT-920<\/li>\n<li><strong>Origine<\/strong>:Shanghai<\/li>\n<li><strong>Mat\u00e9riel<\/strong>:autre<\/li>\n<li><strong>Service en ville<\/strong>:Livraison porte-\u00e0-porte logistique intra-urbaine<\/li>\n<li><strong>trier par couleur<\/strong>:1.8m long 1.5m long Size and color customization<\/li>\n<\/ul>","protected":false},"excerpt":{"rendered":"<p>Marque : Old Futou Mod\u00e8le : LFT-920 Origine : Shanghai Mat\u00e9riau : autre Service en ville : logistique intra-urbaine livraison porte-\u00e0-porte Trier par couleur : 1,8 m de long 1,5 m de long Personnalisation de la taille et de la couleur<\/p>","protected":false},"featured_media":159638,"comment_status":"open","ping_status":"closed","template":"","meta":[],"product_brand":[],"product_cat":[30892,30859,30853],"product_tag":[30891],"class_list":{"0":"post-159639","1":"product","2":"type-product","3":"status-publish","4":"has-post-thumbnail","6":"product_cat-export","7":"product_cat-wholesale-office","8":"product_cat-new-wholesale-public-projects","9":"product_tag-title-adjust","11":"first","12":"instock","13":"sale","14":"taxable","15":"shipping-taxable","16":"purchasable","17":"product-type-variable"},"_links":{"self":[{"href":"https:\/\/nexgendecors.com\/fr\/wp-json\/wp\/v2\/product\/159639","targetHints":{"allow":["GET"]}}],"collection":[{"href":"https:\/\/nexgendecors.com\/fr\/wp-json\/wp\/v2\/product"}],"about":[{"href":"https:\/\/nexgendecors.com\/fr\/wp-json\/wp\/v2\/types\/product"}],"replies":[{"embeddable":true,"href":"https:\/\/nexgendecors.com\/fr\/wp-json\/wp\/v2\/comments?post=159639"}],"version-history":[{"count":0,"href":"https:\/\/nexgendecors.com\/fr\/wp-json\/wp\/v2\/product\/159639\/revisions"}],"wp:featuredmedia":[{"embeddable":true,"href":"https:\/\/nexgendecors.com\/fr\/wp-json\/wp\/v2\/media\/159638"}],"wp:attachment":[{"href":"https:\/\/nexgendecors.com\/fr\/wp-json\/wp\/v2\/media?parent=159639"}],"wp:term":[{"taxonomy":"product_brand","embeddable":true,"href":"https:\/\/nexgendecors.com\/fr\/wp-json\/wp\/v2\/product_brand?post=159639"},{"taxonomy":"product_cat","embeddable":true,"href":"https:\/\/nexgendecors.com\/fr\/wp-json\/wp\/v2\/product_cat?post=159639"},{"taxonomy":"product_tag","embeddable":true,"href":"https:\/\/nexgendecors.com\/fr\/wp-json\/wp\/v2\/product_tag?post=159639"}],"curies":[{"name":"wp","href":"https:\/\/api.w.org\/{rel}","templated":true}]}}