{"id":159688,"date":"2025-02-11T07:22:24","date_gmt":"2025-02-11T07:22:24","guid":{"rendered":"https:\/\/nexgendecors.com\/en\/product\/square-hollow-brick-pu-nine-square-double-sided-lightweight-cement-construction-hollow-brick-partition-porch-background-wall-exterior-wall-brick\/"},"modified":"2025-04-15T10:59:17","modified_gmt":"2025-04-15T10:59:17","slug":"square-hollow-brick-pu-nine-square-double-sided-lightweight-cement-construction-hollow-brick-partition-porch-background-wall-exterior-wall-brick","status":"publish","type":"product","link":"https:\/\/nexgendecors.com\/fr\/product\/square-hollow-brick-pu-nine-square-double-sided-lightweight-cement-construction-hollow-brick-partition-porch-background-wall-exterior-wall-brick\/","title":{"rendered":"Brique creuse carr\u00e9e en PU \u2013 Cloison l\u00e9g\u00e8re en ciment"},"content":{"rendered":"<ul>\n<li><strong>Width of each piece mm<\/strong>:600<\/li>\n<li><strong>marque<\/strong>:Nine-grid<\/li>\n<li><strong>mod\u00e8le<\/strong>:PU big cube<\/li>\n<li><strong>style<\/strong>:Simple et moderne<\/li>\n<li><strong>Envoyer des \u00e9chantillons ?<\/strong>:Les frais de d\u00e9coupe et d&#039;exp\u00e9dition des \u00e9chantillons sont \u00e0 votre charge<\/li>\n<li><strong>Unit\u00e9 de mesure<\/strong>:1\u33a1<\/li>\n<li><strong>Length of each piece mm<\/strong>:1200<\/li>\n<li><strong>Special Purpose<\/strong>:Moisture-proof<\/li>\n<li><strong>Texture<\/strong>:Couleur unie<\/li>\n<li><strong>Espace applicable<\/strong>:External Wall<\/li>\n<li><strong>Service en ville<\/strong>:Livraison porte-\u00e0-porte logistique intra-urbaine<\/li>\n<li><strong>Origine<\/strong>:Chine continentale<\/li>\n<li><strong>Decoration space classification<\/strong>:Bathroom, foyer, bedroom, dining room, garden, sun room, balcony, living room<\/li>\n<li><strong>Water absorption<\/strong>:0.5% or more<\/li>\n<li><strong>taille<\/strong>:200*200mm one grid sample, 200*600mm single-sided three grid samples, 600*600*30 mm single-sided\/background wall, 1200*600*30mm single-sided\/background wall, 600*600*60mm double-sided\/partition, 1200*600*60 mm double-sided\/partition, 600*600*60*mm single-sided, 1200*600*60mm single-sided, 1200*600*20mm single-sided\/background wall, 600*600*25mm single-sided\/background wall<\/li>\n<li><strong>trier par couleur<\/strong>:Big square &#8211; Roman black, big square &#8211; light cement gray, big square &#8211; Chinese red, big square &#8211; bright red, big square &#8211; snow mountain white, big square &#8211; brick red, big square &#8211; 3A cement gray, big square &#8211; dark gray, big square &#8211; dark black, big square &#8211; white marble, big square &#8211; green, big square &#8211; blue, PU round private chat customer service to choose color, PU solid private chat customer service to choose color, PU oblique hole private chat customer service to choose color, PU triumphal brick private chat customer service to choose color, PU back shape private chat customer service to choose color, PU chord component private chat customer service to choose color, PU rectangle private chat customer service to choose color<\/li>\n<\/ul>","protected":false},"excerpt":{"rendered":"<p>Largeur de chaque pi\u00e8ce mm : 600 marque : Nine-grid mod\u00e8le : PU grand cube style : simple et moderne Envoyer des \u00e9chantillons ? : Les frais de d\u00e9coupe et d&#039;exp\u00e9dition des \u00e9chantillons sont \u00e0<\/p>","protected":false},"featured_media":159687,"comment_status":"open","ping_status":"closed","template":"","meta":[],"product_brand":[],"product_cat":[30892,30878,30985],"product_tag":[30891],"class_list":{"0":"post-159688","1":"product","2":"type-product","3":"status-publish","4":"has-post-thumbnail","6":"product_cat-export","7":"product_cat-wall-panel","8":"product_cat-wall-panels","9":"product_tag-title-adjust","11":"first","12":"instock","13":"taxable","14":"shipping-taxable","15":"purchasable","16":"product-type-variable"},"_links":{"self":[{"href":"https:\/\/nexgendecors.com\/fr\/wp-json\/wp\/v2\/product\/159688","targetHints":{"allow":["GET"]}}],"collection":[{"href":"https:\/\/nexgendecors.com\/fr\/wp-json\/wp\/v2\/product"}],"about":[{"href":"https:\/\/nexgendecors.com\/fr\/wp-json\/wp\/v2\/types\/product"}],"replies":[{"embeddable":true,"href":"https:\/\/nexgendecors.com\/fr\/wp-json\/wp\/v2\/comments?post=159688"}],"version-history":[{"count":0,"href":"https:\/\/nexgendecors.com\/fr\/wp-json\/wp\/v2\/product\/159688\/revisions"}],"wp:featuredmedia":[{"embeddable":true,"href":"https:\/\/nexgendecors.com\/fr\/wp-json\/wp\/v2\/media\/159687"}],"wp:attachment":[{"href":"https:\/\/nexgendecors.com\/fr\/wp-json\/wp\/v2\/media?parent=159688"}],"wp:term":[{"taxonomy":"product_brand","embeddable":true,"href":"https:\/\/nexgendecors.com\/fr\/wp-json\/wp\/v2\/product_brand?post=159688"},{"taxonomy":"product_cat","embeddable":true,"href":"https:\/\/nexgendecors.com\/fr\/wp-json\/wp\/v2\/product_cat?post=159688"},{"taxonomy":"product_tag","embeddable":true,"href":"https:\/\/nexgendecors.com\/fr\/wp-json\/wp\/v2\/product_tag?post=159688"}],"curies":[{"name":"wp","href":"https:\/\/api.w.org\/{rel}","templated":true}]}}