{"id":159790,"date":"2025-02-11T07:22:51","date_gmt":"2025-02-11T07:22:51","guid":{"rendered":"https:\/\/nexgendecors.com\/en\/product\/pu-nine-square-cement-component-abs-net-red-hollow-brick-light-hollow-partition-exterior-wall-brick-background-wall-cultural-brick\/"},"modified":"2025-04-15T10:59:17","modified_gmt":"2025-04-15T10:59:17","slug":"pu-nine-square-cement-component-abs-net-red-hollow-brick-light-hollow-partition-exterior-wall-brick-background-wall-cultural-brick","status":"publish","type":"product","link":"https:\/\/nexgendecors.com\/fr\/product\/pu-nine-square-cement-component-abs-net-red-hollow-brick-light-hollow-partition-exterior-wall-brick-background-wall-cultural-brick\/","title":{"rendered":"Brique creuse en ABS \u00e0 neuf carr\u00e9s en PU pour des murs \u00e9l\u00e9gants"},"content":{"rendered":"<ul>\n<li><strong>Width of each piece mm<\/strong>:600<\/li>\n<li><strong>marque<\/strong>:Nine-grid<\/li>\n<li><strong>mod\u00e8le<\/strong>:PU inclined hole<\/li>\n<li><strong>style<\/strong>:Simple et moderne<\/li>\n<li><strong>Envoyer des \u00e9chantillons ?<\/strong>:Les frais de d\u00e9coupe et d&#039;exp\u00e9dition des \u00e9chantillons sont \u00e0 votre charge<\/li>\n<li><strong>Unit\u00e9 de mesure<\/strong>:1\u33a1<\/li>\n<li><strong>Length of each piece mm<\/strong>:1200<\/li>\n<li><strong>Special Purpose<\/strong>:Moisture-proof<\/li>\n<li><strong>Texture<\/strong>:Couleur unie<\/li>\n<li><strong>Espace applicable<\/strong>:External Wall<\/li>\n<li><strong>Service en ville<\/strong>:Livraison porte-\u00e0-porte logistique intra-urbaine<\/li>\n<li><strong>Origine<\/strong>:Chine continentale<\/li>\n<li><strong>Decoration space classification<\/strong>:Hallway, background wall, bedroom, garden, sun room, balcony, living room<\/li>\n<li><strong>Water absorption<\/strong>:0.5% or more<\/li>\n<li><strong>taille<\/strong>:200*200mm one grid sample, 200*600mm three grid samples, 600*600*30mm single-sided\/against the wall, 1200*600*20 single-sided\/background wall, 1200*600*30mm single-sided\/against the wall, 600*600*60mm double-sided\/partition, 1200*600*60mm double-sided\/partition, 600*600*40mm single-sided\/against the wall, 1200*600*40mm single-sided\/against the wall, 600*600*80mm double-sided\/partition, 1200*600*80 double-sided\/partition, 600*600*60mm thick\/single-sided, 1200*600*60mm thick\/single-sided, 600*600*25 single-sided\/background wall<\/li>\n<li><strong>trier par couleur<\/strong>:Oblique hole &#8211; white marble, oblique hole &#8211; brick red, oblique hole &#8211; Chinese red, oblique hole &#8211; 3A cement gray, oblique hole &#8211; light cement gray, oblique hole &#8211; dark black, oblique hole &#8211; dark gray, oblique hole &#8211; Rhine yellow, oblique hole &#8211; hemp gray, oblique hole &#8211; snow mountain white, oblique hole &#8211; Roman black, oblique hole &#8211; rammed earth yellow, PU round consult customer service to choose color, PU solid consult customer service to choose color, PU triumphal brick consult customer service to choose color, PU round consult customer service to choose color, PU chord component consult customer service to choose color, PU large square consult customer service to choose color, PU rectangle consult customer service to choose color<\/li>\n<\/ul>","protected":false},"excerpt":{"rendered":"<p>Largeur de chaque pi\u00e8ce mm : 600 marque : Nine-grid mod\u00e8le : PU trou inclin\u00e9 style : simple et moderne Envoyer des \u00e9chantillons ? : Les frais de d\u00e9coupe et d&#039;exp\u00e9dition des \u00e9chantillons sont \u00e0<\/p>","protected":false},"featured_media":159789,"comment_status":"open","ping_status":"closed","template":"","meta":[],"product_brand":[],"product_cat":[30892,30878,30985],"product_tag":[30891],"class_list":{"0":"post-159790","1":"product","2":"type-product","3":"status-publish","4":"has-post-thumbnail","6":"product_cat-export","7":"product_cat-wall-panel","8":"product_cat-wall-panels","9":"product_tag-title-adjust","11":"first","12":"instock","13":"taxable","14":"shipping-taxable","15":"purchasable","16":"product-type-variable"},"_links":{"self":[{"href":"https:\/\/nexgendecors.com\/fr\/wp-json\/wp\/v2\/product\/159790","targetHints":{"allow":["GET"]}}],"collection":[{"href":"https:\/\/nexgendecors.com\/fr\/wp-json\/wp\/v2\/product"}],"about":[{"href":"https:\/\/nexgendecors.com\/fr\/wp-json\/wp\/v2\/types\/product"}],"replies":[{"embeddable":true,"href":"https:\/\/nexgendecors.com\/fr\/wp-json\/wp\/v2\/comments?post=159790"}],"version-history":[{"count":0,"href":"https:\/\/nexgendecors.com\/fr\/wp-json\/wp\/v2\/product\/159790\/revisions"}],"wp:featuredmedia":[{"embeddable":true,"href":"https:\/\/nexgendecors.com\/fr\/wp-json\/wp\/v2\/media\/159789"}],"wp:attachment":[{"href":"https:\/\/nexgendecors.com\/fr\/wp-json\/wp\/v2\/media?parent=159790"}],"wp:term":[{"taxonomy":"product_brand","embeddable":true,"href":"https:\/\/nexgendecors.com\/fr\/wp-json\/wp\/v2\/product_brand?post=159790"},{"taxonomy":"product_cat","embeddable":true,"href":"https:\/\/nexgendecors.com\/fr\/wp-json\/wp\/v2\/product_cat?post=159790"},{"taxonomy":"product_tag","embeddable":true,"href":"https:\/\/nexgendecors.com\/fr\/wp-json\/wp\/v2\/product_tag?post=159790"}],"curies":[{"name":"wp","href":"https:\/\/api.w.org\/{rel}","templated":true}]}}