{"id":159898,"date":"2025-02-11T07:23:19","date_gmt":"2025-02-11T07:23:19","guid":{"rendered":"https:\/\/nexgendecors.com\/en\/product\/pu-cement-component-lightweight-cultural-brick-nine-square-hollow-brick-hollow-art-wall-partition-wall-background-wall-door-head-wall\/"},"modified":"2025-04-15T11:57:26","modified_gmt":"2025-04-15T11:57:26","slug":"pu-cement-component-lightweight-cultural-brick-nine-square-hollow-brick-hollow-art-wall-partition-wall-background-wall-door-head-wall","status":"publish","type":"product","link":"https:\/\/nexgendecors.com\/fr\/product\/pu-cement-component-lightweight-cultural-brick-nine-square-hollow-brick-hollow-art-wall-partition-wall-background-wall-door-head-wall\/","title":{"rendered":"Lightweight PU Cement Nine-Square Hollow Brick Wall"},"content":{"rendered":"<ul>\n<li><strong>Width of each piece mm<\/strong>:600<\/li>\n<li><strong>marque<\/strong>:Nine-grid<\/li>\n<li><strong>mod\u00e8le<\/strong>:PU round shape<\/li>\n<li><strong>style<\/strong>:Simple et moderne<\/li>\n<li><strong>Envoyer des \u00e9chantillons ?<\/strong>:Les frais de d\u00e9coupe et d&#039;exp\u00e9dition des \u00e9chantillons sont \u00e0 votre charge<\/li>\n<li><strong>Unit\u00e9 de mesure<\/strong>:1\u33a1<\/li>\n<li><strong>Length of each piece mm<\/strong>:1200<\/li>\n<li><strong>Special Purpose<\/strong>:Moisture-proof<\/li>\n<li><strong>Texture<\/strong>:Couleur unie<\/li>\n<li><strong>Espace applicable<\/strong>:External Wall<\/li>\n<li><strong>Service en ville<\/strong>:Livraison porte-\u00e0-porte logistique intra-urbaine<\/li>\n<li><strong>Origine<\/strong>:Chine continentale<\/li>\n<li><strong>Decoration space classification<\/strong>:Hallway,Background wall,Bedroom,Garden,Balcony<\/li>\n<li><strong>Water absorption<\/strong>:0.5% or more<\/li>\n<li><strong>taille<\/strong>:200*200mm a grid sample, 600*600*25 single-sided\/background wall dedicated, 1200*600*25 single-sided\/background wall dedicated, 600*600*30mm single-sided\/background wall, 1200*600*30mm single-sided\/background wall, 600*600*60mm double-sided\/partition, 1200*600*60mm double-sided\/partition, 600*600*40 single-sided\/background wall, 1200*600*40 single-sided\/background wall, 600*600*80 double-sided\/partition, 1200*600*80 double-sided\/partition<\/li>\n<li><strong>trier par couleur<\/strong>:Reciprocal shape &#8211; light cement gray, Reciprocal shape &#8211; dark black, Reciprocal shape &#8211; Chinese red, Reciprocal shape &#8211; dark gray, Reciprocal shape &#8211; white marble, Reciprocal shape &#8211; cement gray, Reciprocal shape &#8211; snow mountain white, Reciprocal shape &#8211; Roman black, Reciprocal shape &#8211; brick red, Reciprocal shape &#8211; blue, Reciprocal shape &#8211; green, PU oblique hole private chat customer service to select color, PU round private chat customer service to select color, PU rectangle private chat customer service to select color, PU solid private chat customer service to select color, PU triumphal brick private chat customer service to select color, PU chord component private chat customer service to select color, PU large square private chat customer service to select color<\/li>\n<\/ul>","protected":false},"excerpt":{"rendered":"<p>Width of each piece mm:600 brand:Nine-grid model:PU round shape style:Simple and modern Send samples?:Sample cutting and shipping costs are at<\/p>","protected":false},"featured_media":159897,"comment_status":"open","ping_status":"closed","template":"","meta":[],"product_brand":[],"product_cat":[30892,30878],"product_tag":[30891],"class_list":{"0":"post-159898","1":"product","2":"type-product","3":"status-publish","4":"has-post-thumbnail","6":"product_cat-export","7":"product_cat-wall-panel","8":"product_tag-title-adjust","10":"first","11":"instock","12":"taxable","13":"shipping-taxable","14":"purchasable","15":"product-type-variable"},"_links":{"self":[{"href":"https:\/\/nexgendecors.com\/fr\/wp-json\/wp\/v2\/product\/159898","targetHints":{"allow":["GET"]}}],"collection":[{"href":"https:\/\/nexgendecors.com\/fr\/wp-json\/wp\/v2\/product"}],"about":[{"href":"https:\/\/nexgendecors.com\/fr\/wp-json\/wp\/v2\/types\/product"}],"replies":[{"embeddable":true,"href":"https:\/\/nexgendecors.com\/fr\/wp-json\/wp\/v2\/comments?post=159898"}],"version-history":[{"count":0,"href":"https:\/\/nexgendecors.com\/fr\/wp-json\/wp\/v2\/product\/159898\/revisions"}],"wp:featuredmedia":[{"embeddable":true,"href":"https:\/\/nexgendecors.com\/fr\/wp-json\/wp\/v2\/media\/159897"}],"wp:attachment":[{"href":"https:\/\/nexgendecors.com\/fr\/wp-json\/wp\/v2\/media?parent=159898"}],"wp:term":[{"taxonomy":"product_brand","embeddable":true,"href":"https:\/\/nexgendecors.com\/fr\/wp-json\/wp\/v2\/product_brand?post=159898"},{"taxonomy":"product_cat","embeddable":true,"href":"https:\/\/nexgendecors.com\/fr\/wp-json\/wp\/v2\/product_cat?post=159898"},{"taxonomy":"product_tag","embeddable":true,"href":"https:\/\/nexgendecors.com\/fr\/wp-json\/wp\/v2\/product_tag?post=159898"}],"curies":[{"name":"wp","href":"https:\/\/api.w.org\/{rel}","templated":true}]}}