{"id":160184,"date":"2025-02-11T07:49:57","date_gmt":"2025-02-11T07:49:57","guid":{"rendered":"https:\/\/nexgendecors.com\/en\/product\/lightweight-antique-brick-pu-cultural-brick-red-brick-blue-brick-industrial-style-brick-villa-exterior-wall-brick-background-wall-net-celebrity-decorative-wall\/"},"modified":"2025-04-06T09:55:45","modified_gmt":"2025-04-06T09:55:45","slug":"lightweight-antique-brick-pu-cultural-brick-red-brick-blue-brick-industrial-style-brick-villa-exterior-wall-brick-background-wall-net-celebrity-decorative-wall","status":"publish","type":"product","link":"https:\/\/nexgendecors.com\/fr\/product\/lightweight-antique-brick-pu-cultural-brick-red-brick-blue-brick-industrial-style-brick-villa-exterior-wall-brick-background-wall-net-celebrity-decorative-wall\/","title":{"rendered":"Brique culturelle PU antique pour murs de style industriel"},"content":{"rendered":"<ul>\n<li><strong>Width of each piece mm<\/strong>:600<\/li>\n<li><strong>marque<\/strong>:Nine-grid<\/li>\n<li><strong>mod\u00e8le<\/strong>:Cultural Bricks<\/li>\n<li><strong>style<\/strong>:Nouveau chinois<\/li>\n<li><strong>Envoyer des \u00e9chantillons ?<\/strong>:Sample cutting at own expense, free shipping<\/li>\n<li><strong>Unit\u00e9 de mesure<\/strong>:1\u33a1<\/li>\n<li><strong>Length of each piece mm<\/strong>:1200<\/li>\n<li><strong>Special Purpose<\/strong>:Fire prevention<\/li>\n<li><strong>Texture<\/strong>:Pierre d&#039;imitation<\/li>\n<li><strong>Espace applicable<\/strong>:External Wall<\/li>\n<li><strong>Service en ville<\/strong>:Livraison porte-\u00e0-porte logistique intra-urbaine<\/li>\n<li><strong>Origine<\/strong>:Chine continentale<\/li>\n<li><strong>Decoration space classification<\/strong>:Bathroom, foyer, chess room, background wall, bedroom, dining room, garden, sun room, kitchen, balcony, living room<\/li>\n<li><strong>Water absorption<\/strong>:0.5% or more<\/li>\n<li><strong>taille<\/strong>:Consult customer service for free samples 200*200mm, large board without socket 0.72\u33a1 per piece 1200*600mm, small board with socket 0.348\u33a1 per piece 1160*300mm<\/li>\n<li><strong>trier par couleur<\/strong>:Consult customer service for free samples of 200*200mm, bendable cultural brick &#8211; cream white A-level fire protection, bendable cultural brick &#8211; khaki A-level fire protection, bendable cultural brick &#8211; orange A-level fire protection, bendable cultural brick &#8211; orange-red jump color A-level fire protection, bendable cultural brick &#8211; yellow-brown jump color A-level fire protection, bendable split brick &#8211; cement gray jump color A-level fire protection, bendable split brick &#8211; gray jump color A-level fire protection, bendable split brick &#8211; red jump color A-level fire protection, bendable split brick &#8211; medium gray A-level fire protection, bendable split brick &#8211; jet black A-level fire protection Fire, bendable split brick &#8211; khaki A-level fireproof, bendable split brick &#8211; orange A-level fireproof, bendable split brick &#8211; milky white A-level fireproof, cultural brick &#8211; Roman black \/ upgraded large version no card slot, cultural brick &#8211; carbon black \/ upgraded large version no card slot, cultural brick &#8211; Chinese red \/ upgraded large version no card slot, cultural brick &#8211; white \/ upgraded large version no card slot, cultural brick &#8211; dark gray \/ upgraded large version no card slot, cultural brick &#8211; light cement gray \/ upgraded large version no card slot, cultural brick &#8211; jump gray \/ upgraded large version no card slot, cultural brick &#8211; ancient brick red \/ upgraded large version no card slot, cultural brick &#8211; jump red \/ upgraded Large version no card slot, cultural bricks &#8211; No. 3 antique jump color \/ upgrade large version no card slot, cultural bricks &#8211; jump yellow \/ upgrade large version no card slot, cultural bricks &#8211; black sweep color \/ upgrade large version no card slot, cultural bricks &#8211; jump color Chinese red \/ upgrade large version no card slot, cultural bricks &#8211; No. 3 jump color \/ upgrade large version no card slot, cultural bricks &#8211; orange jump color light gray seam \/ upgrade large version no card slot, cultural bricks &#8211; cement gray jump color white seam \/ upgrade large version no card slot, cultural bricks &#8211; rammed earth yellow jump color light gray seam \/ upgrade large version no card slot, cultural bricks &#8211; brown red jump color black seam \/ upgrade large version no card slot, cultural bricks &#8211; rammed earth yellow jump color black seam \/ upgrade large version no Card slot, cultural brick &#8211; Chinese red jump black seam \/ upgraded large version no card slot, cultural brick &#8211; solid color series large thick plate, cultural brick &#8211; jump color series large thick plate, cultural brick &#8211; brick red card slot board, cultural brick &#8211; Chinese red jump color card slot board, cultural brick &#8211; Chinese red card slot board, cultural brick &#8211; gray brick color card slot board, cultural brick &#8211; gray brick jump color card slot board, cultural brick &#8211; light orange jump color card slot board, cultural brick &#8211; fruit green jump color card slot board, cultural brick &#8211; light orange card slot board, cultural brick &#8211; Goya red \/ with card slot, cultural brick &#8211; early orange \/ with card slot, cultural brick &#8211; dark brown \/ with card slot, cultural brick &#8211; signal gray \/ with card slot<\/li>\n<\/ul>","protected":false},"excerpt":{"rendered":"<p>Largeur de chaque pi\u00e8ce mm : 600 marque : Nine-grid mod\u00e8le : Cultural Bricks style : Nouveau chinois Envoyer des \u00e9chantillons ? : D\u00e9coupe d&#039;\u00e9chantillons \u00e0 vos frais, livraison gratuite Unit\u00e9 de<\/p>","protected":false},"featured_media":160183,"comment_status":"open","ping_status":"closed","template":"","meta":[],"product_brand":[],"product_cat":[30892,30878],"product_tag":[30891],"class_list":{"0":"post-160184","1":"product","2":"type-product","3":"status-publish","4":"has-post-thumbnail","6":"product_cat-export","7":"product_cat-wall-panel","8":"product_tag-title-adjust","10":"first","11":"instock","12":"taxable","13":"shipping-taxable","14":"purchasable","15":"product-type-variable"},"_links":{"self":[{"href":"https:\/\/nexgendecors.com\/fr\/wp-json\/wp\/v2\/product\/160184","targetHints":{"allow":["GET"]}}],"collection":[{"href":"https:\/\/nexgendecors.com\/fr\/wp-json\/wp\/v2\/product"}],"about":[{"href":"https:\/\/nexgendecors.com\/fr\/wp-json\/wp\/v2\/types\/product"}],"replies":[{"embeddable":true,"href":"https:\/\/nexgendecors.com\/fr\/wp-json\/wp\/v2\/comments?post=160184"}],"version-history":[{"count":0,"href":"https:\/\/nexgendecors.com\/fr\/wp-json\/wp\/v2\/product\/160184\/revisions"}],"wp:featuredmedia":[{"embeddable":true,"href":"https:\/\/nexgendecors.com\/fr\/wp-json\/wp\/v2\/media\/160183"}],"wp:attachment":[{"href":"https:\/\/nexgendecors.com\/fr\/wp-json\/wp\/v2\/media?parent=160184"}],"wp:term":[{"taxonomy":"product_brand","embeddable":true,"href":"https:\/\/nexgendecors.com\/fr\/wp-json\/wp\/v2\/product_brand?post=160184"},{"taxonomy":"product_cat","embeddable":true,"href":"https:\/\/nexgendecors.com\/fr\/wp-json\/wp\/v2\/product_cat?post=160184"},{"taxonomy":"product_tag","embeddable":true,"href":"https:\/\/nexgendecors.com\/fr\/wp-json\/wp\/v2\/product_tag?post=160184"}],"curies":[{"name":"wp","href":"https:\/\/api.w.org\/{rel}","templated":true}]}}