{"id":160409,"date":"2025-02-11T08:30:46","date_gmt":"2025-02-11T08:30:46","guid":{"rendered":"https:\/\/nexgendecors.com\/en\/product\/cloud-silk-film-light-box-material-chinese-bamboo-shadow-plant-background-wall-dupont-paper-translucent-ice-crack-fog-soft-ceiling-customization\/"},"modified":"2025-04-15T10:59:15","modified_gmt":"2025-04-15T10:59:15","slug":"nuage-film-de-soie-boite-a-lumiere-materiel-bambou-chinois-ombre-plante-fond-mur-dupont-papier-translucide-glace-fissure-brouillard-doux-plafond-personnalisation","status":"publish","type":"product","link":"https:\/\/nexgendecors.com\/fr\/product\/nuage-film-de-soie-boite-a-lumiere-materiel-bambou-chinois-ombre-plante-fond-mur-dupont-papier-translucide-glace-fissure-brouillard-doux-plafond-personnalisation\/","title":{"rendered":"Bo\u00eete \u00e0 lumi\u00e8re en bambou personnalis\u00e9e \u2013 Papier DuPont translucide"},"content":{"rendered":"<ul>\n<li><strong>marque<\/strong>:Jin Shiming<\/li>\n<li><strong>mod\u00e8le<\/strong>:Film de soie Cloud de DuPont<\/li>\n<li><strong>style<\/strong>:autre<\/li>\n<li><strong>Fonctionnalit\u00e9s suppl\u00e9mentaires<\/strong>:Montage lat\u00e9ral<\/li>\n<li><strong>Est-ce personnalisable ?<\/strong>:Oui<\/li>\n<li><strong>Origine<\/strong>:Province du Guangdong<\/li>\n<li><strong>Mat\u00e9riel<\/strong>:autre<\/li>\n<li><strong>Structure du meuble<\/strong>:Cadre<\/li>\n<li><strong>Installation<\/strong>:Montage lat\u00e9ral<\/li>\n<li><strong>taille<\/strong>:sur mesure<\/li>\n<li><strong>mod\u00e8le<\/strong>:Autre<\/li>\n<li><strong>trier par couleur<\/strong>:Personnalisation de la bo\u00eete \u00e0 lumi\u00e8re en film souple Yunsi, personnalisation de taille arbitraire, conception d&#039;image arbitraire, installation de grande taille \u00e0 l&#039;\u00e9chelle nationale<\/li>\n<\/ul>","protected":false},"excerpt":{"rendered":"<p>Marque : Jin Shiming Mod\u00e8le : DuPont Cloud Silk Film Style : autre Caract\u00e9ristiques suppl\u00e9mentaires : montage lat\u00e9ral Est-il personnalisable ? : oui Origine : province du Guangdong Mat\u00e9riau : autre Structure du meuble : cadre Installation : montage lat\u00e9ral<\/p>","protected":false},"featured_media":160407,"comment_status":"open","ping_status":"closed","template":"","meta":[],"product_brand":[],"product_cat":[30894,30892,30878,30985],"product_tag":[30891],"class_list":{"0":"post-160409","1":"product","2":"type-product","3":"status-publish","4":"has-post-thumbnail","6":"product_cat-bs-wall-panels","7":"product_cat-export","8":"product_cat-wall-panel","9":"product_cat-wall-panels","10":"product_tag-title-adjust","12":"first","13":"instock","14":"taxable","15":"shipping-taxable","16":"purchasable","17":"product-type-variable"},"_links":{"self":[{"href":"https:\/\/nexgendecors.com\/fr\/wp-json\/wp\/v2\/product\/160409","targetHints":{"allow":["GET"]}}],"collection":[{"href":"https:\/\/nexgendecors.com\/fr\/wp-json\/wp\/v2\/product"}],"about":[{"href":"https:\/\/nexgendecors.com\/fr\/wp-json\/wp\/v2\/types\/product"}],"replies":[{"embeddable":true,"href":"https:\/\/nexgendecors.com\/fr\/wp-json\/wp\/v2\/comments?post=160409"}],"version-history":[{"count":0,"href":"https:\/\/nexgendecors.com\/fr\/wp-json\/wp\/v2\/product\/160409\/revisions"}],"wp:featuredmedia":[{"embeddable":true,"href":"https:\/\/nexgendecors.com\/fr\/wp-json\/wp\/v2\/media\/160407"}],"wp:attachment":[{"href":"https:\/\/nexgendecors.com\/fr\/wp-json\/wp\/v2\/media?parent=160409"}],"wp:term":[{"taxonomy":"product_brand","embeddable":true,"href":"https:\/\/nexgendecors.com\/fr\/wp-json\/wp\/v2\/product_brand?post=160409"},{"taxonomy":"product_cat","embeddable":true,"href":"https:\/\/nexgendecors.com\/fr\/wp-json\/wp\/v2\/product_cat?post=160409"},{"taxonomy":"product_tag","embeddable":true,"href":"https:\/\/nexgendecors.com\/fr\/wp-json\/wp\/v2\/product_tag?post=160409"}],"curies":[{"name":"wp","href":"https:\/\/api.w.org\/{rel}","templated":true}]}}