{"id":160439,"date":"2025-02-11T08:31:43","date_gmt":"2025-02-11T08:31:43","guid":{"rendered":"https:\/\/nexgendecors.com\/en\/product\/terrazzo-spc-stone-plastic-stone-crystal-wall-panel-paint-free-renovation-bathroom-special-waterproof-fireproof-carbon-crystal-wall-panel\/"},"modified":"2025-04-15T10:59:15","modified_gmt":"2025-04-15T10:59:15","slug":"terrazzo-spc-stone-plastic-stone-crystal-wall-panel-paint-free-renovation-bathroom-special-waterproof-fireproof-carbon-crystal-wall-panel","status":"publish","type":"product","link":"https:\/\/nexgendecors.com\/fr\/product\/terrazzo-spc-stone-plastic-stone-crystal-wall-panel-paint-free-renovation-bathroom-special-waterproof-fireproof-carbon-crystal-wall-panel\/","title":{"rendered":"Panneaux muraux de salle de bain imperm\u00e9ables Terrazzo SPC"},"content":{"rendered":"<ul>\n<li><strong>marque<\/strong>:Meg<\/li>\n<li><strong>mod\u00e8le<\/strong>:Stone crystal plate<\/li>\n<li><strong>Origine<\/strong>:Chine continentale<\/li>\n<li><strong>province<\/strong>:Province du Jiangsu<\/li>\n<li><strong>Ville<\/strong>:Changzhou<\/li>\n<li><strong>Unit\u00e9 de mesure<\/strong>:cubic meter<\/li>\n<li><strong>Service en ville<\/strong>:Les acheteurs de la m\u00eame ville r\u00e9cup\u00e8rent les marchandises \u00e0 domicile<\/li>\n<li><strong>Niveau de protection de l&#039;environnement<\/strong>:E1<\/li>\n<li><strong>trier par couleur<\/strong>:Terrazzo series, matte solid color series, high gloss solid color series, cement gray series, marble series, wood series, cloth series, one sample book, three samples of your choice<\/li>\n<li><strong><\/strong>:<\/li>\n<\/ul>","protected":false},"excerpt":{"rendered":"<p>Marque : Meg Mod\u00e8le : Plaque de cristal de pierre Origine : Chine continentale Province : Province du Jiangsu Ville : Changzhou Unit\u00e9 de mesure : m\u00e8tre cube Service en ville : Les acheteurs de la m\u00eame ville choisissent<\/p>","protected":false},"featured_media":160438,"comment_status":"open","ping_status":"closed","template":"","meta":[],"product_brand":[],"product_cat":[30894,30892,30878,30985],"product_tag":[30891],"class_list":{"0":"post-160439","1":"product","2":"type-product","3":"status-publish","4":"has-post-thumbnail","6":"product_cat-bs-wall-panels","7":"product_cat-export","8":"product_cat-wall-panel","9":"product_cat-wall-panels","10":"product_tag-title-adjust","12":"first","13":"instock","14":"taxable","15":"shipping-taxable","16":"purchasable","17":"product-type-variable"},"_links":{"self":[{"href":"https:\/\/nexgendecors.com\/fr\/wp-json\/wp\/v2\/product\/160439","targetHints":{"allow":["GET"]}}],"collection":[{"href":"https:\/\/nexgendecors.com\/fr\/wp-json\/wp\/v2\/product"}],"about":[{"href":"https:\/\/nexgendecors.com\/fr\/wp-json\/wp\/v2\/types\/product"}],"replies":[{"embeddable":true,"href":"https:\/\/nexgendecors.com\/fr\/wp-json\/wp\/v2\/comments?post=160439"}],"version-history":[{"count":0,"href":"https:\/\/nexgendecors.com\/fr\/wp-json\/wp\/v2\/product\/160439\/revisions"}],"wp:featuredmedia":[{"embeddable":true,"href":"https:\/\/nexgendecors.com\/fr\/wp-json\/wp\/v2\/media\/160438"}],"wp:attachment":[{"href":"https:\/\/nexgendecors.com\/fr\/wp-json\/wp\/v2\/media?parent=160439"}],"wp:term":[{"taxonomy":"product_brand","embeddable":true,"href":"https:\/\/nexgendecors.com\/fr\/wp-json\/wp\/v2\/product_brand?post=160439"},{"taxonomy":"product_cat","embeddable":true,"href":"https:\/\/nexgendecors.com\/fr\/wp-json\/wp\/v2\/product_cat?post=160439"},{"taxonomy":"product_tag","embeddable":true,"href":"https:\/\/nexgendecors.com\/fr\/wp-json\/wp\/v2\/product_tag?post=160439"}],"curies":[{"name":"wp","href":"https:\/\/api.w.org\/{rel}","templated":true}]}}