{"id":160562,"date":"2025-02-11T08:37:34","date_gmt":"2025-02-11T08:37:34","guid":{"rendered":"https:\/\/nexgendecors.com\/en\/product\/800x2600-rock-board-desktop-board-dining-table-tv-cabinet-platform-bay-window-custom-super-thick-matte-rock-board\/"},"modified":"2025-04-15T10:59:15","modified_gmt":"2025-04-15T10:59:15","slug":"800x2600-rock-board-desktop-board-dining-table-tv-cabinet-platform-bay-window-custom-super-thick-matte-rock-board","status":"publish","type":"product","link":"https:\/\/nexgendecors.com\/fr\/product\/800x2600-rock-board-desktop-board-dining-table-tv-cabinet-platform-bay-window-custom-super-thick-matte-rock-board\/","title":{"rendered":"Table \u00e0 manger personnalis\u00e9e en panneau de roche mat super \u00e9pais"},"content":{"rendered":"<ul>\n<li><strong>marque<\/strong>:autre\/autre<\/li>\n<li><strong>mod\u00e8le<\/strong>:800&#215;2600 rock board<\/li>\n<li><strong>mod\u00e8le<\/strong>:Pierre d&#039;imitation<\/li>\n<li><strong>style<\/strong>:Simple et moderne<\/li>\n<li><strong>taille<\/strong>:autre<\/li>\n<li><strong>Espace applicable<\/strong>:Dining table panel<\/li>\n<li><strong>trier par couleur<\/strong>:Cold River Snow, Snow White, Oriental Snow, Carrara White, Ice Age, Fish Belly White, Hermes Gray, Ascot White, Glacier White, Armani Dark Gray, Jazz White, Cream Yellow, Pure Gray, Cream White, Lauren Black Gold, Pure Black, Volcano Red, Colton, Black and White Roots II, Fish Belly Gold, Saint Laurent, Munich Brown, Black Sandstone, Black and White Roots, Pure White, Sicily Gray, Vic Gray, Armani Gray<\/li>\n<li><strong>Service en ville<\/strong>:Les acheteurs de la m\u00eame ville r\u00e9cup\u00e8rent les marchandises \u00e0 domicile<\/li>\n<li><strong>Decoration space classification<\/strong>:Whole House<\/li>\n<li><strong>Unit\u00e9 de mesure<\/strong>:piece<\/li>\n<li><strong>Water absorption<\/strong>:0.5% and below<\/li>\n<li><strong>Envoyer des \u00e9chantillons ?<\/strong>:Les frais de d\u00e9coupe et d&#039;exp\u00e9dition des \u00e9chantillons sont \u00e0 votre charge<\/li>\n<\/ul>","protected":false},"excerpt":{"rendered":"<p>Marque : autre\/autre Mod\u00e8le : 800\u00d72600 Motif de panneau de roche : Imitation pierre Style : Simple et moderne Taille : Autre Espace applicable : Panneau de table \u00e0 manger Trier par couleur : Cold River Snow, Snow<\/p>","protected":false},"featured_media":160561,"comment_status":"open","ping_status":"closed","template":"","meta":[],"product_brand":[],"product_cat":[30892,30878,30985],"product_tag":[30891],"class_list":{"0":"post-160562","1":"product","2":"type-product","3":"status-publish","4":"has-post-thumbnail","6":"product_cat-export","7":"product_cat-wall-panel","8":"product_cat-wall-panels","9":"product_tag-title-adjust","11":"first","12":"instock","13":"taxable","14":"shipping-taxable","15":"purchasable","16":"product-type-variable"},"_links":{"self":[{"href":"https:\/\/nexgendecors.com\/fr\/wp-json\/wp\/v2\/product\/160562","targetHints":{"allow":["GET"]}}],"collection":[{"href":"https:\/\/nexgendecors.com\/fr\/wp-json\/wp\/v2\/product"}],"about":[{"href":"https:\/\/nexgendecors.com\/fr\/wp-json\/wp\/v2\/types\/product"}],"replies":[{"embeddable":true,"href":"https:\/\/nexgendecors.com\/fr\/wp-json\/wp\/v2\/comments?post=160562"}],"version-history":[{"count":0,"href":"https:\/\/nexgendecors.com\/fr\/wp-json\/wp\/v2\/product\/160562\/revisions"}],"wp:featuredmedia":[{"embeddable":true,"href":"https:\/\/nexgendecors.com\/fr\/wp-json\/wp\/v2\/media\/160561"}],"wp:attachment":[{"href":"https:\/\/nexgendecors.com\/fr\/wp-json\/wp\/v2\/media?parent=160562"}],"wp:term":[{"taxonomy":"product_brand","embeddable":true,"href":"https:\/\/nexgendecors.com\/fr\/wp-json\/wp\/v2\/product_brand?post=160562"},{"taxonomy":"product_cat","embeddable":true,"href":"https:\/\/nexgendecors.com\/fr\/wp-json\/wp\/v2\/product_cat?post=160562"},{"taxonomy":"product_tag","embeddable":true,"href":"https:\/\/nexgendecors.com\/fr\/wp-json\/wp\/v2\/product_tag?post=160562"}],"curies":[{"name":"wp","href":"https:\/\/api.w.org\/{rel}","templated":true}]}}