{"id":160595,"date":"2025-02-11T08:38:32","date_gmt":"2025-02-11T08:38:32","guid":{"rendered":"https:\/\/nexgendecors.com\/en\/product\/matte-rock-slab-living-room-tv-background-wall-plate-continuous-pattern-tile-film-and-television-wall-1200x2400-large-plate-light-luxury-style\/"},"modified":"2025-04-15T10:59:14","modified_gmt":"2025-04-15T10:59:14","slug":"matte-rock-slab-living-room-tv-background-wall-plate-continuous-pattern-tile-film-and-television-wall-1200x2400-large-plate-light-luxury-style","status":"publish","type":"product","link":"https:\/\/nexgendecors.com\/fr\/product\/matte-rock-slab-living-room-tv-background-wall-plate-continuous-pattern-tile-film-and-television-wall-1200x2400-large-plate-light-luxury-style\/","title":{"rendered":"Matte Rock Slab TV Wall Panel &#8211; Light Luxury Style"},"content":{"rendered":"<ul>\n<li><strong>style<\/strong>:Quiet, light luxury, light luxury style, simple and modern<\/li>\n<li><strong>\u00c9l\u00e9ments populaires<\/strong>:Motif de pierre<\/li>\n<li><strong>Envoyer des \u00e9chantillons ?<\/strong>:Les frais de d\u00e9coupe et d&#039;exp\u00e9dition des \u00e9chantillons sont \u00e0 votre charge<\/li>\n<li><strong>Texture<\/strong>:Pierre d&#039;imitation<\/li>\n<li><strong>Service en ville<\/strong>:Les acheteurs de la m\u00eame ville r\u00e9cup\u00e8rent les marchandises \u00e0 domicile<\/li>\n<li><strong>Espace applicable<\/strong>:salon<\/li>\n<li><strong>trier par couleur<\/strong>:Lauren Black Gold, Black Knight, Napoleon Black, Versace Black, Gucci Black, Net Pattern White, Nordic Fish Belly White, North American Black Walnut, South American Teak &#8211; Apricot Yellow, South American Teak &#8211; Dark Brown, Tasman Stone, Roman Travertine &#8211; White Cave, Roman Travertine &#8211; Yellow Cave, Morocco &#8211; Terrazzo, Extreme Gray &#8211; Terrazzo, Aston Gray &#8211; Terrazzo, London Fog, Harmanton Mist, Rabbit Gray, Xiaoshu Breeze, Yellow and White Tour, Rhyme &#8211; Desert, Rhyme &#8211; Milk Tea, Rhyme &#8211; Rose, Shallow Shoal Silver Pearl, Classic Bulgari, Italian Black Travertine, Italian Red Travertine, Impression Cement &#8211; Light Gray, Impression Cement &#8211; Medium Gray, Armani Gold, Australian Sandstone &#8211; Medium Gray, Australian Sandstone &#8211; Gray, Australian Sandstone &#8211; Apricot, Greek Gray, Ancient Road Gray, Italian Cloud Gray, Oriental White, Italian Platinum Flower, Armani Light Gray, Bulgarian Dark Gray, Sicily Gray, Bulgarian Light Gray, Fish Maw Gray, Indigo, Spike Flower, Bulgari White, Cloudy White, Milan White, New Cold River Snow, Italian Fish Maw White<\/li>\n<li><strong><\/strong>:<\/li>\n<\/ul>","protected":false},"excerpt":{"rendered":"<p>style:Quiet, light luxury, light luxury style, simple and modern Popular elements:Stone Pattern Send samples?:Sample cutting and shipping costs are at<\/p>","protected":false},"featured_media":160594,"comment_status":"open","ping_status":"closed","template":"","meta":[],"product_brand":[],"product_cat":[30892,30878,30985],"product_tag":[30891],"class_list":{"0":"post-160595","1":"product","2":"type-product","3":"status-publish","4":"has-post-thumbnail","6":"product_cat-export","7":"product_cat-wall-panel","8":"product_cat-wall-panels","9":"product_tag-title-adjust","11":"first","12":"instock","13":"taxable","14":"shipping-taxable","15":"purchasable","16":"product-type-variable"},"_links":{"self":[{"href":"https:\/\/nexgendecors.com\/fr\/wp-json\/wp\/v2\/product\/160595","targetHints":{"allow":["GET"]}}],"collection":[{"href":"https:\/\/nexgendecors.com\/fr\/wp-json\/wp\/v2\/product"}],"about":[{"href":"https:\/\/nexgendecors.com\/fr\/wp-json\/wp\/v2\/types\/product"}],"replies":[{"embeddable":true,"href":"https:\/\/nexgendecors.com\/fr\/wp-json\/wp\/v2\/comments?post=160595"}],"version-history":[{"count":0,"href":"https:\/\/nexgendecors.com\/fr\/wp-json\/wp\/v2\/product\/160595\/revisions"}],"wp:featuredmedia":[{"embeddable":true,"href":"https:\/\/nexgendecors.com\/fr\/wp-json\/wp\/v2\/media\/160594"}],"wp:attachment":[{"href":"https:\/\/nexgendecors.com\/fr\/wp-json\/wp\/v2\/media?parent=160595"}],"wp:term":[{"taxonomy":"product_brand","embeddable":true,"href":"https:\/\/nexgendecors.com\/fr\/wp-json\/wp\/v2\/product_brand?post=160595"},{"taxonomy":"product_cat","embeddable":true,"href":"https:\/\/nexgendecors.com\/fr\/wp-json\/wp\/v2\/product_cat?post=160595"},{"taxonomy":"product_tag","embeddable":true,"href":"https:\/\/nexgendecors.com\/fr\/wp-json\/wp\/v2\/product_tag?post=160595"}],"curies":[{"name":"wp","href":"https:\/\/api.w.org\/{rel}","templated":true}]}}