{"id":160785,"date":"2025-02-11T08:41:13","date_gmt":"2025-02-11T08:41:13","guid":{"rendered":"https:\/\/nexgendecors.com\/en\/product\/guangdong-non-slip-wear-resistant-living-room-floor-tiles-soft-light-rock-slab-marble-matte-brick-900x1800-continuous-pattern-large-plate-tile\/"},"modified":"2025-04-15T10:59:14","modified_gmt":"2025-04-15T10:59:14","slug":"guangdong-non-slip-wear-resistant-living-room-floor-tiles-soft-light-rock-slab-marble-matte-brick-900x1800-continuous-pattern-large-plate-tile","status":"publish","type":"product","link":"https:\/\/nexgendecors.com\/fr\/product\/guangdong-non-slip-wear-resistant-living-room-floor-tiles-soft-light-rock-slab-marble-matte-brick-900x1800-continuous-pattern-large-plate-tile\/","title":{"rendered":"Grands carreaux de sol antid\u00e9rapants en marbre mat du Guangdong"},"content":{"rendered":"<ul>\n<li><strong>style<\/strong>:Simple et moderne<\/li>\n<li><strong>Espace applicable<\/strong>:Indoor floor tiles<\/li>\n<li><strong>trier par couleur<\/strong>:White, ginger yellow, bright yellow, yellow, gray, light gray, dark gray, brown, transparent, color, camel, cloud gray, Greek gray, Hermes gray, Armani gold, cold river moon shadow, Kari ice jade, snow mountain white, Pakka gray, Pakka light gray, royal white jade, Hetian jade, Shaanna, fish belly gray, Italian 45 degree gray, Shangh\u00e4nna, Omega gray, Odifen blue, Italian white, Venice brown, Greek gray 2, Italian cloud gray, carved fish belly gold, Yugoslav white, new carved fish belly gold, Normandy gray, North Extreme Ice White, Cold River Snow, Prada Gray, Shakespeare Gray, Stanford Apricot Gray, Safir Topaz, Stanford Light Gray, Grass Light Gray, Grass Apricot Gray, Italian Cloud Gray 2, Ancient Roman Gray, Fendi Gray, Barlotte Gray, Apollo Silver Gray, Cold River Snow 2, Blue Sands, Carmona Yellow, Armani Beige Gray, Armani Gray, Carmen Gray, Tech Wood Light Yellow, Tech Wood Beige Yellow, Blue Sands 2, White Sands, Oscar Medium Gray, Sofia Beige, Cloud Dora Gray, Magnolia, Versailles Gray, Lombardy Beige Gray, Micro Cement Cream Yellow<\/li>\n<li><strong>Service en ville<\/strong>:Les acheteurs de la m\u00eame ville r\u00e9cup\u00e8rent les marchandises \u00e0 domicile<\/li>\n<li><strong>Decoration space classification<\/strong>:Bathroom, bedroom, living room, background wall<\/li>\n<li><strong>Unit\u00e9 de mesure<\/strong>:piece<\/li>\n<li><strong>Water absorption<\/strong>:0.5% and below<\/li>\n<li><strong>Envoyer des \u00e9chantillons ?<\/strong>:Les frais de d\u00e9coupe et d&#039;exp\u00e9dition des \u00e9chantillons sont \u00e0 votre charge<\/li>\n<\/ul>","protected":false},"excerpt":{"rendered":"<p>style : simple et moderne Espace applicable : carreaux de sol int\u00e9rieurs trier par couleur : blanc, jaune gingembre, jaune vif, jaune, gris, gris clair, gris fonc\u00e9,<\/p>","protected":false},"featured_media":160784,"comment_status":"open","ping_status":"closed","template":"","meta":[],"product_brand":[],"product_cat":[30892,30878,30985],"product_tag":[30891],"class_list":{"0":"post-160785","1":"product","2":"type-product","3":"status-publish","4":"has-post-thumbnail","6":"product_cat-export","7":"product_cat-wall-panel","8":"product_cat-wall-panels","9":"product_tag-title-adjust","11":"first","12":"instock","13":"taxable","14":"shipping-taxable","15":"purchasable","16":"product-type-variable"},"_links":{"self":[{"href":"https:\/\/nexgendecors.com\/fr\/wp-json\/wp\/v2\/product\/160785","targetHints":{"allow":["GET"]}}],"collection":[{"href":"https:\/\/nexgendecors.com\/fr\/wp-json\/wp\/v2\/product"}],"about":[{"href":"https:\/\/nexgendecors.com\/fr\/wp-json\/wp\/v2\/types\/product"}],"replies":[{"embeddable":true,"href":"https:\/\/nexgendecors.com\/fr\/wp-json\/wp\/v2\/comments?post=160785"}],"version-history":[{"count":0,"href":"https:\/\/nexgendecors.com\/fr\/wp-json\/wp\/v2\/product\/160785\/revisions"}],"wp:featuredmedia":[{"embeddable":true,"href":"https:\/\/nexgendecors.com\/fr\/wp-json\/wp\/v2\/media\/160784"}],"wp:attachment":[{"href":"https:\/\/nexgendecors.com\/fr\/wp-json\/wp\/v2\/media?parent=160785"}],"wp:term":[{"taxonomy":"product_brand","embeddable":true,"href":"https:\/\/nexgendecors.com\/fr\/wp-json\/wp\/v2\/product_brand?post=160785"},{"taxonomy":"product_cat","embeddable":true,"href":"https:\/\/nexgendecors.com\/fr\/wp-json\/wp\/v2\/product_cat?post=160785"},{"taxonomy":"product_tag","embeddable":true,"href":"https:\/\/nexgendecors.com\/fr\/wp-json\/wp\/v2\/product_tag?post=160785"}],"curies":[{"name":"wp","href":"https:\/\/api.w.org\/{rel}","templated":true}]}}