{"id":161024,"date":"2025-02-11T08:43:08","date_gmt":"2025-02-11T08:43:08","guid":{"rendered":"https:\/\/nexgendecors.com\/en\/product\/new-natural-stone-marble-slab-living-room-tv-sofa-background-wall-1200x2400-large-slab-tile-modern\/"},"modified":"2025-04-15T10:59:13","modified_gmt":"2025-04-15T10:59:13","slug":"new-natural-stone-marble-slab-living-room-tv-sofa-background-wall-1200x2400-large-slab-tile-modern","status":"publish","type":"product","link":"https:\/\/nexgendecors.com\/fr\/product\/new-natural-stone-marble-slab-living-room-tv-sofa-background-wall-1200x2400-large-slab-tile-modern\/","title":{"rendered":"Plaque de marbre moderne pour le mur de t\u00e9l\u00e9vision du salon 1200\u00d72400"},"content":{"rendered":"<ul>\n<li><strong>style<\/strong>:Simple et moderne<\/li>\n<li><strong>\u00c9l\u00e9ments populaires<\/strong>:Motif de pierre<\/li>\n<li><strong>Envoyer des \u00e9chantillons ?<\/strong>:Les frais de d\u00e9coupe et d&#039;exp\u00e9dition des \u00e9chantillons sont \u00e0 votre charge<\/li>\n<li><strong>Texture<\/strong>:Pierre d&#039;imitation<\/li>\n<li><strong>Service en ville<\/strong>:Les acheteurs de la m\u00eame ville r\u00e9cup\u00e8rent les marchandises \u00e0 domicile<\/li>\n<li><strong>Espace applicable<\/strong>:salon<\/li>\n<li><strong>trier par couleur<\/strong>:Zeus White, Jiashi White, Karami White, Italian Fendi White, Emerald White, Villalba Red, Classic Bulgari, Cold River Snow, Panda Green, New Fish Belly Gray, Camus White, Cypros Pandora, Butterfly Love Flower Pandora, Pupest White Jade, Pupest Brown Jade, Pupest Gray Jade, Pupest Black Jade, Glacier Crystal, Misty Jiangnan, Scottish Brown Gray, Golden Mountains, Victoria Gold, New Greek Gray, Smoked Green, French Gold, Bolivian Blue &#8230; Via Black, Jingya Gray Brown, Gucci Black, Ankara Black Gold, Black Gold Jade, Cosmic Black, Sardinia Rice White Hole, Sardinia Yellow Hole, Sardinia Light Silver Gray Hole, Sardinia Deep Silver Gray Hole, Sardinia Green Hole, Sardinia Blue Hole, Sardinia Red Hole, Sardinia Black Hole, Gold Silk White Jade, Cameo, Pakistani Topaz, White Ice Jade, Chanel Green Jade, Chanel Blue Jade, Chanel Black Jade, Dream Jade Pearl, Dream Jade Hazelnut, Dream Jade Chocolate, New Normandy Gray, Crystal Amazon Green<\/li>\n<li><strong><\/strong>:<\/li>\n<\/ul>","protected":false},"excerpt":{"rendered":"<p>Style:Simple et moderne \u00c9l\u00e9ments populaires:Motif en pierre Envoyer des \u00e9chantillons:La d\u00e9coupe des \u00e9chantillons et les frais d'exp\u00e9dition sont \u00e0 votre charge Texture:Imitation pierre En ville<\/p>","protected":false},"featured_media":161022,"comment_status":"open","ping_status":"closed","template":"","meta":[],"product_brand":[],"product_cat":[30892,30878,30985],"product_tag":[30891],"class_list":{"0":"post-161024","1":"product","2":"type-product","3":"status-publish","4":"has-post-thumbnail","6":"product_cat-export","7":"product_cat-wall-panel","8":"product_cat-wall-panels","9":"product_tag-title-adjust","11":"first","12":"instock","13":"taxable","14":"shipping-taxable","15":"purchasable","16":"product-type-variable"},"_links":{"self":[{"href":"https:\/\/nexgendecors.com\/fr\/wp-json\/wp\/v2\/product\/161024","targetHints":{"allow":["GET"]}}],"collection":[{"href":"https:\/\/nexgendecors.com\/fr\/wp-json\/wp\/v2\/product"}],"about":[{"href":"https:\/\/nexgendecors.com\/fr\/wp-json\/wp\/v2\/types\/product"}],"replies":[{"embeddable":true,"href":"https:\/\/nexgendecors.com\/fr\/wp-json\/wp\/v2\/comments?post=161024"}],"version-history":[{"count":0,"href":"https:\/\/nexgendecors.com\/fr\/wp-json\/wp\/v2\/product\/161024\/revisions"}],"wp:featuredmedia":[{"embeddable":true,"href":"https:\/\/nexgendecors.com\/fr\/wp-json\/wp\/v2\/media\/161022"}],"wp:attachment":[{"href":"https:\/\/nexgendecors.com\/fr\/wp-json\/wp\/v2\/media?parent=161024"}],"wp:term":[{"taxonomy":"product_brand","embeddable":true,"href":"https:\/\/nexgendecors.com\/fr\/wp-json\/wp\/v2\/product_brand?post=161024"},{"taxonomy":"product_cat","embeddable":true,"href":"https:\/\/nexgendecors.com\/fr\/wp-json\/wp\/v2\/product_cat?post=161024"},{"taxonomy":"product_tag","embeddable":true,"href":"https:\/\/nexgendecors.com\/fr\/wp-json\/wp\/v2\/product_tag?post=161024"}],"curies":[{"name":"wp","href":"https:\/\/api.w.org\/{rel}","templated":true}]}}