{"id":16104,"date":"2025-01-13T06:53:53","date_gmt":"2025-01-13T06:53:53","guid":{"rendered":"https:\/\/nexgendecors.com\/product\/new-wood-grain-toilet-stone-grain-toilet-ceramic-creative-personality-colorful-egg-shaped-toilet-water-saving-large-diameter-ceramic\/"},"modified":"2025-04-06T07:39:25","modified_gmt":"2025-04-06T07:39:25","slug":"toilettes-en-bois-massif-toilettes-en-pierre-toilettes-creatives-en-ceramique-toilettes-colorees-en-forme-doeuf-economie-deau-grand-diametre-en-ceramique","status":"publish","type":"product","link":"https:\/\/nexgendecors.com\/fr\/product\/toilettes-en-bois-massif-toilettes-en-pierre-toilettes-creatives-en-ceramique-toilettes-colorees-en-forme-doeuf-economie-deau-grand-diametre-en-ceramique\/","title":{"rendered":"Toilettes en c\u00e9ramique color\u00e9es en forme d&#039;\u0153uf \u00e0 \u00e9conomie d&#039;eau"},"content":{"rendered":"<ul>\n<li>\n<strong>marque<\/strong>:autre\/autre<\/li>\n<li>\n<strong>mod\u00e8le<\/strong>:8055<\/li>\n<li>\n<strong>Mat\u00e9riel<\/strong>:c\u00e9ramique<\/li>\n<li>\n<strong>Installation<\/strong>:Point de rep\u00e8re<\/li>\n<li>\n<strong>trier par couleur<\/strong>:Grain de bois noir mat, grain de pierre noir dor\u00e9 brillant<\/li>\n<li>\n<strong>Distance minimale des stands<\/strong>:305 mm, 400 mm, autre<\/li>\n<li>\n<strong>Porteur<\/strong>:70 kg et plus<\/li>\n<li>\n<strong>Type de toilettes<\/strong>:Une pi\u00e8ce<\/li>\n<li>\n<strong>M\u00e9thode de chasse d&#039;eau des toilettes<\/strong>:Super vortex<\/li>\n<li>\n<strong>M\u00e9thode de drainage<\/strong>:Drainage du sol<\/li>\n<li>\n<strong>Volume de chasse d&#039;eau des toilettes<\/strong>:4,8 L<\/li>\n<li>\n<strong>Type de bouton de chasse d&#039;eau<\/strong>:Appui lat\u00e9ral en une \u00e9tape<\/li>\n<li>\n<strong>La couverture est-elle tamponn\u00e9e ?<\/strong>:Oui<\/li>\n<li>\n<strong>Niveau d&#039;efficacit\u00e9 de l&#039;eau<\/strong>:Niveau 1<\/li>\n<\/ul>\n<p><img><\/p>","protected":false},"excerpt":{"rendered":"<p>Marque : autre\/autre Mod\u00e8le : 8055 Mat\u00e9riau : c\u00e9ramique Installation : Landmark Trier par couleur : grain de bois noir mat, grain de pierre noir dor\u00e9 brillant Distance minimale de la fosse : 305 mm, 400 mm, autre Charge portante : 70 kg et<\/p>","protected":false},"featured_media":16749,"comment_status":"open","ping_status":"closed","template":"","meta":[],"product_brand":[],"product_cat":[30971,353],"product_tag":[],"class_list":{"0":"post-16104","1":"product","2":"type-product","3":"status-publish","4":"has-post-thumbnail","6":"product_cat-hp","7":"product_cat-wholesale-toilet","9":"first","10":"instock","11":"taxable","12":"shipping-taxable","13":"purchasable","14":"product-type-variable"},"_links":{"self":[{"href":"https:\/\/nexgendecors.com\/fr\/wp-json\/wp\/v2\/product\/16104","targetHints":{"allow":["GET"]}}],"collection":[{"href":"https:\/\/nexgendecors.com\/fr\/wp-json\/wp\/v2\/product"}],"about":[{"href":"https:\/\/nexgendecors.com\/fr\/wp-json\/wp\/v2\/types\/product"}],"replies":[{"embeddable":true,"href":"https:\/\/nexgendecors.com\/fr\/wp-json\/wp\/v2\/comments?post=16104"}],"version-history":[{"count":0,"href":"https:\/\/nexgendecors.com\/fr\/wp-json\/wp\/v2\/product\/16104\/revisions"}],"wp:featuredmedia":[{"embeddable":true,"href":"https:\/\/nexgendecors.com\/fr\/wp-json\/wp\/v2\/media\/16749"}],"wp:attachment":[{"href":"https:\/\/nexgendecors.com\/fr\/wp-json\/wp\/v2\/media?parent=16104"}],"wp:term":[{"taxonomy":"product_brand","embeddable":true,"href":"https:\/\/nexgendecors.com\/fr\/wp-json\/wp\/v2\/product_brand?post=16104"},{"taxonomy":"product_cat","embeddable":true,"href":"https:\/\/nexgendecors.com\/fr\/wp-json\/wp\/v2\/product_cat?post=16104"},{"taxonomy":"product_tag","embeddable":true,"href":"https:\/\/nexgendecors.com\/fr\/wp-json\/wp\/v2\/product_tag?post=16104"}],"curies":[{"name":"wp","href":"https:\/\/api.w.org\/{rel}","templated":true}]}}