{"id":161341,"date":"2025-02-11T08:45:58","date_gmt":"2025-02-11T08:45:58","guid":{"rendered":"https:\/\/nexgendecors.com\/en\/product\/new-chinese-style-rock-slab-tv-sofa-living-room-background-wall-800x3000-porch-large-slab-marble-slab-new-style\/"},"modified":"2025-04-15T10:59:13","modified_gmt":"2025-04-15T10:59:13","slug":"new-chinese-style-rock-slab-tv-sofa-living-room-background-wall-800x3000-porch-large-slab-marble-slab-new-style","status":"publish","type":"product","link":"https:\/\/nexgendecors.com\/fr\/product\/new-chinese-style-rock-slab-tv-sofa-living-room-background-wall-800x3000-porch-large-slab-marble-slab-new-style\/","title":{"rendered":"Conception murale de canap\u00e9 TV en dalle de marbre chinois moderne"},"content":{"rendered":"<ul>\n<li><strong>Espace applicable<\/strong>:Interior Wall<\/li>\n<li><strong>trier par couleur<\/strong>:Shangri-La Pandora, Qiancheng Mobai, Corolla White, Cornucopia, Italian Cloud Gray, Pure White, Silver Pine White Snow, Italian Platinum Flower, New Cold River Snow, New Greek Gray, Wyndham Gray, Venice Brown, Ster Sapphire, Shiyun-Dark Brown, Shiyun-Dark Gray, Shiyun-Light Gray, Prada Green, New Pandora, Turquoise Jade, Carrara Gold, Turquoise Jade Brown Jade, Royal Fish Belly White, Turquoise Jade White Jade, Black Warrior, Oriental Charm, Hetian Jade, Shaanna, White Magnolia, Carved Fish Belly Gold, Glacier White, Snow White Topaz, Snow White, Alpine White, White Ice Jade, Yashi White<\/li>\n<li><strong>Decoration space classification<\/strong>:salon<\/li>\n<li><strong>Unit\u00e9 de mesure<\/strong>:piece<\/li>\n<li><strong>Envoyer des \u00e9chantillons ?<\/strong>:Les frais de d\u00e9coupe et d&#039;exp\u00e9dition des \u00e9chantillons sont \u00e0 votre charge<\/li>\n<li><strong><\/strong>:<\/li>\n<\/ul>","protected":false},"excerpt":{"rendered":"<p>Applicable space:Interior Wall sort by color:Shangri-La Pandora, Qiancheng Mobai, Corolla White, Cornucopia, Italian Cloud Gray, Pure White, Silver Pine White<\/p>","protected":false},"featured_media":161340,"comment_status":"open","ping_status":"closed","template":"","meta":[],"product_brand":[],"product_cat":[30892,30878,30985],"product_tag":[30891],"class_list":{"0":"post-161341","1":"product","2":"type-product","3":"status-publish","4":"has-post-thumbnail","6":"product_cat-export","7":"product_cat-wall-panel","8":"product_cat-wall-panels","9":"product_tag-title-adjust","11":"first","12":"instock","13":"taxable","14":"shipping-taxable","15":"purchasable","16":"product-type-variable"},"_links":{"self":[{"href":"https:\/\/nexgendecors.com\/fr\/wp-json\/wp\/v2\/product\/161341","targetHints":{"allow":["GET"]}}],"collection":[{"href":"https:\/\/nexgendecors.com\/fr\/wp-json\/wp\/v2\/product"}],"about":[{"href":"https:\/\/nexgendecors.com\/fr\/wp-json\/wp\/v2\/types\/product"}],"replies":[{"embeddable":true,"href":"https:\/\/nexgendecors.com\/fr\/wp-json\/wp\/v2\/comments?post=161341"}],"version-history":[{"count":0,"href":"https:\/\/nexgendecors.com\/fr\/wp-json\/wp\/v2\/product\/161341\/revisions"}],"wp:featuredmedia":[{"embeddable":true,"href":"https:\/\/nexgendecors.com\/fr\/wp-json\/wp\/v2\/media\/161340"}],"wp:attachment":[{"href":"https:\/\/nexgendecors.com\/fr\/wp-json\/wp\/v2\/media?parent=161341"}],"wp:term":[{"taxonomy":"product_brand","embeddable":true,"href":"https:\/\/nexgendecors.com\/fr\/wp-json\/wp\/v2\/product_brand?post=161341"},{"taxonomy":"product_cat","embeddable":true,"href":"https:\/\/nexgendecors.com\/fr\/wp-json\/wp\/v2\/product_cat?post=161341"},{"taxonomy":"product_tag","embeddable":true,"href":"https:\/\/nexgendecors.com\/fr\/wp-json\/wp\/v2\/product_tag?post=161341"}],"curies":[{"name":"wp","href":"https:\/\/api.w.org\/{rel}","templated":true}]}}