{"id":161391,"date":"2025-02-11T08:46:37","date_gmt":"2025-02-11T08:46:37","guid":{"rendered":"https:\/\/nexgendecors.com\/en\/product\/foshan-large-tile-full-body-marble-tile-living-room-floor-tile-marble-rock-slab-900x1800-jade-luxury-stone\/"},"modified":"2025-04-15T10:59:12","modified_gmt":"2025-04-15T10:59:12","slug":"foshan-grand-carrelage-en-marbre-pleine-masse-carrelage-de-sol-de-salon-dalle-de-roche-en-marbre-900x1800-pierre-de-luxe-jade","status":"publish","type":"product","link":"https:\/\/nexgendecors.com\/fr\/product\/foshan-grand-carrelage-en-marbre-pleine-masse-carrelage-de-sol-de-salon-dalle-de-roche-en-marbre-900x1800-pierre-de-luxe-jade\/","title":{"rendered":"Carrelage en marbre pleine masse de luxe Foshan 900\u00d71800"},"content":{"rendered":"<ul>\n<li><strong>style<\/strong>:Simple et moderne<\/li>\n<li><strong>\u00c9l\u00e9ments populaires<\/strong>:Motif de pierre<\/li>\n<li><strong>Espace applicable<\/strong>:salon<\/li>\n<li><strong>trier par couleur<\/strong>:Gris, Argent, Noir, Gris ros\u00e9 p\u00e2le, Rouge, Or, Orange, Jaune, Abricot, Cyan, Bordeaux, Marron, Chameau, Couleur, Transparent, Blanc laiteux, Vert, Blanc cr\u00e8me, Gris clair, Gris fonc\u00e9, Orange, Rose rouge, Rouge past\u00e8que, Rose, Rouge vin, Kaki, Jaune citron, Jaune gingembre, Champagne, Jaune vif, Jaune clair, Jaune fluo, Vert arm\u00e9e, Vert \u00e9meraude, Vert fonc\u00e9, Vert fluo, Vert clair, Bleu ciel, Bleu marine, Bleu paon, Bleu lac, Bleu royal, Bleu clair, Bleu marine, Violet clair, Violet fonc\u00e9, Fuchsia, Violet, couleur caf\u00e9, couleur chocolat, marron fonc\u00e9, marron clair, couleur kaki fonc\u00e9, blanc, bleu, violet, vert Amazon, jade bleu, vert Prada, agate nuage fantaisie, jade bleu jade vert, vert Baobali, jade bleu jade rose, jade gris, magnolia blanc, beige romain, bois galaxie grain, sable d&#039;or blanc, jade blanc fantaisie, topaze nuage de bon augure, or et jade, bleu Bulgari, or ventre de poisson, blanc Yougoslavie, glace Nari, renard argent\u00e9 des montagnes enneig\u00e9es, vue sur la mer, caf\u00e9 Bergman, caf\u00e9 Helen, saphir, gris fonc\u00e9 autrichien, gris clair autrichien, bleu montagne enneig\u00e9e, jade froid, gris 45 degr\u00e9s, caf\u00e9 Pakka, gris Pakka, gris clair Pakka, blanc Warner, gris Luna, gris Emma Four, sables bleus, or Armani, noir Bordeaux, caf\u00e9 Bordeaux, noir Versace, noir Andy, noir Napol\u00e9on, or noir Lauren, racines noires et blanches, fleur d&#039;or noir, brun Opian, gris Opian, topaze lune fantaisie, jade gris lune fantaisie, Ultraman, Shayana, travertin beige, Louis XIX, vert Amazone Top, noir Des, gris Bugatti, vert Patricia, cristal Pandora, ombre de lune Hanjiang, vert alpin, bleu royal, gris nuage italien, gris Omega, gris nuage Dora, bleu Belle, jade noir lune fantaisie, gris Normandie, blanc soie dor\u00e9, Karava Qiaohei, Shanghagena, Gris Wyndham, Racine noir et blanc, Noir fossile, Noir lune fantaisie, Noir Gucci, Blanc italien, Or Armani, Saphir sterling, Gris ventre de poisson, Vert \u00e9meraude Shangri-La, Pandora sp\u00e9cial, Pandora, Qingshan Yuandai, Brun Venise, Gris nuage Normandie, Pandora Shangri-La, Vert Amazone neuf, Or ventre de poisson italien, Blanc Tianshan, Nouveau Bulgari, Or Venise, Bulgari, Nouveau Brun Venise, Fleur de platine italienne, El Hailan, Gris grec, Cardina, Or ventre de poisson sculpt\u00e9, Or ventre de poisson neuf, Blanc glace arctique, Gris Helena, Blanc montagne enneig\u00e9e, Rose Su Shang, Noir<\/li>\n<li><strong>Service en ville<\/strong>:Les acheteurs de la m\u00eame ville r\u00e9cup\u00e8rent les marchandises \u00e0 domicile<\/li>\n<li><strong>Texture<\/strong>:Pierre d&#039;imitation<\/li>\n<li><strong>taille<\/strong>:900x1800mm<\/li>\n<li><strong>Unit\u00e9 de mesure<\/strong>:1-3\u33a1<\/li>\n<li><strong>Envoyer des \u00e9chantillons ?<\/strong>:Les frais de d\u00e9coupe et d&#039;exp\u00e9dition des \u00e9chantillons sont \u00e0 votre charge<\/li>\n<li><strong><\/strong>:<\/li>\n<\/ul>","protected":false},"excerpt":{"rendered":"<p>Style : simple et moderne \u00c9l\u00e9ments populaires : motif pierre Espace applicable : salon Trier par couleur : gris, argent, noir, gris ros\u00e9 p\u00e2le, rouge, or, orange, jaune, abricot, cyan, marron, marron, camel, couleur, transparent, blanc laiteux, vert, blanc cr\u00e8me, gris clair, gris fonc\u00e9, orange, rose rouge, rouge past\u00e8que, rose, vin<\/p>","protected":false},"featured_media":161389,"comment_status":"open","ping_status":"closed","template":"","meta":[],"product_brand":[],"product_cat":[30894,30892,30878,30985],"product_tag":[30891],"class_list":{"0":"post-161391","1":"product","2":"type-product","3":"status-publish","4":"has-post-thumbnail","6":"product_cat-bs-wall-panels","7":"product_cat-export","8":"product_cat-wall-panel","9":"product_cat-wall-panels","10":"product_tag-title-adjust","12":"first","13":"instock","14":"taxable","15":"shipping-taxable","16":"purchasable","17":"product-type-variable"},"_links":{"self":[{"href":"https:\/\/nexgendecors.com\/fr\/wp-json\/wp\/v2\/product\/161391","targetHints":{"allow":["GET"]}}],"collection":[{"href":"https:\/\/nexgendecors.com\/fr\/wp-json\/wp\/v2\/product"}],"about":[{"href":"https:\/\/nexgendecors.com\/fr\/wp-json\/wp\/v2\/types\/product"}],"replies":[{"embeddable":true,"href":"https:\/\/nexgendecors.com\/fr\/wp-json\/wp\/v2\/comments?post=161391"}],"version-history":[{"count":0,"href":"https:\/\/nexgendecors.com\/fr\/wp-json\/wp\/v2\/product\/161391\/revisions"}],"wp:featuredmedia":[{"embeddable":true,"href":"https:\/\/nexgendecors.com\/fr\/wp-json\/wp\/v2\/media\/161389"}],"wp:attachment":[{"href":"https:\/\/nexgendecors.com\/fr\/wp-json\/wp\/v2\/media?parent=161391"}],"wp:term":[{"taxonomy":"product_brand","embeddable":true,"href":"https:\/\/nexgendecors.com\/fr\/wp-json\/wp\/v2\/product_brand?post=161391"},{"taxonomy":"product_cat","embeddable":true,"href":"https:\/\/nexgendecors.com\/fr\/wp-json\/wp\/v2\/product_cat?post=161391"},{"taxonomy":"product_tag","embeddable":true,"href":"https:\/\/nexgendecors.com\/fr\/wp-json\/wp\/v2\/product_tag?post=161391"}],"curies":[{"name":"wp","href":"https:\/\/api.w.org\/{rel}","templated":true}]}}