{"id":161691,"date":"2025-02-11T08:49:46","date_gmt":"2025-02-11T08:49:46","guid":{"rendered":"https:\/\/nexgendecors.com\/en\/product\/marble-luxury-stone-original-jade-rock-slab-tv-background-wall-villa-hotel-1000x3000-large-slab-stone\/"},"modified":"2025-04-15T10:59:12","modified_gmt":"2025-04-15T10:59:12","slug":"marble-luxury-stone-original-jade-rock-slab-tv-background-wall-villa-hotel-1000x3000-large-slab-stone","status":"publish","type":"product","link":"https:\/\/nexgendecors.com\/fr\/product\/marble-luxury-stone-original-jade-rock-slab-tv-background-wall-villa-hotel-1000x3000-large-slab-stone\/","title":{"rendered":"Dalle de roche de jade de luxe pour des arri\u00e8re-plans TV \u00e9l\u00e9gants"},"content":{"rendered":"<ul>\n<li><strong>taille<\/strong>:1000x3000mm<\/li>\n<li><strong>style<\/strong>:Simple et moderne<\/li>\n<li><strong>\u00c9l\u00e9ments populaires<\/strong>:Motif de pierre<\/li>\n<li><strong>Origine<\/strong>:Chine continentale<\/li>\n<li><strong>Envoyer des \u00e9chantillons ?<\/strong>:Les frais de d\u00e9coupe et d&#039;exp\u00e9dition des \u00e9chantillons sont \u00e0 votre charge<\/li>\n<li><strong>Decoration space classification<\/strong>:Background wall<\/li>\n<li><strong>Unit\u00e9 de mesure<\/strong>:1-3\u33a1<\/li>\n<li><strong>Is it a set meal?<\/strong>:Non<\/li>\n<li><strong>Texture<\/strong>:Pierre d&#039;imitation<\/li>\n<li><strong>Service en ville<\/strong>:Les acheteurs de la m\u00eame ville r\u00e9cup\u00e8rent les marchandises \u00e0 domicile<\/li>\n<li><strong>Espace applicable<\/strong>:salon<\/li>\n<li><strong>Le service d&#039;installation est-il fourni ?<\/strong>:Non<\/li>\n<li><strong>trier par couleur<\/strong>:Lotus color, transparent, off-white, color, silver, dark gray, red, blue, gray, light gray, milky white, white, Foxiao, Victoria, fish belly gold, Hainabaichuan, Hermes gray, Armani dark gray, Pandora, fish belly white, Hetian jade, Sofitel gold, Cary ice jade, glacier white jade, glacier white, Bihai Galan, Greek gray, Bulgari white, snow mountain blue, carved fish belly gold, Venice brown deep, Tianshan white, Cartier, crystal Pandora, cloud ice jade, mutton fat jade , Linglong Jade, Prada Green, Aire Sea Blue, Sapphire, Blue Jade, Venetian Brown, Versace Black, Beige Travertine, Sterling Jade, Wyndham Gray, Black and White Roots, Century White Magnolia, Amber Brown Jade, Amber Blue Jade, Amber Black Jade, Cas Gray, Carlos White, Warner White, Jazz White, Lancome White, Florence Gray, Golden Years, Venetian Gray, Eurasian White, Calacatta Gold, Bamboo Leaf Brocade, Bulgari, White Magnolia, Snow Mountain Silver Fox, Green Pine Black Jade, Green Pine Blue Jade, Green Pine Jade<\/li>\n<li><strong><\/strong>:<\/li>\n<\/ul>","protected":false},"excerpt":{"rendered":"<p>size:1000x3000mm style:Simple and modern Popular elements:Stone Pattern Origin:Chinese mainland Send samples?:Sample cutting and shipping costs are at your own expense<\/p>","protected":false},"featured_media":161690,"comment_status":"open","ping_status":"closed","template":"","meta":[],"product_brand":[],"product_cat":[30892,30878,30985],"product_tag":[30891],"class_list":{"0":"post-161691","1":"product","2":"type-product","3":"status-publish","4":"has-post-thumbnail","6":"product_cat-export","7":"product_cat-wall-panel","8":"product_cat-wall-panels","9":"product_tag-title-adjust","11":"first","12":"instock","13":"taxable","14":"shipping-taxable","15":"purchasable","16":"product-type-variable"},"_links":{"self":[{"href":"https:\/\/nexgendecors.com\/fr\/wp-json\/wp\/v2\/product\/161691","targetHints":{"allow":["GET"]}}],"collection":[{"href":"https:\/\/nexgendecors.com\/fr\/wp-json\/wp\/v2\/product"}],"about":[{"href":"https:\/\/nexgendecors.com\/fr\/wp-json\/wp\/v2\/types\/product"}],"replies":[{"embeddable":true,"href":"https:\/\/nexgendecors.com\/fr\/wp-json\/wp\/v2\/comments?post=161691"}],"version-history":[{"count":0,"href":"https:\/\/nexgendecors.com\/fr\/wp-json\/wp\/v2\/product\/161691\/revisions"}],"wp:featuredmedia":[{"embeddable":true,"href":"https:\/\/nexgendecors.com\/fr\/wp-json\/wp\/v2\/media\/161690"}],"wp:attachment":[{"href":"https:\/\/nexgendecors.com\/fr\/wp-json\/wp\/v2\/media?parent=161691"}],"wp:term":[{"taxonomy":"product_brand","embeddable":true,"href":"https:\/\/nexgendecors.com\/fr\/wp-json\/wp\/v2\/product_brand?post=161691"},{"taxonomy":"product_cat","embeddable":true,"href":"https:\/\/nexgendecors.com\/fr\/wp-json\/wp\/v2\/product_cat?post=161691"},{"taxonomy":"product_tag","embeddable":true,"href":"https:\/\/nexgendecors.com\/fr\/wp-json\/wp\/v2\/product_tag?post=161691"}],"curies":[{"name":"wp","href":"https:\/\/api.w.org\/{rel}","templated":true}]}}