{"id":16197,"date":"2025-01-13T06:53:58","date_gmt":"2025-01-13T06:53:58","guid":{"rendered":"https:\/\/nexgendecors.com\/product\/household-egg-shaped-toilet-color-toilet-siphon-ceramic-deodorant-personality-creative-silent-large-flush-toilet\/"},"modified":"2025-04-06T07:39:35","modified_gmt":"2025-04-06T07:39:35","slug":"household-egg-shaped-toilet-color-toilet-siphon-ceramic-deodorant-personality-creative-silent-large-flush-toilet","status":"publish","type":"product","link":"https:\/\/nexgendecors.com\/fr\/product\/household-egg-shaped-toilet-color-toilet-siphon-ceramic-deodorant-personality-creative-silent-large-flush-toilet\/","title":{"rendered":"Toilettes en c\u00e9ramique en forme d&#039;\u0153uf \u00e0 chasse d&#039;eau silencieuse avec d\u00e9odorant"},"content":{"rendered":"<ul>\n<li>\n<strong>marque<\/strong>:Shikalu<\/li>\n<li>\n<strong>mod\u00e8le<\/strong>:DK<\/li>\n<li>\n<strong>Distance minimale des stands<\/strong>:400mm,300mm,350mm<\/li>\n<li>\n<strong>Niveau d&#039;efficacit\u00e9 de l&#039;eau<\/strong>:Niveau 1<\/li>\n<li>\n<strong>province<\/strong>:Province du Guangdong<\/li>\n<li>\n<strong>ville<\/strong>:Ville de Chaozhou<\/li>\n<li>\n<strong>Service en ville<\/strong>:Livraison porte-\u00e0-porte logistique intra-urbaine<\/li>\n<li>\n<strong>Volume de chasse d&#039;eau des toilettes<\/strong>:4.0L-6.0L<\/li>\n<li>\n<strong>Type de bouton de chasse d&#039;eau<\/strong>:Appui lat\u00e9ral en une \u00e9tape<\/li>\n<li>\n<strong>Origine<\/strong>:Chine continentale<\/li>\n<li>\n<strong>La couverture est-elle tamponn\u00e9e ?<\/strong>:Oui<\/li>\n<li>\n<strong>Type de toilettes<\/strong>:Une pi\u00e8ce<\/li>\n<li>\n<strong>Mat\u00e9riel<\/strong>:c\u00e9ramique<\/li>\n<li>\n<strong>M\u00e9thode de chasse d&#039;eau des toilettes<\/strong>:Type de siphon \u00e0 jet<\/li>\n<li>\n<strong>M\u00e9thode de drainage<\/strong>:Drainage du sol<\/li>\n<li>\n<strong>Porteur<\/strong>:70 kg et plus<\/li>\n<li>\n<strong>Installation<\/strong>:Point de rep\u00e8re<\/li>\n<li>\n<strong>trier par couleur<\/strong>:Egg-shaped toilet &#8211; glossy gray, egg-shaped toilet &#8211; glossy gray &#8211; gold edge, egg-shaped toilet &#8211; glossy black, egg-shaped toilet &#8211; glossy black &#8211; gold edge, egg-shaped toilet &#8211; white, egg-shaped toilet &#8211; white &#8211; gold edge, egg-shaped toilet &#8211; sapphire blue, egg-shaped toilet &#8211; sapphire blue &#8211; gold edge, egg-shaped toilet &#8211; emerald green, egg-shaped toilet &#8211; emerald green &#8211; gold edge, whale-shaped toilet &#8211; white, egg-shaped toilet &#8211; princess pink, egg-shaped toilet &#8211; vibrant orange, egg-shaped toilet &#8211; light blue, egg-shaped toilet &#8211; lemon yellow, egg-shaped toilet &#8211; light green, egg-shaped toilet &#8211; white light green cover, egg-shaped toilet &#8211; white gray cover, egg-shaped toilet &#8211; white black cover, egg-shaped toilet &#8211; white orange cover, egg-shaped toilet &#8211; white powder cover, egg-shaped toilet &#8211; white light blue cover, egg-shaped toilet &#8211; white khaki cover<\/li>\n<\/ul>","protected":false},"excerpt":{"rendered":"<p>Marque : Shikalu Mod\u00e8le : DK Distance minimale de la fosse : 400 mm, 300 mm, 350 mm Niveau d&#039;efficacit\u00e9 de l&#039;eau : Niveau 1 Province : Province du Guangdong Ville : Ville de Chaozhou Service en ville : Logistique intra-urbaine Livraison porte-\u00e0-porte Chasse d&#039;eau des toilettes<\/p>","protected":false},"featured_media":16784,"comment_status":"open","ping_status":"closed","template":"","meta":[],"product_brand":[],"product_cat":[30971,353],"product_tag":[],"class_list":{"0":"post-16197","1":"product","2":"type-product","3":"status-publish","4":"has-post-thumbnail","6":"product_cat-hp","7":"product_cat-wholesale-toilet","9":"first","10":"instock","11":"taxable","12":"shipping-taxable","13":"purchasable","14":"product-type-variable"},"_links":{"self":[{"href":"https:\/\/nexgendecors.com\/fr\/wp-json\/wp\/v2\/product\/16197","targetHints":{"allow":["GET"]}}],"collection":[{"href":"https:\/\/nexgendecors.com\/fr\/wp-json\/wp\/v2\/product"}],"about":[{"href":"https:\/\/nexgendecors.com\/fr\/wp-json\/wp\/v2\/types\/product"}],"replies":[{"embeddable":true,"href":"https:\/\/nexgendecors.com\/fr\/wp-json\/wp\/v2\/comments?post=16197"}],"version-history":[{"count":0,"href":"https:\/\/nexgendecors.com\/fr\/wp-json\/wp\/v2\/product\/16197\/revisions"}],"wp:featuredmedia":[{"embeddable":true,"href":"https:\/\/nexgendecors.com\/fr\/wp-json\/wp\/v2\/media\/16784"}],"wp:attachment":[{"href":"https:\/\/nexgendecors.com\/fr\/wp-json\/wp\/v2\/media?parent=16197"}],"wp:term":[{"taxonomy":"product_brand","embeddable":true,"href":"https:\/\/nexgendecors.com\/fr\/wp-json\/wp\/v2\/product_brand?post=16197"},{"taxonomy":"product_cat","embeddable":true,"href":"https:\/\/nexgendecors.com\/fr\/wp-json\/wp\/v2\/product_cat?post=16197"},{"taxonomy":"product_tag","embeddable":true,"href":"https:\/\/nexgendecors.com\/fr\/wp-json\/wp\/v2\/product_tag?post=16197"}],"curies":[{"name":"wp","href":"https:\/\/api.w.org\/{rel}","templated":true}]}}