{"id":162065,"date":"2025-02-11T09:30:53","date_gmt":"2025-02-11T09:30:53","guid":{"rendered":"https:\/\/nexgendecors.com\/en\/product\/pu-nine-square-cement-component-brick-net-red-hollow-brick-lightweight-partition-wall-hollow-decoration-porous-art-construction-partition\/"},"modified":"2025-04-06T09:57:02","modified_gmt":"2025-04-06T09:57:02","slug":"pu-nine-square-cement-component-brick-net-red-hollow-brick-lightweight-partition-wall-hollow-decoration-porous-art-construction-partition","status":"publish","type":"product","link":"https:\/\/nexgendecors.com\/fr\/product\/pu-nine-square-cement-component-brick-net-red-hollow-brick-lightweight-partition-wall-hollow-decoration-porous-art-construction-partition\/","title":{"rendered":"Lightweight Nine-Square Hollow Brick for Stylish Walls"},"content":{"rendered":"<ul>\n<li><strong>Width of each piece mm<\/strong>:600<\/li>\n<li><strong>marque<\/strong>:Nine-grid<\/li>\n<li><strong>mod\u00e8le<\/strong>:PU round<\/li>\n<li><strong>style<\/strong>:Simple et moderne<\/li>\n<li><strong>Envoyer des \u00e9chantillons ?<\/strong>:Les frais de d\u00e9coupe et d&#039;exp\u00e9dition des \u00e9chantillons sont \u00e0 votre charge<\/li>\n<li><strong>Unit\u00e9 de mesure<\/strong>:1\u33a1<\/li>\n<li><strong>Length of each piece mm<\/strong>:1200<\/li>\n<li><strong>Special Purpose<\/strong>:Fire prevention<\/li>\n<li><strong>Texture<\/strong>:Couleur unie<\/li>\n<li><strong>Espace applicable<\/strong>:External Wall<\/li>\n<li><strong>Service en ville<\/strong>:Livraison porte-\u00e0-porte logistique intra-urbaine<\/li>\n<li><strong>Origine<\/strong>:Chine continentale<\/li>\n<li><strong>Decoration space classification<\/strong>:Background wall, bedroom, garden, sun room, balcony, living room<\/li>\n<li><strong>Water absorption<\/strong>:0.5% or more<\/li>\n<li><strong>taille<\/strong>:200*200mm one grid sample, 200*600mm three grid samples, 600*600mm*30 single-sided\/against the wall, 1200*600*30 mm single-sided\/against the wall, 1200*600*60mm double-sided\/partition, 600*600*60mm double-sided\/partition, 600*600*40 single-sided\/against the wall, 1200*600*40 single-sided\/against the wall, 600*600*80 double-sided\/partition, 1200*600*80 double-sided\/partition, 1200*600*20 mm single-sided\/background wall, 600*600*20mm single-sided\/background wall<\/li>\n<li><strong>trier par couleur<\/strong>:Round &#8211; Light Cement Gray, Round &#8211; Rammed Earth Yellow, Round &#8211; Deep Black, Round &#8211; Chinese Red, Round &#8211; Dark Gray, Round &#8211; White Marble, Round &#8211; Cement Gray, Round &#8211; Snow Mountain White, Round &#8211; Roman Black, Round &#8211; Brick Red, Round &#8211; Blue, Round &#8211; Green, PU Solid Private Chat Customer Service to Select Color, PU Oblique Hole Private Chat Customer Service to Select Color, PU Triumph Brick Private Chat Customer Service to Select Color, PU Hui Shape Private Chat Customer Service to Select Color, PU Chord Component Private Chat Customer Service to Select Color, PU Large Square Private Chat Customer Service to Select Color, PU Rectangle Private Chat Customer Service to Select Color<\/li>\n<\/ul>","protected":false},"excerpt":{"rendered":"<p>Width of each piece mm:600 brand:Nine-grid model:PU round style:Simple and modern Send samples?:Sample cutting and shipping costs are at your<\/p>","protected":false},"featured_media":162064,"comment_status":"open","ping_status":"closed","template":"","meta":[],"product_brand":[],"product_cat":[30892,30878],"product_tag":[30891],"class_list":{"0":"post-162065","1":"product","2":"type-product","3":"status-publish","4":"has-post-thumbnail","6":"product_cat-export","7":"product_cat-wall-panel","8":"product_tag-title-adjust","10":"first","11":"instock","12":"taxable","13":"shipping-taxable","14":"purchasable","15":"product-type-variable"},"_links":{"self":[{"href":"https:\/\/nexgendecors.com\/fr\/wp-json\/wp\/v2\/product\/162065","targetHints":{"allow":["GET"]}}],"collection":[{"href":"https:\/\/nexgendecors.com\/fr\/wp-json\/wp\/v2\/product"}],"about":[{"href":"https:\/\/nexgendecors.com\/fr\/wp-json\/wp\/v2\/types\/product"}],"replies":[{"embeddable":true,"href":"https:\/\/nexgendecors.com\/fr\/wp-json\/wp\/v2\/comments?post=162065"}],"version-history":[{"count":0,"href":"https:\/\/nexgendecors.com\/fr\/wp-json\/wp\/v2\/product\/162065\/revisions"}],"wp:featuredmedia":[{"embeddable":true,"href":"https:\/\/nexgendecors.com\/fr\/wp-json\/wp\/v2\/media\/162064"}],"wp:attachment":[{"href":"https:\/\/nexgendecors.com\/fr\/wp-json\/wp\/v2\/media?parent=162065"}],"wp:term":[{"taxonomy":"product_brand","embeddable":true,"href":"https:\/\/nexgendecors.com\/fr\/wp-json\/wp\/v2\/product_brand?post=162065"},{"taxonomy":"product_cat","embeddable":true,"href":"https:\/\/nexgendecors.com\/fr\/wp-json\/wp\/v2\/product_cat?post=162065"},{"taxonomy":"product_tag","embeddable":true,"href":"https:\/\/nexgendecors.com\/fr\/wp-json\/wp\/v2\/product_tag?post=162065"}],"curies":[{"name":"wp","href":"https:\/\/api.w.org\/{rel}","templated":true}]}}