{"id":162190,"date":"2025-02-11T09:31:30","date_gmt":"2025-02-11T09:31:30","guid":{"rendered":"https:\/\/nexgendecors.com\/en\/product\/pu-star-and-moon-stone-skin-lightweight-cultural-stone-background-wall-panel-dacite-rough-surface-granite-board-ultra-thin-flexible-stone\/"},"modified":"2025-04-15T10:59:11","modified_gmt":"2025-04-15T10:59:11","slug":"pu-star-and-moon-stone-skin-lightweight-cultural-stone-background-wall-panel-dacite-rough-surface-granite-board-ultra-thin-flexible-stone","status":"publish","type":"product","link":"https:\/\/nexgendecors.com\/fr\/product\/pu-star-and-moon-stone-skin-lightweight-cultural-stone-background-wall-panel-dacite-rough-surface-granite-board-ultra-thin-flexible-stone\/","title":{"rendered":"Panneau de granit ultra-fin en PU Star Moon Stone Skin"},"content":{"rendered":"<ul>\n<li><strong>marque<\/strong>:Nine-grid<\/li>\n<li><strong>mod\u00e8le<\/strong>:pu star moon stone<\/li>\n<li><strong>style<\/strong>:Simple et moderne<\/li>\n<li><strong>Origine<\/strong>:Chine continentale<\/li>\n<li><strong>Envoyer des \u00e9chantillons ?<\/strong>:Free sample cutting, freight is at your own expense<\/li>\n<li><strong>Unit\u00e9 de mesure<\/strong>:1\u33a1<\/li>\n<li><strong>Water absorption<\/strong>:0.5% or more<\/li>\n<li><strong>taille<\/strong>:1200*600 0.72 square per piece, 200*200 Consult customer service for free samples<\/li>\n<li><strong>Texture<\/strong>:Pierre d&#039;imitation<\/li>\n<li><strong>Espace applicable<\/strong>:Internal and external walls<\/li>\n<li><strong>trier par couleur<\/strong>:pu star moon stone &#8211; snow mountain white, pu star moon stone &#8211; white marble, pu star moon stone &#8211; Rhine yellow, pu star moon stone &#8211; light cement gray, pu star moon stone &#8211; dark gray, pu star moon stone &#8211; 3A cement gray, pu star moon stone &#8211; Roman black, pu star moon stone &#8211; deep black, pu star moon stone &#8211; Chinese red, pu star moon stone &#8211; rammed earth yellow, pu star moon stone &#8211; brick red, pu star moon stone &#8211; green<\/li>\n<li><strong><\/strong>:<\/li>\n<\/ul>","protected":false},"excerpt":{"rendered":"<p>Marque : Neuf grilles Mod\u00e8le : Pu \u00e9toile pierre de lune Style : Simple et moderne Origine : Chine continentale Envoyer des \u00e9chantillons ? : D\u00e9coupe d&#039;\u00e9chantillon gratuite, le fret est \u00e0 vos frais<\/p>","protected":false},"featured_media":162189,"comment_status":"open","ping_status":"closed","template":"","meta":[],"product_brand":[],"product_cat":[30892,30878,30985],"product_tag":[30891],"class_list":{"0":"post-162190","1":"product","2":"type-product","3":"status-publish","4":"has-post-thumbnail","6":"product_cat-export","7":"product_cat-wall-panel","8":"product_cat-wall-panels","9":"product_tag-title-adjust","11":"first","12":"instock","13":"taxable","14":"shipping-taxable","15":"purchasable","16":"product-type-variable"},"_links":{"self":[{"href":"https:\/\/nexgendecors.com\/fr\/wp-json\/wp\/v2\/product\/162190","targetHints":{"allow":["GET"]}}],"collection":[{"href":"https:\/\/nexgendecors.com\/fr\/wp-json\/wp\/v2\/product"}],"about":[{"href":"https:\/\/nexgendecors.com\/fr\/wp-json\/wp\/v2\/types\/product"}],"replies":[{"embeddable":true,"href":"https:\/\/nexgendecors.com\/fr\/wp-json\/wp\/v2\/comments?post=162190"}],"version-history":[{"count":0,"href":"https:\/\/nexgendecors.com\/fr\/wp-json\/wp\/v2\/product\/162190\/revisions"}],"wp:featuredmedia":[{"embeddable":true,"href":"https:\/\/nexgendecors.com\/fr\/wp-json\/wp\/v2\/media\/162189"}],"wp:attachment":[{"href":"https:\/\/nexgendecors.com\/fr\/wp-json\/wp\/v2\/media?parent=162190"}],"wp:term":[{"taxonomy":"product_brand","embeddable":true,"href":"https:\/\/nexgendecors.com\/fr\/wp-json\/wp\/v2\/product_brand?post=162190"},{"taxonomy":"product_cat","embeddable":true,"href":"https:\/\/nexgendecors.com\/fr\/wp-json\/wp\/v2\/product_cat?post=162190"},{"taxonomy":"product_tag","embeddable":true,"href":"https:\/\/nexgendecors.com\/fr\/wp-json\/wp\/v2\/product_tag?post=162190"}],"curies":[{"name":"wp","href":"https:\/\/api.w.org\/{rel}","templated":true}]}}