{"id":162236,"date":"2025-02-11T09:32:16","date_gmt":"2025-02-11T09:32:16","guid":{"rendered":"https:\/\/nexgendecors.com\/en\/product\/bendable-flexible-stone-soft-stone-cave-stone-skin-rammed-earth-board-star-and-moon-stone-cultural-stone-indoor-soft-tile-veneer-panel\/"},"modified":"2025-04-15T10:59:11","modified_gmt":"2025-04-15T10:59:11","slug":"bendable-flexible-stone-soft-stone-cave-stone-skin-rammed-earth-board-star-and-moon-stone-cultural-stone-indoor-soft-tile-veneer-panel","status":"publish","type":"product","link":"https:\/\/nexgendecors.com\/fr\/product\/bendable-flexible-stone-soft-stone-cave-stone-skin-rammed-earth-board-star-and-moon-stone-cultural-stone-indoor-soft-tile-veneer-panel\/","title":{"rendered":"Panneau de placage en pierre tendre flexible \u2013 \u00c9l\u00e9gance int\u00e9rieure"},"content":{"rendered":"<ul>\n<li><strong>Width of each piece mm<\/strong>:600<\/li>\n<li><strong>marque<\/strong>:New Stone World<\/li>\n<li><strong>mod\u00e8le<\/strong>:Soft Travertine<\/li>\n<li><strong>style<\/strong>:Simple et moderne<\/li>\n<li><strong>Envoyer des \u00e9chantillons ?<\/strong>:D\u00e9coupe d&#039;\u00e9chantillon gratuite, livraison gratuite<\/li>\n<li><strong>Unit\u00e9 de mesure<\/strong>:1\u33a1<\/li>\n<li><strong>Length of each piece mm<\/strong>:1200<\/li>\n<li><strong>Special Purpose<\/strong>:Moisture-proof<\/li>\n<li><strong>Texture<\/strong>:Pierre d&#039;imitation<\/li>\n<li><strong>Espace applicable<\/strong>:External Wall<\/li>\n<li><strong>Origine<\/strong>:Chine continentale<\/li>\n<li><strong>Decoration space classification<\/strong>:Bathroom, foyer, chess room, background wall, bedroom, restaurant, garden, sun room, whole house, balcony, living room<\/li>\n<li><strong>Water absorption<\/strong>:0.5% or more<\/li>\n<li><strong>taille<\/strong>:600*3000 [1 piece price], consult customer service for free samples 200*200 small sample, 600*1200 small board 0.72 square, 1200*3000 1 piece price<\/li>\n<li><strong>trier par couleur<\/strong>:Sample 200*200mm [Consult customer service and note the style], soft porcelain &#8211; milky white, soft porcelain &#8211; light gray, soft porcelain &#8211; high-grade gray, soft porcelain &#8211; beige, soft porcelain gold travertine, soft porcelain &#8211; brick red, soft porcelain Roman white, 3D printing &#8211; Roman beige, 3D printing &#8211; gilded gold, 3D printing &#8211; Yunshan white, 3D printing &#8211; cloud gray, 3D printing &#8211; jazz gray, 3D printing &#8211; agate yellow, 3D printing &#8211; line painting brown, 3D printing &#8211; line painting red<\/li>\n<li><strong><\/strong>:<\/li>\n<\/ul>","protected":false},"excerpt":{"rendered":"<p>Largeur de chaque pi\u00e8ce mm : 600 marque : New Stone World mod\u00e8le : Soft Travertine style : Simple et moderne Envoyer des \u00e9chantillons ? : D\u00e9coupe d&#039;\u00e9chantillon gratuite, livraison gratuite Unit\u00e9<\/p>","protected":false},"featured_media":162235,"comment_status":"open","ping_status":"closed","template":"","meta":[],"product_brand":[],"product_cat":[30894,30892,30878,30985],"product_tag":[30891],"class_list":{"0":"post-162236","1":"product","2":"type-product","3":"status-publish","4":"has-post-thumbnail","6":"product_cat-bs-wall-panels","7":"product_cat-export","8":"product_cat-wall-panel","9":"product_cat-wall-panels","10":"product_tag-title-adjust","12":"first","13":"instock","14":"taxable","15":"shipping-taxable","16":"purchasable","17":"product-type-variable"},"_links":{"self":[{"href":"https:\/\/nexgendecors.com\/fr\/wp-json\/wp\/v2\/product\/162236","targetHints":{"allow":["GET"]}}],"collection":[{"href":"https:\/\/nexgendecors.com\/fr\/wp-json\/wp\/v2\/product"}],"about":[{"href":"https:\/\/nexgendecors.com\/fr\/wp-json\/wp\/v2\/types\/product"}],"replies":[{"embeddable":true,"href":"https:\/\/nexgendecors.com\/fr\/wp-json\/wp\/v2\/comments?post=162236"}],"version-history":[{"count":0,"href":"https:\/\/nexgendecors.com\/fr\/wp-json\/wp\/v2\/product\/162236\/revisions"}],"wp:featuredmedia":[{"embeddable":true,"href":"https:\/\/nexgendecors.com\/fr\/wp-json\/wp\/v2\/media\/162235"}],"wp:attachment":[{"href":"https:\/\/nexgendecors.com\/fr\/wp-json\/wp\/v2\/media?parent=162236"}],"wp:term":[{"taxonomy":"product_brand","embeddable":true,"href":"https:\/\/nexgendecors.com\/fr\/wp-json\/wp\/v2\/product_brand?post=162236"},{"taxonomy":"product_cat","embeddable":true,"href":"https:\/\/nexgendecors.com\/fr\/wp-json\/wp\/v2\/product_cat?post=162236"},{"taxonomy":"product_tag","embeddable":true,"href":"https:\/\/nexgendecors.com\/fr\/wp-json\/wp\/v2\/product_tag?post=162236"}],"curies":[{"name":"wp","href":"https:\/\/api.w.org\/{rel}","templated":true}]}}