{"id":162301,"date":"2025-02-11T09:32:56","date_gmt":"2025-02-11T09:32:56","guid":{"rendered":"https:\/\/nexgendecors.com\/en\/product\/pu-cracked-stone-turtle-pattern-stone-simulated-stone-cultural-stone-skin-background-wall-castle-stone-mushroom-stone-fortress-stone-exterior-wall-brick\/"},"modified":"2025-04-15T10:59:11","modified_gmt":"2025-04-15T10:59:11","slug":"pu-cracked-stone-turtle-pattern-stone-simulated-stone-cultural-stone-skin-background-wall-castle-stone-mushroom-stone-fortress-stone-exterior-wall-brick","status":"publish","type":"product","link":"https:\/\/nexgendecors.com\/fr\/product\/pu-cracked-stone-turtle-pattern-stone-simulated-stone-cultural-stone-skin-background-wall-castle-stone-mushroom-stone-fortress-stone-exterior-wall-brick\/","title":{"rendered":"D\u00e9coration murale culturelle \u00e0 motif de tortue en pierre craquel\u00e9e"},"content":{"rendered":"<ul>\n<li><strong>marque<\/strong>:autre\/autre<\/li>\n<li><strong>Origine<\/strong>:Chine continentale<\/li>\n<li><strong>Envoyer des \u00e9chantillons ?<\/strong>:D\u00e9coupe d&#039;\u00e9chantillon gratuite, livraison gratuite<\/li>\n<li><strong>Unit\u00e9 de mesure<\/strong>:1\u33a1<\/li>\n<li><strong>Decoration space classification<\/strong>:Background wall<\/li>\n<li><strong>taille<\/strong>:200*200 free sample upon consultation with customer service, 1200*600 0.72 square per piece<\/li>\n<li><strong>trier par couleur<\/strong>:PU cracked stone &#8211; dark gray, PU cracked stone &#8211; light cement gray, PU cracked stone &#8211; 3A cement gray, PU cracked stone &#8211; dark black, PU cracked stone &#8211; white marble, PU cracked stone &#8211; snow mountain white, PU cracked stone &#8211; Rhine yellow, PU cracked stone &#8211; mysterious black, PU cracked stone &#8211; future gray, PU cracked stone &#8211; dream red, PU cracked stone &#8211; ideal yellow<\/li>\n<li><strong><\/strong>:<\/li>\n<\/ul>","protected":false},"excerpt":{"rendered":"<p>Marque : autre\/autre Origine : Chine continentale Envoyer des \u00e9chantillons ? : D\u00e9coupe d&#039;\u00e9chantillon gratuite, livraison gratuite Unit\u00e9 de mesure : 1\u33a1 Classification de l&#039;espace de d\u00e9coration : Taille du mur de fond : 200*200 \u00e9chantillon gratuit sur<\/p>","protected":false},"featured_media":162300,"comment_status":"open","ping_status":"closed","template":"","meta":[],"product_brand":[],"product_cat":[30892,30878,30985],"product_tag":[30891],"class_list":{"0":"post-162301","1":"product","2":"type-product","3":"status-publish","4":"has-post-thumbnail","6":"product_cat-export","7":"product_cat-wall-panel","8":"product_cat-wall-panels","9":"product_tag-title-adjust","11":"first","12":"instock","13":"taxable","14":"shipping-taxable","15":"purchasable","16":"product-type-variable"},"_links":{"self":[{"href":"https:\/\/nexgendecors.com\/fr\/wp-json\/wp\/v2\/product\/162301","targetHints":{"allow":["GET"]}}],"collection":[{"href":"https:\/\/nexgendecors.com\/fr\/wp-json\/wp\/v2\/product"}],"about":[{"href":"https:\/\/nexgendecors.com\/fr\/wp-json\/wp\/v2\/types\/product"}],"replies":[{"embeddable":true,"href":"https:\/\/nexgendecors.com\/fr\/wp-json\/wp\/v2\/comments?post=162301"}],"version-history":[{"count":0,"href":"https:\/\/nexgendecors.com\/fr\/wp-json\/wp\/v2\/product\/162301\/revisions"}],"wp:featuredmedia":[{"embeddable":true,"href":"https:\/\/nexgendecors.com\/fr\/wp-json\/wp\/v2\/media\/162300"}],"wp:attachment":[{"href":"https:\/\/nexgendecors.com\/fr\/wp-json\/wp\/v2\/media?parent=162301"}],"wp:term":[{"taxonomy":"product_brand","embeddable":true,"href":"https:\/\/nexgendecors.com\/fr\/wp-json\/wp\/v2\/product_brand?post=162301"},{"taxonomy":"product_cat","embeddable":true,"href":"https:\/\/nexgendecors.com\/fr\/wp-json\/wp\/v2\/product_cat?post=162301"},{"taxonomy":"product_tag","embeddable":true,"href":"https:\/\/nexgendecors.com\/fr\/wp-json\/wp\/v2\/product_tag?post=162301"}],"curies":[{"name":"wp","href":"https:\/\/api.w.org\/{rel}","templated":true}]}}