{"id":162777,"date":"2025-02-11T09:37:31","date_gmt":"2025-02-11T09:37:31","guid":{"rendered":"https:\/\/nexgendecors.com\/en\/product\/soft-porcelain-rammed-earth-board-exterior-wall-decorative-board-background-wall-ultra-thin-flexible-imitation-stone-flexible-stone-bendable-decorative-board\/"},"modified":"2025-04-15T10:59:09","modified_gmt":"2025-04-15T10:59:09","slug":"soft-porcelain-rammed-earth-board-exterior-wall-decorative-board-background-wall-ultra-thin-flexible-imitation-stone-flexible-stone-bendable-decorative-board","status":"publish","type":"product","link":"https:\/\/nexgendecors.com\/fr\/product\/soft-porcelain-rammed-earth-board-exterior-wall-decorative-board-background-wall-ultra-thin-flexible-imitation-stone-flexible-stone-bendable-decorative-board\/","title":{"rendered":"Panneau mural d\u00e9coratif en pierre flexible en porcelaine tendre"},"content":{"rendered":"<ul>\n<li><strong>Width of each piece mm<\/strong>:600<\/li>\n<li><strong>marque<\/strong>:New Stone World<\/li>\n<li><strong>mod\u00e8le<\/strong>:Soft porcelain rammed earth board<\/li>\n<li><strong>style<\/strong>:Simple et moderne<\/li>\n<li><strong>Origine<\/strong>:Chine continentale<\/li>\n<li><strong>Envoyer des \u00e9chantillons ?<\/strong>:Sample cutting at own expense, free shipping<\/li>\n<li><strong>Unit\u00e9 de mesure<\/strong>:1\u33a1<\/li>\n<li><strong>Water absorption<\/strong>:0.5% or more<\/li>\n<li><strong>taille<\/strong>:200*200 Consult customer service for free sample, whole sheet price 1200*600 one sheet 0.72 square, one square price 600*2400 , one sheet price 1200*2440<\/li>\n<li><strong>Length of each piece mm<\/strong>:1200<\/li>\n<li><strong>Texture<\/strong>:Pierre d&#039;imitation<\/li>\n<li><strong>Espace applicable<\/strong>:External Wall<\/li>\n<li><strong>trier par couleur<\/strong>:Soft porcelain rammed earth board &#8211; Danxia red, soft porcelain rammed earth board &#8211; cement gray, soft porcelain rammed earth board &#8211; earth yellow, soft porcelain rammed earth board &#8211; light cement gray, soft porcelain rammed earth board &#8211; dark gray, soft porcelain rammed earth board &#8211; white, soft porcelain rammed earth board &#8211; yellow, soft porcelain rammed earth board &#8211; orange yellow<\/li>\n<li><strong><\/strong>:<\/li>\n<\/ul>","protected":false},"excerpt":{"rendered":"<p>Largeur de chaque pi\u00e8ce mm : 600 marque : New Stone World mod\u00e8le : panneau en terre cuite de porcelaine tendre style : simple et moderne origine : Chine continentale Envoyer des \u00e9chantillons ? : \u00c9chantillon<\/p>","protected":false},"featured_media":162776,"comment_status":"open","ping_status":"closed","template":"","meta":[],"product_brand":[],"product_cat":[30894,30892,30878,30985],"product_tag":[30891],"class_list":{"0":"post-162777","1":"product","2":"type-product","3":"status-publish","4":"has-post-thumbnail","6":"product_cat-bs-wall-panels","7":"product_cat-export","8":"product_cat-wall-panel","9":"product_cat-wall-panels","10":"product_tag-title-adjust","12":"first","13":"outofstock","14":"taxable","15":"shipping-taxable","16":"product-type-variable"},"_links":{"self":[{"href":"https:\/\/nexgendecors.com\/fr\/wp-json\/wp\/v2\/product\/162777","targetHints":{"allow":["GET"]}}],"collection":[{"href":"https:\/\/nexgendecors.com\/fr\/wp-json\/wp\/v2\/product"}],"about":[{"href":"https:\/\/nexgendecors.com\/fr\/wp-json\/wp\/v2\/types\/product"}],"replies":[{"embeddable":true,"href":"https:\/\/nexgendecors.com\/fr\/wp-json\/wp\/v2\/comments?post=162777"}],"version-history":[{"count":0,"href":"https:\/\/nexgendecors.com\/fr\/wp-json\/wp\/v2\/product\/162777\/revisions"}],"wp:featuredmedia":[{"embeddable":true,"href":"https:\/\/nexgendecors.com\/fr\/wp-json\/wp\/v2\/media\/162776"}],"wp:attachment":[{"href":"https:\/\/nexgendecors.com\/fr\/wp-json\/wp\/v2\/media?parent=162777"}],"wp:term":[{"taxonomy":"product_brand","embeddable":true,"href":"https:\/\/nexgendecors.com\/fr\/wp-json\/wp\/v2\/product_brand?post=162777"},{"taxonomy":"product_cat","embeddable":true,"href":"https:\/\/nexgendecors.com\/fr\/wp-json\/wp\/v2\/product_cat?post=162777"},{"taxonomy":"product_tag","embeddable":true,"href":"https:\/\/nexgendecors.com\/fr\/wp-json\/wp\/v2\/product_tag?post=162777"}],"curies":[{"name":"wp","href":"https:\/\/api.w.org\/{rel}","templated":true}]}}